{"id":682,"date":"2019-11-13T09:06:56","date_gmt":"2019-11-13T09:06:56","guid":{"rendered":"https:\/\/nfc.njaka.org\/?page_id=682"},"modified":"2021-04-14T10:17:58","modified_gmt":"2021-04-14T10:17:58","slug":"corporate-governance","status":"publish","type":"page","link":"https:\/\/nfcbank.com\/fr\/about-us\/corporate-governance\/","title":{"rendered":"Gouvernance d'entreprise"},"content":{"rendered":"<h3>Gouvernance d'entreprise<\/h3>\n<p>Le mod\u00e8le de gouvernance d'entreprise de la NFC Bank est fond\u00e9 sur un leadership ax\u00e9 sur le service et le respect des valeurs fondamentales de la Banque. La NFC Bank a mis en place des structures de gouvernance saines et conformes aux meilleures pratiques, en particulier au niveau ex\u00e9cutif ou op\u00e9rationnel.<\/p>\n<p><img decoding=\"async\" src=\"https:\/\/nfcbank.com\/wp-content\/uploads\/2019\/11\/structure.jpg\" alt=\"Icon Image\"><\/p>\n<h4>Structure organisationnelle<\/h4>\n<p>The bank is managed by the General Manager who is supported by a team of seasoned managers with varying professional backgrounds.<\/p>\n<p><a href=\"https:\/\/nfcbank.com\/fr\/about-us\/corporate-governance\/organisational-structure\/\"><br \/>\n<\/a><br \/>\n<img decoding=\"async\" src=\"https:\/\/nfcbank.com\/wp-content\/uploads\/2019\/11\/corporate-values.jpg\" alt=\"Icon Image\"><\/p>\n<h4>Valeurs d'entreprise<\/h4>\n<p>The NFC Core Values include (T.R.I.M.S) Transparency, Resilience, Innovation, Modesty, and Stewardship:<\/p>\n<p><a href=\"https:\/\/nfcbank.com\/fr\/about-us\/corporate-governance\/corporate-values\/\"><br \/>\n<\/a><br \/>\n<img decoding=\"async\" src=\"https:\/\/nfcbank.com\/wp-content\/uploads\/2019\/11\/compliance.jpg\" alt=\"Icon Image\"><\/p>\n<h4>Conformit\u00e9<\/h4>\n<p>Compliance is a key factor in Business today. Hence, NFC Bank ensures that its business is carried out in full compliance with regulatory requirements, good governance and high level of integrity.<\/p>\n<p><a href=\"https:\/\/nfcbank.com\/fr\/about-us\/corporate-governance\/compliance\/\"><br \/>\n<\/a><br \/>\n<img decoding=\"async\" src=\"https:\/\/nfcbank.com\/wp-content\/uploads\/2019\/11\/audit.jpg\" alt=\"Icon Image\"><\/p>\n<h4>Syst\u00e8me d'audit interne<\/h4>\n<p>NFC Bank has a structured internal Audit System which provides independent assurance that the bank\u2019s risk management, governance and internal control processes are operating effectively.<\/p>\n<p><a href=\"https:\/\/nfcbank.com\/fr\/about-us\/corporate-governance\/internal-audit-system\/\"><br \/>\n<\/a><br \/>\n<img decoding=\"async\" src=\"https:\/\/nfcbank.com\/wp-content\/uploads\/2019\/11\/risk.jpg\" alt=\"Icon Image\"><\/p>\n<h4>Gestion des risques<\/h4>\n<p>NFC bank has put in place appropriate mitigating measures to reduce or eliminate the exposures.<\/p>\n<p><a href=\"https:\/\/nfcbank.com\/fr\/about-us\/corporate-governance\/risk-management\/\"><br \/>\n<\/a><\/p>","protected":false},"excerpt":{"rendered":"<p>Corporate Governance NFC Bank\u2019s corporate governance model is based on service minded leadership working to uphold the Bank&#8217;s core values. NFC Bank has established a sound governance structure that is in line with best practices particularly at the executive or operational levels. Organisational structure The bank is managed by the General Manager who is supported &hellip;<\/p>\n<p class=\"read-more\"> <a class=\"\" href=\"https:\/\/nfcbank.com\/fr\/about-us\/corporate-governance\/\"> <span class=\"screen-reader-text\">Gouvernance d'entreprise<\/span> Lire la suite\u00a0\u00bb<\/a><\/p>","protected":false},"author":2,"featured_media":0,"parent":389,"menu_order":0,"comment_status":"closed","ping_status":"closed","template":"","meta":{"footnotes":""},"class_list":["post-682","page","type-page","status-publish","hentry"],"yoast_head":"<!-- This site is optimized with the Yoast SEO Premium plugin v17.9 (Yoast SEO v20.12) - https:\/\/yoast.com\/wordpress\/plugins\/seo\/ -->\n<title>Corporate Governance - NFC Bank<\/title>\n<meta name=\"robots\" content=\"index, follow, max-snippet:-1, max-image-preview:large, max-video-preview:-1\" \/>\n<link rel=\"canonical\" href=\"https:\/\/nfcbank.com\/fr\/about-us\/corporate-governance\/\" \/>\n<meta property=\"og:locale\" content=\"fr_FR\" \/>\n<meta property=\"og:type\" content=\"article\" \/>\n<meta property=\"og:title\" content=\"Corporate Governance\" \/>\n<meta property=\"og:description\" content=\"Corporate Governance NFC Bank\u2019s corporate governance model is based on service minded leadership working to uphold the Bank&#8217;s core values. NFC Bank has established a sound governance structure that is in line with best practices particularly at the executive or operational levels. Organisational structure The bank is managed by the General Manager who is supported &hellip; Corporate Governance Lire la suite\u00a0\u00bb\" \/>\n<meta property=\"og:url\" content=\"https:\/\/nfcbank.com\/fr\/about-us\/corporate-governance\/\" \/>\n<meta property=\"og:site_name\" content=\"NFC Bank\" \/>\n<meta property=\"article:modified_time\" content=\"2021-04-14T10:17:58+00:00\" \/>\n<meta property=\"og:image\" content=\"https:\/\/nfcbank.com\/wp-content\/uploads\/2019\/11\/structure.jpg\" \/>\n<meta name=\"twitter:card\" content=\"summary_large_image\" \/>\n<meta name=\"twitter:label1\" content=\"Dur\u00e9e de lecture estim\u00e9e\" \/>\n\t<meta name=\"twitter:data1\" content=\"1 minute\" \/>\n<script type=\"application\/ld+json\" class=\"yoast-schema-graph\">{\"@context\":\"https:\/\/schema.org\",\"@graph\":[{\"@type\":\"WebPage\",\"@id\":\"https:\/\/nfcbank.com\/about-us\/corporate-governance\/\",\"url\":\"https:\/\/nfcbank.com\/about-us\/corporate-governance\/\",\"name\":\"Corporate Governance - NFC Bank\",\"isPartOf\":{\"@id\":\"https:\/\/nfcbank.com\/fr\/#website\"},\"datePublished\":\"2019-11-13T09:06:56+00:00\",\"dateModified\":\"2021-04-14T10:17:58+00:00\",\"breadcrumb\":{\"@id\":\"https:\/\/nfcbank.com\/about-us\/corporate-governance\/#breadcrumb\"},\"inLanguage\":\"fr-FR\",\"potentialAction\":[{\"@type\":\"ReadAction\",\"target\":[\"https:\/\/nfcbank.com\/about-us\/corporate-governance\/\"]}]},{\"@type\":\"BreadcrumbList\",\"@id\":\"https:\/\/nfcbank.com\/about-us\/corporate-governance\/#breadcrumb\",\"itemListElement\":[{\"@type\":\"ListItem\",\"position\":1,\"name\":\"Home\",\"item\":\"https:\/\/nfcbank.com\/\"},{\"@type\":\"ListItem\",\"position\":2,\"name\":\"About Us\",\"item\":\"https:\/\/nfcbank.com\/about-us\/\"},{\"@type\":\"ListItem\",\"position\":3,\"name\":\"Corporate Governance\"}]},{\"@type\":\"WebSite\",\"@id\":\"https:\/\/nfcbank.com\/fr\/#website\",\"url\":\"https:\/\/nfcbank.com\/fr\/\",\"name\":\"NFC Bank\",\"description\":\"We make life easy\",\"publisher\":{\"@id\":\"https:\/\/nfcbank.com\/fr\/#organization\"},\"potentialAction\":[{\"@type\":\"SearchAction\",\"target\":{\"@type\":\"EntryPoint\",\"urlTemplate\":\"https:\/\/nfcbank.com\/fr\/?s={search_term_string}\"},\"query-input\":\"required name=search_term_string\"}],\"inLanguage\":\"fr-FR\"},{\"@type\":\"Organization\",\"@id\":\"https:\/\/nfcbank.com\/fr\/#organization\",\"name\":\"NFC Bank\",\"url\":\"https:\/\/nfcbank.com\/fr\/\",\"logo\":{\"@type\":\"ImageObject\",\"inLanguage\":\"fr-FR\",\"@id\":\"https:\/\/nfcbank.com\/fr\/#\/schema\/logo\/image\/\",\"url\":\"https:\/\/nfcbank.com\/wp-content\/uploads\/2023\/07\/cropped-logo-NFC-Bank.png\",\"contentUrl\":\"https:\/\/nfcbank.com\/wp-content\/uploads\/2023\/07\/cropped-logo-NFC-Bank.png\",\"width\":1686,\"height\":455,\"caption\":\"NFC Bank\"},\"image\":{\"@id\":\"https:\/\/nfcbank.com\/fr\/#\/schema\/logo\/image\/\"}}]}<\/script>\n<!-- \/ Yoast SEO Premium plugin. -->","yoast_head_json":{"title":"Corporate Governance - NFC Bank","robots":{"index":"index","follow":"follow","max-snippet":"max-snippet:-1","max-image-preview":"max-image-preview:large","max-video-preview":"max-video-preview:-1"},"canonical":"https:\/\/nfcbank.com\/fr\/about-us\/corporate-governance\/","og_locale":"fr_FR","og_type":"article","og_title":"Corporate Governance","og_description":"Corporate Governance NFC Bank\u2019s corporate governance model is based on service minded leadership working to uphold the Bank&#8217;s core values. NFC Bank has established a sound governance structure that is in line with best practices particularly at the executive or operational levels. Organisational structure The bank is managed by the General Manager who is supported &hellip; Corporate Governance Lire la suite\u00a0\u00bb","og_url":"https:\/\/nfcbank.com\/fr\/about-us\/corporate-governance\/","og_site_name":"NFC Bank","article_modified_time":"2021-04-14T10:17:58+00:00","og_image":[{"url":"https:\/\/nfcbank.com\/wp-content\/uploads\/2019\/11\/structure.jpg"}],"twitter_card":"summary_large_image","twitter_misc":{"Dur\u00e9e de lecture estim\u00e9e":"1 minute"},"schema":{"@context":"https:\/\/schema.org","@graph":[{"@type":"WebPage","@id":"https:\/\/nfcbank.com\/about-us\/corporate-governance\/","url":"https:\/\/nfcbank.com\/about-us\/corporate-governance\/","name":"Corporate Governance - NFC Bank","isPartOf":{"@id":"https:\/\/nfcbank.com\/fr\/#website"},"datePublished":"2019-11-13T09:06:56+00:00","dateModified":"2021-04-14T10:17:58+00:00","breadcrumb":{"@id":"https:\/\/nfcbank.com\/about-us\/corporate-governance\/#breadcrumb"},"inLanguage":"fr-FR","potentialAction":[{"@type":"ReadAction","target":["https:\/\/nfcbank.com\/about-us\/corporate-governance\/"]}]},{"@type":"BreadcrumbList","@id":"https:\/\/nfcbank.com\/about-us\/corporate-governance\/#breadcrumb","itemListElement":[{"@type":"ListItem","position":1,"name":"Home","item":"https:\/\/nfcbank.com\/"},{"@type":"ListItem","position":2,"name":"About Us","item":"https:\/\/nfcbank.com\/about-us\/"},{"@type":"ListItem","position":3,"name":"Corporate Governance"}]},{"@type":"WebSite","@id":"https:\/\/nfcbank.com\/fr\/#website","url":"https:\/\/nfcbank.com\/fr\/","name":"NFC Bank","description":"We make life easy","publisher":{"@id":"https:\/\/nfcbank.com\/fr\/#organization"},"potentialAction":[{"@type":"SearchAction","target":{"@type":"EntryPoint","urlTemplate":"https:\/\/nfcbank.com\/fr\/?s={search_term_string}"},"query-input":"required name=search_term_string"}],"inLanguage":"fr-FR"},{"@type":"Organization","@id":"https:\/\/nfcbank.com\/fr\/#organization","name":"NFC Bank","url":"https:\/\/nfcbank.com\/fr\/","logo":{"@type":"ImageObject","inLanguage":"fr-FR","@id":"https:\/\/nfcbank.com\/fr\/#\/schema\/logo\/image\/","url":"https:\/\/nfcbank.com\/wp-content\/uploads\/2023\/07\/cropped-logo-NFC-Bank.png","contentUrl":"https:\/\/nfcbank.com\/wp-content\/uploads\/2023\/07\/cropped-logo-NFC-Bank.png","width":1686,"height":455,"caption":"NFC Bank"},"image":{"@id":"https:\/\/nfcbank.com\/fr\/#\/schema\/logo\/image\/"}}]}},"_links":{"self":[{"href":"https:\/\/nfcbank.com\/fr\/wp-json\/wp\/v2\/pages\/682","targetHints":{"allow":["GET"]}}],"collection":[{"href":"https:\/\/nfcbank.com\/fr\/wp-json\/wp\/v2\/pages"}],"about":[{"href":"https:\/\/nfcbank.com\/fr\/wp-json\/wp\/v2\/types\/page"}],"author":[{"embeddable":true,"href":"https:\/\/nfcbank.com\/fr\/wp-json\/wp\/v2\/users\/2"}],"replies":[{"embeddable":true,"href":"https:\/\/nfcbank.com\/fr\/wp-json\/wp\/v2\/comments?post=682"}],"version-history":[{"count":27,"href":"https:\/\/nfcbank.com\/fr\/wp-json\/wp\/v2\/pages\/682\/revisions"}],"predecessor-version":[{"id":3248,"href":"https:\/\/nfcbank.com\/fr\/wp-json\/wp\/v2\/pages\/682\/revisions\/3248"}],"up":[{"embeddable":true,"href":"https:\/\/nfcbank.com\/fr\/wp-json\/wp\/v2\/pages\/389"}],"wp:attachment":[{"href":"https:\/\/nfcbank.com\/fr\/wp-json\/wp\/v2\/media?parent=682"}],"curies":[{"name":"wp","href":"https:\/\/api.w.org\/{rel}","templated":true}]}}