{"id":4851,"date":"2025-05-13T20:32:54","date_gmt":"2025-05-13T20:32:54","guid":{"rendered":"https:\/\/nfcbank.com\/?page_id=4851"},"modified":"2025-05-13T21:22:32","modified_gmt":"2025-05-13T21:22:32","slug":"2025-retail-e-banking","status":"publish","type":"page","link":"https:\/\/nfcbank.com\/fr\/2025-e-banking\/2025-retail-e-banking\/","title":{"rendered":"2025 Retail e-Banking"},"content":{"rendered":"<div data-elementor-type=\"wp-page\" data-elementor-id=\"4851\" class=\"elementor elementor-4851\" data-elementor-post-type=\"page\">\n\t\t\t\t<div data-particle_enable=\"false\" data-particle-mobile-disabled=\"false\" class=\"elementor-element elementor-element-5d17d41 e-flex e-con-boxed e-con e-parent\" data-id=\"5d17d41\" data-element_type=\"container\" data-settings=\"{&quot;background_background&quot;:&quot;classic&quot;}\">\n\t\t\t\t\t<div class=\"e-con-inner\">\n\t\t<div data-particle_enable=\"false\" data-particle-mobile-disabled=\"false\" class=\"elementor-element elementor-element-4797fce e-con-full e-flex e-con e-parent\" data-id=\"4797fce\" data-element_type=\"container\">\n\t\t\t\t<div class=\"elementor-element elementor-element-6a55640 elementor-widget elementor-widget-breadcrumbs\" data-id=\"6a55640\" data-element_type=\"widget\" data-widget_type=\"breadcrumbs.default\">\n\t\t\t\t<div class=\"elementor-widget-container\">\n\t\t\t\t\t<p id=\"breadcrumbs\"><span><span><a href=\"https:\/\/nfcbank.com\/fr\/\">Accueil<\/a><\/span><\/span><\/p>\t\t\t\t<\/div>\n\t\t\t\t<\/div>\n\t\t\t\t<div class=\"elementor-element elementor-element-38b3557 elementor-widget elementor-widget-heading\" data-id=\"38b3557\" data-element_type=\"widget\" data-widget_type=\"heading.default\">\n\t\t\t\t<div class=\"elementor-widget-container\">\n\t\t\t\t\t<h2 class=\"elementor-heading-title elementor-size-default\">E-Banque de d\u00e9tail<\/h2>\t\t\t\t<\/div>\n\t\t\t\t<\/div>\n\t\t\t\t<div class=\"elementor-element elementor-element-a572fad elementor-widget elementor-widget-heading\" data-id=\"a572fad\" data-element_type=\"widget\" data-widget_type=\"heading.default\">\n\t\t\t\t<div class=\"elementor-widget-container\">\n\t\t\t\t\t<h4 class=\"elementor-heading-title elementor-size-default\">NFC Bank offers exceptional banking experience to its customers.<\/h4>\t\t\t\t<\/div>\n\t\t\t\t<\/div>\n\t\t\t\t<\/div>\n\t\t<div data-particle_enable=\"false\" data-particle-mobile-disabled=\"false\" class=\"elementor-element elementor-element-389de88 e-con-full e-flex e-con e-parent\" data-id=\"389de88\" data-element_type=\"container\">\n\t\t\t\t<\/div>\n\t\t\t\t\t<\/div>\n\t\t\t\t<\/div>\n\t\t<div data-particle_enable=\"false\" data-particle-mobile-disabled=\"false\" class=\"elementor-element elementor-element-d36a599 e-flex e-con-boxed e-con e-parent\" data-id=\"d36a599\" data-element_type=\"container\">\n\t\t\t\t\t<div class=\"e-con-inner\">\n\t\t<div data-particle_enable=\"false\" data-particle-mobile-disabled=\"false\" class=\"elementor-element elementor-element-a666d94 e-con-full e-flex e-con e-parent\" data-id=\"a666d94\" data-element_type=\"container\">\n\t\t\t\t<div class=\"elementor-element elementor-element-54e1a82 elementor-widget elementor-widget-image\" data-id=\"54e1a82\" data-element_type=\"widget\" data-widget_type=\"image.default\">\n\t\t\t\t<div class=\"elementor-widget-container\">\n\t\t\t\t\t\t\t\t\t\t\t\t\t\t\t<img fetchpriority=\"high\" decoding=\"async\" width=\"413\" height=\"244\" src=\"https:\/\/nfcbank.com\/wp-content\/uploads\/2019\/11\/art_2-1.png\" class=\"attachment-large size-large wp-image-866\" alt=\"\" srcset=\"https:\/\/nfcbank.com\/wp-content\/uploads\/2019\/11\/art_2-1.png 413w, https:\/\/nfcbank.com\/wp-content\/uploads\/2019\/11\/art_2-1-300x177.png 300w\" sizes=\"(max-width: 413px) 100vw, 413px\" \/>\t\t\t\t\t\t\t\t\t\t\t\t\t\t\t<\/div>\n\t\t\t\t<\/div>\n\t\t\t\t<\/div>\n\t\t<div data-particle_enable=\"false\" data-particle-mobile-disabled=\"false\" class=\"elementor-element elementor-element-c3bc72c e-con-full e-flex e-con e-parent\" data-id=\"c3bc72c\" data-element_type=\"container\">\n\t\t\t\t<div class=\"elementor-element elementor-element-a77ea57 elementor-widget elementor-widget-text-editor\" data-id=\"a77ea57\" data-element_type=\"widget\" data-widget_type=\"text-editor.default\">\n\t\t\t\t<div class=\"elementor-widget-container\">\n\t\t\t\t\t\t\t\t\t<p>We enable you to take control of your banking transactions anytime, anywhere with NFC Bank\u2019s retail online banking services.\u00a0\u00a0<\/p>\t\t\t\t\t\t\t\t<\/div>\n\t\t\t\t<\/div>\n\t\t\t\t<div class=\"elementor-element elementor-element-f6ab659 e-n-tabs-mobile elementor-widget elementor-widget-n-tabs\" data-id=\"f6ab659\" data-element_type=\"widget\" data-settings=\"{&quot;tabs_justify_horizontal&quot;:&quot;start&quot;,&quot;horizontal_scroll&quot;:&quot;disable&quot;}\" data-widget_type=\"nested-tabs.default\">\n\t\t\t\t<div class=\"elementor-widget-container\">\n\t\t\t\t\t\t\t<div class=\"e-n-tabs\" data-widget-number=\"258651737\" aria-label=\"Tabs. Open items with Enter or Space, close with Escape and navigate using the Arrow keys.\">\n\t\t\t<div class=\"e-n-tabs-heading\" role=\"tablist\">\n\t\t\t\t\t<button id=\"e-n-tab-title-2586517371\" class=\"e-n-tab-title\" aria-selected=\"true\" data-tab-index=\"1\" role=\"tab\" tabindex=\"0\" aria-controls=\"e-n-tab-content-2586517371\" style=\"--n-tabs-title-order: 1;\">\n\t\t\t\t\t\t<span class=\"e-n-tab-title-text\">\n\t\t\t\tLes Avantages:\t\t\t<\/span>\n\t\t<\/button>\n\t\t\t\t<button id=\"e-n-tab-title-2586517372\" class=\"e-n-tab-title\" aria-selected=\"false\" data-tab-index=\"2\" role=\"tab\" tabindex=\"-1\" aria-controls=\"e-n-tab-content-2586517372\" style=\"--n-tabs-title-order: 2;\">\n\t\t\t\t\t\t<span class=\"e-n-tab-title-text\">\n\t\t\t\tSteps to register\t\t\t<\/span>\n\t\t<\/button>\n\t\t\t\t\t<\/div>\n\t\t\t<div class=\"e-n-tabs-content\">\n\t\t\t\t<div data-particle_enable=\"false\" data-particle-mobile-disabled=\"false\" id=\"e-n-tab-content-2586517371\" role=\"tabpanel\" aria-labelledby=\"e-n-tab-title-2586517371\" data-tab-index=\"1\" style=\"--n-tabs-title-order: 1;\" class=\"e-active elementor-element elementor-element-430af4a e-con-full e-flex e-con e-parent\" data-id=\"430af4a\" data-element_type=\"container\">\n\t\t\t\t<div class=\"elementor-element elementor-element-c24df93 elementor-widget elementor-widget-text-editor\" data-id=\"c24df93\" data-element_type=\"widget\" data-widget_type=\"text-editor.default\">\n\t\t\t\t<div class=\"elementor-widget-container\">\n\t\t\t\t\t\t\t\t\t<ul><li><strong>C'est pratique : <\/strong>You can check your balances, make online\u00a0 payments and transfer money between accounts from the comfort of\u00a0 your home or office.\u00a0<\/li><li><strong>Soyez prudent<\/strong> il est parfois risqu\u00e9 de transporter de l'argent\u00a0\u00a0<\/li><li><strong>La Banque vient \u00e0 vous<\/strong> Misez sur vos conditions et sur votre \u00e9ch\u00e9ancier\u00a0<\/li><li><strong>R\u00e9duisez les frais bancaires:<\/strong>\u00a0\u00a0Le traitement des ch\u00e8ques papier prend beaucoup de temps et peut \u00eatre co\u00fbteux. Vous pouvez \u00e9viter certains de ces co\u00fbts en profitant des outils automatis\u00e9s.\u00a0<\/li><li><strong>Assurez la s\u00e9curit\u00e9 de vos op\u00e9rations bancaires<\/strong> La NFC Bank offre plusieurs niveaux de s\u00e9curit\u00e9 des donn\u00e9es pour prot\u00e9ger les informations de votre entreprise.\u00a0<\/li><\/ul>\t\t\t\t\t\t\t\t<\/div>\n\t\t\t\t<\/div>\n\t\t\t\t<\/div>\n\t\t<div data-particle_enable=\"false\" data-particle-mobile-disabled=\"false\" id=\"e-n-tab-content-2586517372\" role=\"tabpanel\" aria-labelledby=\"e-n-tab-title-2586517372\" data-tab-index=\"2\" style=\"--n-tabs-title-order: 2;\" class=\"elementor-element elementor-element-b26115f e-con-full e-flex e-con e-parent\" data-id=\"b26115f\" data-element_type=\"container\">\n\t\t<div data-particle_enable=\"false\" data-particle-mobile-disabled=\"false\" class=\"elementor-element elementor-element-eb331ca e-con-full e-flex e-con e-parent\" data-id=\"eb331ca\" data-element_type=\"container\">\n\t\t\t\t<div class=\"elementor-element elementor-element-15d3dce elementor-widget elementor-widget-text-editor\" data-id=\"15d3dce\" data-element_type=\"widget\" data-widget_type=\"text-editor.default\">\n\t\t\t\t<div class=\"elementor-widget-container\">\n\t\t\t\t\t\t\t\t\t<ol><li>Saisissez L\u2019URL de la banque en ligne:<br \/><a href=\"http:\/\/www.nfcbank.online.com.\" target=\"_blank\" rel=\"noopener\">www.nfcbank.online.com.<\/a><\/li><li>Si vous \u00eates d\u00e9j\u00e0 inscrit,  connectez-vous \u00e0 l'aide de votre identifiant et mot de passe, sinon cliquez sur nouvel utilisateur et inscrivez-vous<\/li><li>Payez vos factures sans stress<\/li><li>Envoyez, recevez et demandez de l'argent sur place.<\/li><li>Manage your account transactions easily.<\/li><\/ol>\t\t\t\t\t\t\t\t<\/div>\n\t\t\t\t<\/div>\n\t\t\t\t<\/div>\n\t\t\t\t<\/div>\n\t\t\t\t\t<\/div>\n\t\t<\/div>\n\t\t\t\t\t\t<\/div>\n\t\t\t\t<\/div>\n\t\t\t\t<\/div>\n\t\t\t\t\t<\/div>\n\t\t\t\t<\/div>\n\t\t\t\t<\/div>","protected":false},"excerpt":{"rendered":"<p>Retail E-banking NFC Bank offers exceptional banking experience to its customers. We enable you to take control of your banking transactions anytime, anywhere with NFC Bank\u2019s retail online banking services.\u00a0\u00a0 Benefits Steps to register Benefits It is convenient: You can check your balances, make online\u00a0 payments and transfer money between accounts from the comfort of\u00a0 &hellip;<\/p>\n<p class=\"read-more\"> <a class=\"\" href=\"https:\/\/nfcbank.com\/fr\/2025-e-banking\/2025-retail-e-banking\/\"> <span class=\"screen-reader-text\">2025 Retail e-Banking<\/span> Lire la suite\u00a0\u00bb<\/a><\/p>","protected":false},"author":6,"featured_media":0,"parent":4821,"menu_order":0,"comment_status":"closed","ping_status":"closed","template":"elementor_header_footer","meta":{"footnotes":""},"class_list":["post-4851","page","type-page","status-publish","hentry"],"yoast_head":"<!-- This site is optimized with the Yoast SEO Premium plugin v17.9 (Yoast SEO v20.12) - https:\/\/yoast.com\/wordpress\/plugins\/seo\/ -->\n<title>2025 Retail e-Banking - NFC Bank<\/title>\n<meta name=\"robots\" content=\"index, follow, max-snippet:-1, max-image-preview:large, max-video-preview:-1\" \/>\n<link rel=\"canonical\" href=\"https:\/\/nfcbank.com\/fr\/2025-e-banking\/2025-retail-e-banking\/\" \/>\n<meta property=\"og:locale\" content=\"fr_FR\" \/>\n<meta property=\"og:type\" content=\"article\" \/>\n<meta property=\"og:title\" content=\"2025 Retail e-Banking\" \/>\n<meta property=\"og:description\" content=\"Retail E-banking NFC Bank offers exceptional banking experience to its customers. We enable you to take control of your banking transactions anytime, anywhere with NFC Bank\u2019s retail online banking services.\u00a0\u00a0 Benefits Steps to register Benefits It is convenient: You can check your balances, make online\u00a0 payments and transfer money between accounts from the comfort of\u00a0 &hellip; 2025 Retail e-Banking Lire la suite\u00a0\u00bb\" \/>\n<meta property=\"og:url\" content=\"https:\/\/nfcbank.com\/fr\/2025-e-banking\/2025-retail-e-banking\/\" \/>\n<meta property=\"og:site_name\" content=\"NFC Bank\" \/>\n<meta property=\"article:modified_time\" content=\"2025-05-13T21:22:32+00:00\" \/>\n<meta property=\"og:image\" content=\"https:\/\/nfcbank.com\/wp-content\/uploads\/2019\/11\/art_2-1.png\" \/>\n<meta name=\"twitter:card\" content=\"summary_large_image\" \/>\n<meta name=\"twitter:label1\" content=\"Dur\u00e9e de lecture estim\u00e9e\" \/>\n\t<meta name=\"twitter:data1\" content=\"2 minutes\" \/>\n<script type=\"application\/ld+json\" class=\"yoast-schema-graph\">{\"@context\":\"https:\/\/schema.org\",\"@graph\":[{\"@type\":\"WebPage\",\"@id\":\"https:\/\/nfcbank.com\/2025-e-banking\/2025-retail-e-banking\/\",\"url\":\"https:\/\/nfcbank.com\/2025-e-banking\/2025-retail-e-banking\/\",\"name\":\"2025 Retail e-Banking - NFC Bank\",\"isPartOf\":{\"@id\":\"https:\/\/nfcbank.com\/fr\/#website\"},\"datePublished\":\"2025-05-13T20:32:54+00:00\",\"dateModified\":\"2025-05-13T21:22:32+00:00\",\"breadcrumb\":{\"@id\":\"https:\/\/nfcbank.com\/2025-e-banking\/2025-retail-e-banking\/#breadcrumb\"},\"inLanguage\":\"fr-FR\",\"potentialAction\":[{\"@type\":\"ReadAction\",\"target\":[\"https:\/\/nfcbank.com\/2025-e-banking\/2025-retail-e-banking\/\"]}]},{\"@type\":\"BreadcrumbList\",\"@id\":\"https:\/\/nfcbank.com\/2025-e-banking\/2025-retail-e-banking\/#breadcrumb\",\"itemListElement\":[{\"@type\":\"ListItem\",\"position\":1,\"name\":\"Home\",\"item\":\"https:\/\/nfcbank.com\/\"},{\"@type\":\"ListItem\",\"position\":2,\"name\":\"2025 E-banking\",\"item\":\"https:\/\/nfcbank.com\/2025-e-banking\/\"},{\"@type\":\"ListItem\",\"position\":3,\"name\":\"2025 Retail e-Banking\"}]},{\"@type\":\"WebSite\",\"@id\":\"https:\/\/nfcbank.com\/fr\/#website\",\"url\":\"https:\/\/nfcbank.com\/fr\/\",\"name\":\"NFC Bank\",\"description\":\"We make life easy\",\"publisher\":{\"@id\":\"https:\/\/nfcbank.com\/fr\/#organization\"},\"potentialAction\":[{\"@type\":\"SearchAction\",\"target\":{\"@type\":\"EntryPoint\",\"urlTemplate\":\"https:\/\/nfcbank.com\/fr\/?s={search_term_string}\"},\"query-input\":\"required name=search_term_string\"}],\"inLanguage\":\"fr-FR\"},{\"@type\":\"Organization\",\"@id\":\"https:\/\/nfcbank.com\/fr\/#organization\",\"name\":\"NFC Bank\",\"url\":\"https:\/\/nfcbank.com\/fr\/\",\"logo\":{\"@type\":\"ImageObject\",\"inLanguage\":\"fr-FR\",\"@id\":\"https:\/\/nfcbank.com\/fr\/#\/schema\/logo\/image\/\",\"url\":\"https:\/\/nfcbank.com\/wp-content\/uploads\/2023\/07\/cropped-logo-NFC-Bank.png\",\"contentUrl\":\"https:\/\/nfcbank.com\/wp-content\/uploads\/2023\/07\/cropped-logo-NFC-Bank.png\",\"width\":1686,\"height\":455,\"caption\":\"NFC Bank\"},\"image\":{\"@id\":\"https:\/\/nfcbank.com\/fr\/#\/schema\/logo\/image\/\"}}]}<\/script>\n<!-- \/ Yoast SEO Premium plugin. -->","yoast_head_json":{"title":"2025 Retail e-Banking - NFC Bank","robots":{"index":"index","follow":"follow","max-snippet":"max-snippet:-1","max-image-preview":"max-image-preview:large","max-video-preview":"max-video-preview:-1"},"canonical":"https:\/\/nfcbank.com\/fr\/2025-e-banking\/2025-retail-e-banking\/","og_locale":"fr_FR","og_type":"article","og_title":"2025 Retail e-Banking","og_description":"Retail E-banking NFC Bank offers exceptional banking experience to its customers. We enable you to take control of your banking transactions anytime, anywhere with NFC Bank\u2019s retail online banking services.\u00a0\u00a0 Benefits Steps to register Benefits It is convenient: You can check your balances, make online\u00a0 payments and transfer money between accounts from the comfort of\u00a0 &hellip; 2025 Retail e-Banking Lire la suite\u00a0\u00bb","og_url":"https:\/\/nfcbank.com\/fr\/2025-e-banking\/2025-retail-e-banking\/","og_site_name":"NFC Bank","article_modified_time":"2025-05-13T21:22:32+00:00","og_image":[{"url":"https:\/\/nfcbank.com\/wp-content\/uploads\/2019\/11\/art_2-1.png"}],"twitter_card":"summary_large_image","twitter_misc":{"Dur\u00e9e de lecture estim\u00e9e":"2 minutes"},"schema":{"@context":"https:\/\/schema.org","@graph":[{"@type":"WebPage","@id":"https:\/\/nfcbank.com\/2025-e-banking\/2025-retail-e-banking\/","url":"https:\/\/nfcbank.com\/2025-e-banking\/2025-retail-e-banking\/","name":"2025 Retail e-Banking - NFC Bank","isPartOf":{"@id":"https:\/\/nfcbank.com\/fr\/#website"},"datePublished":"2025-05-13T20:32:54+00:00","dateModified":"2025-05-13T21:22:32+00:00","breadcrumb":{"@id":"https:\/\/nfcbank.com\/2025-e-banking\/2025-retail-e-banking\/#breadcrumb"},"inLanguage":"fr-FR","potentialAction":[{"@type":"ReadAction","target":["https:\/\/nfcbank.com\/2025-e-banking\/2025-retail-e-banking\/"]}]},{"@type":"BreadcrumbList","@id":"https:\/\/nfcbank.com\/2025-e-banking\/2025-retail-e-banking\/#breadcrumb","itemListElement":[{"@type":"ListItem","position":1,"name":"Home","item":"https:\/\/nfcbank.com\/"},{"@type":"ListItem","position":2,"name":"2025 E-banking","item":"https:\/\/nfcbank.com\/2025-e-banking\/"},{"@type":"ListItem","position":3,"name":"2025 Retail e-Banking"}]},{"@type":"WebSite","@id":"https:\/\/nfcbank.com\/fr\/#website","url":"https:\/\/nfcbank.com\/fr\/","name":"NFC Bank","description":"We make life easy","publisher":{"@id":"https:\/\/nfcbank.com\/fr\/#organization"},"potentialAction":[{"@type":"SearchAction","target":{"@type":"EntryPoint","urlTemplate":"https:\/\/nfcbank.com\/fr\/?s={search_term_string}"},"query-input":"required name=search_term_string"}],"inLanguage":"fr-FR"},{"@type":"Organization","@id":"https:\/\/nfcbank.com\/fr\/#organization","name":"NFC Bank","url":"https:\/\/nfcbank.com\/fr\/","logo":{"@type":"ImageObject","inLanguage":"fr-FR","@id":"https:\/\/nfcbank.com\/fr\/#\/schema\/logo\/image\/","url":"https:\/\/nfcbank.com\/wp-content\/uploads\/2023\/07\/cropped-logo-NFC-Bank.png","contentUrl":"https:\/\/nfcbank.com\/wp-content\/uploads\/2023\/07\/cropped-logo-NFC-Bank.png","width":1686,"height":455,"caption":"NFC Bank"},"image":{"@id":"https:\/\/nfcbank.com\/fr\/#\/schema\/logo\/image\/"}}]}},"_links":{"self":[{"href":"https:\/\/nfcbank.com\/fr\/wp-json\/wp\/v2\/pages\/4851","targetHints":{"allow":["GET"]}}],"collection":[{"href":"https:\/\/nfcbank.com\/fr\/wp-json\/wp\/v2\/pages"}],"about":[{"href":"https:\/\/nfcbank.com\/fr\/wp-json\/wp\/v2\/types\/page"}],"author":[{"embeddable":true,"href":"https:\/\/nfcbank.com\/fr\/wp-json\/wp\/v2\/users\/6"}],"replies":[{"embeddable":true,"href":"https:\/\/nfcbank.com\/fr\/wp-json\/wp\/v2\/comments?post=4851"}],"version-history":[{"count":15,"href":"https:\/\/nfcbank.com\/fr\/wp-json\/wp\/v2\/pages\/4851\/revisions"}],"predecessor-version":[{"id":4900,"href":"https:\/\/nfcbank.com\/fr\/wp-json\/wp\/v2\/pages\/4851\/revisions\/4900"}],"up":[{"embeddable":true,"href":"https:\/\/nfcbank.com\/fr\/wp-json\/wp\/v2\/pages\/4821"}],"wp:attachment":[{"href":"https:\/\/nfcbank.com\/fr\/wp-json\/wp\/v2\/media?parent=4851"}],"curies":[{"name":"wp","href":"https:\/\/api.w.org\/{rel}","templated":true}]}}