{"id":4690,"date":"2025-04-14T16:15:49","date_gmt":"2025-04-14T16:15:49","guid":{"rendered":"https:\/\/nfcbank.com\/?page_id=4690"},"modified":"2026-03-09T10:15:36","modified_gmt":"2026-03-09T10:15:36","slug":"2025-faqs","status":"publish","type":"page","link":"https:\/\/nfcbank.com\/fr\/2025-faqs\/","title":{"rendered":"2025 Faqs"},"content":{"rendered":"<div data-elementor-type=\"wp-page\" data-elementor-id=\"4690\" class=\"elementor elementor-4690\" data-elementor-post-type=\"page\">\n\t\t\t\t<div data-particle_enable=\"false\" data-particle-mobile-disabled=\"false\" class=\"elementor-element elementor-element-5d17d41 e-flex e-con-boxed e-con e-parent\" data-id=\"5d17d41\" data-element_type=\"container\" data-settings=\"{&quot;background_background&quot;:&quot;classic&quot;}\">\n\t\t\t\t\t<div class=\"e-con-inner\">\n\t\t<div data-particle_enable=\"false\" data-particle-mobile-disabled=\"false\" class=\"elementor-element elementor-element-4797fce e-con-full e-flex e-con e-child\" data-id=\"4797fce\" data-element_type=\"container\">\n\t\t\t\t<div class=\"elementor-element elementor-element-6a55640 elementor-widget elementor-widget-breadcrumbs\" data-id=\"6a55640\" data-element_type=\"widget\" data-widget_type=\"breadcrumbs.default\">\n\t\t\t\t<div class=\"elementor-widget-container\">\n\t\t\t\t\t<p id=\"breadcrumbs\"><span><span><a href=\"https:\/\/nfcbank.com\/fr\/\">Accueil<\/a><\/span><\/span><\/p>\t\t\t\t<\/div>\n\t\t\t\t<\/div>\n\t\t\t\t<div class=\"elementor-element elementor-element-38b3557 elementor-widget elementor-widget-heading\" data-id=\"38b3557\" data-element_type=\"widget\" data-widget_type=\"heading.default\">\n\t\t\t\t<div class=\"elementor-widget-container\">\n\t\t\t\t\t<h2 class=\"elementor-heading-title elementor-size-default\">Nous sommes ici pour vous aider<\/h2>\t\t\t\t<\/div>\n\t\t\t\t<\/div>\n\t\t\t\t<div class=\"elementor-element elementor-element-a572fad elementor-widget elementor-widget-heading\" data-id=\"a572fad\" data-element_type=\"widget\" data-widget_type=\"heading.default\">\n\t\t\t\t<div class=\"elementor-widget-container\">\n\t\t\t\t\t<h4 class=\"elementor-heading-title elementor-size-default\">Take a look at our FAQ<\/h4>\t\t\t\t<\/div>\n\t\t\t\t<\/div>\n\t\t\t\t<\/div>\n\t\t<div data-particle_enable=\"false\" data-particle-mobile-disabled=\"false\" class=\"elementor-element elementor-element-389de88 e-con-full e-flex e-con e-child\" data-id=\"389de88\" data-element_type=\"container\">\n\t\t\t\t<\/div>\n\t\t\t\t\t<\/div>\n\t\t\t\t<\/div>\n\t\t<div data-particle_enable=\"false\" data-particle-mobile-disabled=\"false\" class=\"elementor-element elementor-element-35b03e8 e-flex e-con-boxed e-con e-parent\" data-id=\"35b03e8\" data-element_type=\"container\" data-settings=\"{&quot;background_background&quot;:&quot;classic&quot;}\">\n\t\t\t\t\t<div class=\"e-con-inner\">\n\t\t\t\t<div class=\"elementor-element elementor-element-5f9a165 e-n-tabs-mobile elementor-widget elementor-widget-n-tabs\" data-id=\"5f9a165\" data-element_type=\"widget\" data-settings=\"{&quot;tabs_justify_horizontal&quot;:&quot;start&quot;,&quot;horizontal_scroll&quot;:&quot;disable&quot;}\" data-widget_type=\"nested-tabs.default\">\n\t\t\t\t<div class=\"elementor-widget-container\">\n\t\t\t\t\t\t\t<div class=\"e-n-tabs\" data-widget-number=\"100245861\" aria-label=\"Onglets. Ouvrez des \u00e9l\u00e9ments avec Entrer ou Espace, fermez-les avec Echape et naviguez \u00e0 l&#039;aide des touches fl\u00e9ch\u00e9es.\" data-no-translation-aria-label=\"\">\n\t\t\t<div class=\"e-n-tabs-heading\" role=\"tablist\">\n\t\t\t\t\t<button id=\"e-n-tab-title-1002458611\" class=\"e-n-tab-title\" aria-selected=\"true\" data-tab-index=\"1\" role=\"tab\" tabindex=\"0\" aria-controls=\"e-n-tab-content-1002458611\" style=\"--n-tabs-title-order: 1;\">\n\t\t\t\t\t\t<span class=\"e-n-tab-title-text\">\n\t\t\t\tComptes\t\t\t<\/span>\n\t\t<\/button>\n\t\t\t\t<button id=\"e-n-tab-title-1002458612\" class=\"e-n-tab-title\" aria-selected=\"false\" data-tab-index=\"2\" role=\"tab\" tabindex=\"-1\" aria-controls=\"e-n-tab-content-1002458612\" style=\"--n-tabs-title-order: 2;\">\n\t\t\t\t\t\t<span class=\"e-n-tab-title-text\">\n\t\t\t\tPr\u00eats\t\t\t<\/span>\n\t\t<\/button>\n\t\t\t\t<button id=\"e-n-tab-title-1002458613\" class=\"e-n-tab-title\" aria-selected=\"false\" data-tab-index=\"3\" role=\"tab\" tabindex=\"-1\" aria-controls=\"e-n-tab-content-1002458613\" style=\"--n-tabs-title-order: 3;\">\n\t\t\t\t\t\t<span class=\"e-n-tab-title-text\">\n\t\t\t\tBanque mobile\t\t\t<\/span>\n\t\t<\/button>\n\t\t\t\t<button id=\"e-n-tab-title-1002458614\" class=\"e-n-tab-title\" aria-selected=\"false\" data-tab-index=\"4\" role=\"tab\" tabindex=\"-1\" aria-controls=\"e-n-tab-content-1002458614\" style=\"--n-tabs-title-order: 4;\">\n\t\t\t\t\t\t<span class=\"e-n-tab-title-text\">\n\t\t\t\tSavings\t\t\t<\/span>\n\t\t<\/button>\n\t\t\t\t\t<\/div>\n\t\t\t<div class=\"e-n-tabs-content\">\n\t\t\t\t<div data-particle_enable=\"false\" data-particle-mobile-disabled=\"false\" id=\"e-n-tab-content-1002458611\" role=\"tabpanel\" aria-labelledby=\"e-n-tab-title-1002458611\" data-tab-index=\"1\" style=\"--n-tabs-title-order: 1;\" class=\"e-active elementor-element elementor-element-ed5f317 e-con-full e-flex e-con e-child\" data-id=\"ed5f317\" data-element_type=\"container\">\n\t\t<div data-particle_enable=\"false\" data-particle-mobile-disabled=\"false\" class=\"elementor-element elementor-element-cda1df4 e-con-full e-flex e-con e-child\" data-id=\"cda1df4\" data-element_type=\"container\">\n\t\t\t\t<div class=\"elementor-element elementor-element-3366b73 elementor-widget elementor-widget-accordion\" data-id=\"3366b73\" data-element_type=\"widget\" data-widget_type=\"accordion.default\">\n\t\t\t\t<div class=\"elementor-widget-container\">\n\t\t\t\t\t\t\t<div class=\"elementor-accordion\">\n\t\t\t\t\t\t\t<div class=\"elementor-accordion-item\">\n\t\t\t\t\t<div id=\"elementor-tab-title-5381\" class=\"elementor-tab-title\" data-tab=\"1\" role=\"button\" aria-controls=\"elementor-tab-content-5381\" aria-expanded=\"false\">\n\t\t\t\t\t\t\t\t\t\t\t\t<a class=\"elementor-accordion-title\" tabindex=\"0\">Question #1<\/a>\n\t\t\t\t\t<\/div>\n\t\t\t\t\t<div id=\"elementor-tab-content-5381\" class=\"elementor-tab-content elementor-clearfix\" data-tab=\"1\" role=\"region\" aria-labelledby=\"elementor-tab-title-5381\">Lorem ipsum dolor sit amet, consectetur adipiscing elit. Ut elit tellus, luctus nec ullamcorper mattis, pulvinar dapibus leo.<\/div>\n\t\t\t\t<\/div>\n\t\t\t\t\t\t\t<div class=\"elementor-accordion-item\">\n\t\t\t\t\t<div id=\"elementor-tab-title-5382\" class=\"elementor-tab-title\" data-tab=\"2\" role=\"button\" aria-controls=\"elementor-tab-content-5382\" aria-expanded=\"false\">\n\t\t\t\t\t\t\t\t\t\t\t\t<a class=\"elementor-accordion-title\" tabindex=\"0\">Question #2<\/a>\n\t\t\t\t\t<\/div>\n\t\t\t\t\t<div id=\"elementor-tab-content-5382\" class=\"elementor-tab-content elementor-clearfix\" data-tab=\"2\" role=\"region\" aria-labelledby=\"elementor-tab-title-5382\">Lorem ipsum dolor sit amet, consectetur adipiscing elit. Ut elit tellus, luctus nec ullamcorper mattis, pulvinar dapibus leo.<\/div>\n\t\t\t\t<\/div>\n\t\t\t\t\t\t\t\t<\/div>\n\t\t\t\t\t\t<\/div>\n\t\t\t\t<\/div>\n\t\t\t\t<\/div>\n\t\t\t\t<\/div>\n\t\t<div data-particle_enable=\"false\" data-particle-mobile-disabled=\"false\" id=\"e-n-tab-content-1002458612\" role=\"tabpanel\" aria-labelledby=\"e-n-tab-title-1002458612\" data-tab-index=\"2\" style=\"--n-tabs-title-order: 2;\" class=\"elementor-element elementor-element-655fd14 e-con-full e-flex e-con e-child\" data-id=\"655fd14\" data-element_type=\"container\">\n\t\t<div data-particle_enable=\"false\" data-particle-mobile-disabled=\"false\" class=\"elementor-element elementor-element-f0625d6 e-con-full e-flex e-con e-child\" data-id=\"f0625d6\" data-element_type=\"container\">\n\t\t\t\t<div class=\"elementor-element elementor-element-8e8a4d0 elementor-widget elementor-widget-accordion\" data-id=\"8e8a4d0\" data-element_type=\"widget\" data-widget_type=\"accordion.default\">\n\t\t\t\t<div class=\"elementor-widget-container\">\n\t\t\t\t\t\t\t<div class=\"elementor-accordion\">\n\t\t\t\t\t\t\t<div class=\"elementor-accordion-item\">\n\t\t\t\t\t<div id=\"elementor-tab-title-1491\" class=\"elementor-tab-title\" data-tab=\"1\" role=\"button\" aria-controls=\"elementor-tab-content-1491\" aria-expanded=\"false\">\n\t\t\t\t\t\t\t\t\t\t\t\t<a class=\"elementor-accordion-title\" tabindex=\"0\">Question #1<\/a>\n\t\t\t\t\t<\/div>\n\t\t\t\t\t<div id=\"elementor-tab-content-1491\" class=\"elementor-tab-content elementor-clearfix\" data-tab=\"1\" role=\"region\" aria-labelledby=\"elementor-tab-title-1491\">Lorem ipsum dolor sit amet, consectetur adipiscing elit. Ut elit tellus, luctus nec ullamcorper mattis, pulvinar dapibus leo.<\/div>\n\t\t\t\t<\/div>\n\t\t\t\t\t\t\t<div class=\"elementor-accordion-item\">\n\t\t\t\t\t<div id=\"elementor-tab-title-1492\" class=\"elementor-tab-title\" data-tab=\"2\" role=\"button\" aria-controls=\"elementor-tab-content-1492\" aria-expanded=\"false\">\n\t\t\t\t\t\t\t\t\t\t\t\t<a class=\"elementor-accordion-title\" tabindex=\"0\">Question #2<\/a>\n\t\t\t\t\t<\/div>\n\t\t\t\t\t<div id=\"elementor-tab-content-1492\" class=\"elementor-tab-content elementor-clearfix\" data-tab=\"2\" role=\"region\" aria-labelledby=\"elementor-tab-title-1492\">Lorem ipsum dolor sit amet, consectetur adipiscing elit. Ut elit tellus, luctus nec ullamcorper mattis, pulvinar dapibus leo.<\/div>\n\t\t\t\t<\/div>\n\t\t\t\t\t\t\t\t<\/div>\n\t\t\t\t\t\t<\/div>\n\t\t\t\t<\/div>\n\t\t\t\t<\/div>\n\t\t\t\t<\/div>\n\t\t<div data-particle_enable=\"false\" data-particle-mobile-disabled=\"false\" id=\"e-n-tab-content-1002458613\" role=\"tabpanel\" aria-labelledby=\"e-n-tab-title-1002458613\" data-tab-index=\"3\" style=\"--n-tabs-title-order: 3;\" class=\"elementor-element elementor-element-e30bcbd e-con-full e-flex e-con e-child\" data-id=\"e30bcbd\" data-element_type=\"container\">\n\t\t<div data-particle_enable=\"false\" data-particle-mobile-disabled=\"false\" class=\"elementor-element elementor-element-751ad6c e-con-full e-flex e-con e-child\" data-id=\"751ad6c\" data-element_type=\"container\">\n\t\t\t\t<div class=\"elementor-element elementor-element-8f9cb47 elementor-widget elementor-widget-accordion\" data-id=\"8f9cb47\" data-element_type=\"widget\" data-widget_type=\"accordion.default\">\n\t\t\t\t<div class=\"elementor-widget-container\">\n\t\t\t\t\t\t\t<div class=\"elementor-accordion\">\n\t\t\t\t\t\t\t<div class=\"elementor-accordion-item\">\n\t\t\t\t\t<div id=\"elementor-tab-title-1501\" class=\"elementor-tab-title\" data-tab=\"1\" role=\"button\" aria-controls=\"elementor-tab-content-1501\" aria-expanded=\"false\">\n\t\t\t\t\t\t\t\t\t\t\t\t<a class=\"elementor-accordion-title\" tabindex=\"0\">Question #1<\/a>\n\t\t\t\t\t<\/div>\n\t\t\t\t\t<div id=\"elementor-tab-content-1501\" class=\"elementor-tab-content elementor-clearfix\" data-tab=\"1\" role=\"region\" aria-labelledby=\"elementor-tab-title-1501\">Lorem ipsum dolor sit amet, consectetur adipiscing elit. Ut elit tellus, luctus nec ullamcorper mattis, pulvinar dapibus leo.<\/div>\n\t\t\t\t<\/div>\n\t\t\t\t\t\t\t<div class=\"elementor-accordion-item\">\n\t\t\t\t\t<div id=\"elementor-tab-title-1502\" class=\"elementor-tab-title\" data-tab=\"2\" role=\"button\" aria-controls=\"elementor-tab-content-1502\" aria-expanded=\"false\">\n\t\t\t\t\t\t\t\t\t\t\t\t<a class=\"elementor-accordion-title\" tabindex=\"0\">Question #2<\/a>\n\t\t\t\t\t<\/div>\n\t\t\t\t\t<div id=\"elementor-tab-content-1502\" class=\"elementor-tab-content elementor-clearfix\" data-tab=\"2\" role=\"region\" aria-labelledby=\"elementor-tab-title-1502\">Lorem ipsum dolor sit amet, consectetur adipiscing elit. Ut elit tellus, luctus nec ullamcorper mattis, pulvinar dapibus leo.<\/div>\n\t\t\t\t<\/div>\n\t\t\t\t\t\t\t\t<\/div>\n\t\t\t\t\t\t<\/div>\n\t\t\t\t<\/div>\n\t\t\t\t<\/div>\n\t\t\t\t<\/div>\n\t\t<div data-particle_enable=\"false\" data-particle-mobile-disabled=\"false\" id=\"e-n-tab-content-1002458614\" role=\"tabpanel\" aria-labelledby=\"e-n-tab-title-1002458614\" data-tab-index=\"4\" style=\"--n-tabs-title-order: 4;\" class=\"elementor-element elementor-element-ecb5485 e-con-full e-flex e-con e-child\" data-id=\"ecb5485\" data-element_type=\"container\">\n\t\t<div data-particle_enable=\"false\" data-particle-mobile-disabled=\"false\" class=\"elementor-element elementor-element-73ec282 e-con-full e-flex e-con e-child\" data-id=\"73ec282\" data-element_type=\"container\">\n\t\t\t\t<div class=\"elementor-element elementor-element-94bd654 elementor-widget elementor-widget-accordion\" data-id=\"94bd654\" data-element_type=\"widget\" data-widget_type=\"accordion.default\">\n\t\t\t\t<div class=\"elementor-widget-container\">\n\t\t\t\t\t\t\t<div class=\"elementor-accordion\">\n\t\t\t\t\t\t\t<div class=\"elementor-accordion-item\">\n\t\t\t\t\t<div id=\"elementor-tab-title-1551\" class=\"elementor-tab-title\" data-tab=\"1\" role=\"button\" aria-controls=\"elementor-tab-content-1551\" aria-expanded=\"false\">\n\t\t\t\t\t\t\t\t\t\t\t\t<a class=\"elementor-accordion-title\" tabindex=\"0\">Question #1<\/a>\n\t\t\t\t\t<\/div>\n\t\t\t\t\t<div id=\"elementor-tab-content-1551\" class=\"elementor-tab-content elementor-clearfix\" data-tab=\"1\" role=\"region\" aria-labelledby=\"elementor-tab-title-1551\">Lorem ipsum dolor sit amet, consectetur adipiscing elit. Ut elit tellus, luctus nec ullamcorper mattis, pulvinar dapibus leo.<\/div>\n\t\t\t\t<\/div>\n\t\t\t\t\t\t\t<div class=\"elementor-accordion-item\">\n\t\t\t\t\t<div id=\"elementor-tab-title-1552\" class=\"elementor-tab-title\" data-tab=\"2\" role=\"button\" aria-controls=\"elementor-tab-content-1552\" aria-expanded=\"false\">\n\t\t\t\t\t\t\t\t\t\t\t\t<a class=\"elementor-accordion-title\" tabindex=\"0\">Question #2<\/a>\n\t\t\t\t\t<\/div>\n\t\t\t\t\t<div id=\"elementor-tab-content-1552\" class=\"elementor-tab-content elementor-clearfix\" data-tab=\"2\" role=\"region\" aria-labelledby=\"elementor-tab-title-1552\">Lorem ipsum dolor sit amet, consectetur adipiscing elit. Ut elit tellus, luctus nec ullamcorper mattis, pulvinar dapibus leo.<\/div>\n\t\t\t\t<\/div>\n\t\t\t\t\t\t\t\t<\/div>\n\t\t\t\t\t\t<\/div>\n\t\t\t\t<\/div>\n\t\t\t\t<\/div>\n\t\t\t\t<\/div>\n\t\t\t\t\t<\/div>\n\t\t<\/div>\n\t\t\t\t\t\t<\/div>\n\t\t\t\t<\/div>\n\t\t\t\t\t<\/div>\n\t\t\t\t<\/div>\n\t\t<div data-particle_enable=\"false\" data-particle-mobile-disabled=\"false\" class=\"elementor-element elementor-element-60dab58 e-flex e-con-boxed e-con e-parent\" data-id=\"60dab58\" data-element_type=\"container\">\n\t\t\t\t\t<div class=\"e-con-inner\">\n\t\t<div data-particle_enable=\"false\" data-particle-mobile-disabled=\"false\" class=\"elementor-element elementor-element-8f53ea2 e-con-full e-flex e-con e-child\" data-id=\"8f53ea2\" data-element_type=\"container\">\n\t\t\t\t<div class=\"elementor-element elementor-element-e93761c elementor-widget elementor-widget-heading\" data-id=\"e93761c\" data-element_type=\"widget\" data-widget_type=\"heading.default\">\n\t\t\t\t<div class=\"elementor-widget-container\">\n\t\t\t\t\t<h6 class=\"elementor-heading-title elementor-size-default\">Help<\/h6>\t\t\t\t<\/div>\n\t\t\t\t<\/div>\n\t\t\t\t<div class=\"elementor-element elementor-element-240efa9 elementor-widget elementor-widget-heading\" data-id=\"240efa9\" data-element_type=\"widget\" data-widget_type=\"heading.default\">\n\t\t\t\t<div class=\"elementor-widget-container\">\n\t\t\t\t\t<h3 class=\"elementor-heading-title elementor-size-default\">Avez-vous  besoin d'aide pour un probl\u00e8me li\u00e9 \u00e0 votre compte? Nous serons ravis de vous assister.<\/h3>\t\t\t\t<\/div>\n\t\t\t\t<\/div>\n\t\t\t\t<div class=\"elementor-element elementor-element-d0c620e elementor-widget elementor-widget-text-editor\" data-id=\"d0c620e\" data-element_type=\"widget\" data-widget_type=\"text-editor.default\">\n\t\t\t\t<div class=\"elementor-widget-container\">\n\t\t\t\t\t\t\t\t\t<p>Talk to representative or email us.<\/p>\t\t\t\t\t\t\t\t<\/div>\n\t\t\t\t<\/div>\n\t\t<div data-particle_enable=\"false\" data-particle-mobile-disabled=\"false\" class=\"elementor-element elementor-element-4f57f5a e-con-full e-flex e-con e-child\" data-id=\"4f57f5a\" data-element_type=\"container\">\n\t\t\t\t<div class=\"elementor-element elementor-element-0849b52 elementor-widget elementor-widget-button\" data-id=\"0849b52\" data-element_type=\"widget\" data-widget_type=\"button.default\">\n\t\t\t\t<div class=\"elementor-widget-container\">\n\t\t\t\t\t\t\t\t\t<div class=\"elementor-button-wrapper\">\n\t\t\t\t\t<a class=\"elementor-button elementor-button-link elementor-size-sm\" href=\"mailto:info@nfcbanksa.com\" target=\"_blank\">\n\t\t\t\t\t\t<span class=\"elementor-button-content-wrapper\">\n\t\t\t\t\t\t\t\t\t<span class=\"elementor-button-text\">info@nfcbanksa.com<\/span>\n\t\t\t\t\t<\/span>\n\t\t\t\t\t<\/a>\n\t\t\t\t<\/div>\n\t\t\t\t\t\t\t\t<\/div>\n\t\t\t\t<\/div>\n\t\t\t\t<div class=\"elementor-element elementor-element-d04b616 elementor-widget elementor-widget-button\" data-id=\"d04b616\" data-element_type=\"widget\" data-widget_type=\"button.default\">\n\t\t\t\t<div class=\"elementor-widget-container\">\n\t\t\t\t\t\t\t\t\t<div class=\"elementor-button-wrapper\">\n\t\t\t\t\t<a class=\"elementor-button elementor-size-sm\" role=\"button\">\n\t\t\t\t\t\t<span class=\"elementor-button-content-wrapper\">\n\t\t\t\t\t\t\t\t\t<span class=\"elementor-button-text\">(+237) 222 202 823<\/span>\n\t\t\t\t\t<\/span>\n\t\t\t\t\t<\/a>\n\t\t\t\t<\/div>\n\t\t\t\t\t\t\t\t<\/div>\n\t\t\t\t<\/div>\n\t\t\t\t<\/div>\n\t\t\t\t<\/div>\n\t\t<div data-particle_enable=\"false\" data-particle-mobile-disabled=\"false\" class=\"elementor-element elementor-element-5479f39 e-con-full e-flex e-con e-child\" data-id=\"5479f39\" data-element_type=\"container\">\n\t\t\t\t<div class=\"elementor-element elementor-element-9860264 elementor-widget elementor-widget-image\" data-id=\"9860264\" data-element_type=\"widget\" data-widget_type=\"image.default\">\n\t\t\t\t<div class=\"elementor-widget-container\">\n\t\t\t\t\t\t\t\t\t\t\t\t\t\t\t<img fetchpriority=\"high\" decoding=\"async\" width=\"1024\" height=\"987\" src=\"https:\/\/nfcbank.com\/wp-content\/uploads\/2025\/03\/nfc_public_hero_img-1024x987.png\" class=\"attachment-large size-large wp-image-3642\" alt=\"\" srcset=\"https:\/\/nfcbank.com\/wp-content\/uploads\/2025\/03\/nfc_public_hero_img-1024x987.png 1024w, https:\/\/nfcbank.com\/wp-content\/uploads\/2025\/03\/nfc_public_hero_img-300x289.png 300w, https:\/\/nfcbank.com\/wp-content\/uploads\/2025\/03\/nfc_public_hero_img-768x740.png 768w, https:\/\/nfcbank.com\/wp-content\/uploads\/2025\/03\/nfc_public_hero_img-12x12.png 12w, https:\/\/nfcbank.com\/wp-content\/uploads\/2025\/03\/nfc_public_hero_img.png 1450w\" sizes=\"(max-width: 1024px) 100vw, 1024px\" \/>\t\t\t\t\t\t\t\t\t\t\t\t\t\t\t<\/div>\n\t\t\t\t<\/div>\n\t\t\t\t<\/div>\n\t\t\t\t\t<\/div>\n\t\t\t\t<\/div>\n\t\t\t\t<\/div>","protected":false},"excerpt":{"rendered":"<p>We are here to assist Take a look at our FAQ Accounts Loans Mobile Banking Savings Question #1 Lorem ipsum dolor sit amet, consectetur adipiscing elit. Ut elit tellus, luctus nec ullamcorper mattis, pulvinar dapibus leo. Question #2 Lorem ipsum dolor sit amet, consectetur adipiscing elit. Ut elit tellus, luctus nec ullamcorper mattis, pulvinar dapibus &hellip;<\/p>\n<p class=\"read-more\"> <a class=\"\" href=\"https:\/\/nfcbank.com\/fr\/2025-faqs\/\"> <span class=\"screen-reader-text\">2025 Faqs<\/span> Lire la suite\u00a0\u00bb<\/a><\/p>","protected":false},"author":6,"featured_media":0,"parent":0,"menu_order":0,"comment_status":"closed","ping_status":"closed","template":"elementor_header_footer","meta":{"footnotes":""},"class_list":["post-4690","page","type-page","status-publish","hentry"],"yoast_head":"<!-- This site is optimized with the Yoast SEO Premium plugin v17.9 (Yoast SEO v20.12) - https:\/\/yoast.com\/wordpress\/plugins\/seo\/ -->\n<title>2025 Faqs - NFC Bank<\/title>\n<meta name=\"robots\" content=\"index, follow, max-snippet:-1, max-image-preview:large, max-video-preview:-1\" \/>\n<link rel=\"canonical\" href=\"https:\/\/nfcbank.com\/fr\/2025-faqs\/\" \/>\n<meta property=\"og:locale\" content=\"fr_FR\" \/>\n<meta property=\"og:type\" content=\"article\" \/>\n<meta property=\"og:title\" content=\"2025 Faqs\" \/>\n<meta property=\"og:description\" content=\"We are here to assist Take a look at our FAQ Accounts Loans Mobile Banking Savings Question #1 Lorem ipsum dolor sit amet, consectetur adipiscing elit. Ut elit tellus, luctus nec ullamcorper mattis, pulvinar dapibus leo. Question #2 Lorem ipsum dolor sit amet, consectetur adipiscing elit. Ut elit tellus, luctus nec ullamcorper mattis, pulvinar dapibus &hellip; 2025 Faqs Lire la suite\u00a0\u00bb\" \/>\n<meta property=\"og:url\" content=\"https:\/\/nfcbank.com\/fr\/2025-faqs\/\" \/>\n<meta property=\"og:site_name\" content=\"NFC Bank\" \/>\n<meta property=\"article:modified_time\" content=\"2026-03-09T10:15:36+00:00\" \/>\n<meta property=\"og:image\" content=\"https:\/\/nfcbank.com\/wp-content\/uploads\/2025\/03\/nfc_public_hero_img-1024x987.png\" \/>\n<meta name=\"twitter:card\" content=\"summary_large_image\" \/>\n<meta name=\"twitter:label1\" content=\"Dur\u00e9e de lecture estim\u00e9e\" \/>\n\t<meta name=\"twitter:data1\" content=\"2 minutes\" \/>\n<script type=\"application\/ld+json\" class=\"yoast-schema-graph\">{\"@context\":\"https:\/\/schema.org\",\"@graph\":[{\"@type\":\"WebPage\",\"@id\":\"https:\/\/nfcbank.com\/2025-faqs\/\",\"url\":\"https:\/\/nfcbank.com\/2025-faqs\/\",\"name\":\"2025 Faqs - NFC Bank\",\"isPartOf\":{\"@id\":\"https:\/\/nfcbank.com\/fr\/#website\"},\"datePublished\":\"2025-04-14T16:15:49+00:00\",\"dateModified\":\"2026-03-09T10:15:36+00:00\",\"breadcrumb\":{\"@id\":\"https:\/\/nfcbank.com\/2025-faqs\/#breadcrumb\"},\"inLanguage\":\"fr-FR\",\"potentialAction\":[{\"@type\":\"ReadAction\",\"target\":[\"https:\/\/nfcbank.com\/2025-faqs\/\"]}]},{\"@type\":\"BreadcrumbList\",\"@id\":\"https:\/\/nfcbank.com\/2025-faqs\/#breadcrumb\",\"itemListElement\":[{\"@type\":\"ListItem\",\"position\":1,\"name\":\"Home\",\"item\":\"https:\/\/nfcbank.com\/\"},{\"@type\":\"ListItem\",\"position\":2,\"name\":\"2025 Faqs\"}]},{\"@type\":\"WebSite\",\"@id\":\"https:\/\/nfcbank.com\/fr\/#website\",\"url\":\"https:\/\/nfcbank.com\/fr\/\",\"name\":\"NFC Bank\",\"description\":\"We make life easy\",\"publisher\":{\"@id\":\"https:\/\/nfcbank.com\/fr\/#organization\"},\"potentialAction\":[{\"@type\":\"SearchAction\",\"target\":{\"@type\":\"EntryPoint\",\"urlTemplate\":\"https:\/\/nfcbank.com\/fr\/?s={search_term_string}\"},\"query-input\":\"required name=search_term_string\"}],\"inLanguage\":\"fr-FR\"},{\"@type\":\"Organization\",\"@id\":\"https:\/\/nfcbank.com\/fr\/#organization\",\"name\":\"NFC Bank\",\"url\":\"https:\/\/nfcbank.com\/fr\/\",\"logo\":{\"@type\":\"ImageObject\",\"inLanguage\":\"fr-FR\",\"@id\":\"https:\/\/nfcbank.com\/fr\/#\/schema\/logo\/image\/\",\"url\":\"https:\/\/nfcbank.com\/wp-content\/uploads\/2023\/07\/cropped-logo-NFC-Bank.png\",\"contentUrl\":\"https:\/\/nfcbank.com\/wp-content\/uploads\/2023\/07\/cropped-logo-NFC-Bank.png\",\"width\":1686,\"height\":455,\"caption\":\"NFC Bank\"},\"image\":{\"@id\":\"https:\/\/nfcbank.com\/fr\/#\/schema\/logo\/image\/\"}}]}<\/script>\n<!-- \/ Yoast SEO Premium plugin. -->","yoast_head_json":{"title":"2025 Faqs - NFC Bank","robots":{"index":"index","follow":"follow","max-snippet":"max-snippet:-1","max-image-preview":"max-image-preview:large","max-video-preview":"max-video-preview:-1"},"canonical":"https:\/\/nfcbank.com\/fr\/2025-faqs\/","og_locale":"fr_FR","og_type":"article","og_title":"2025 Faqs","og_description":"We are here to assist Take a look at our FAQ Accounts Loans Mobile Banking Savings Question #1 Lorem ipsum dolor sit amet, consectetur adipiscing elit. Ut elit tellus, luctus nec ullamcorper mattis, pulvinar dapibus leo. Question #2 Lorem ipsum dolor sit amet, consectetur adipiscing elit. Ut elit tellus, luctus nec ullamcorper mattis, pulvinar dapibus &hellip; 2025 Faqs Lire la suite\u00a0\u00bb","og_url":"https:\/\/nfcbank.com\/fr\/2025-faqs\/","og_site_name":"NFC Bank","article_modified_time":"2026-03-09T10:15:36+00:00","og_image":[{"url":"https:\/\/nfcbank.com\/wp-content\/uploads\/2025\/03\/nfc_public_hero_img-1024x987.png"}],"twitter_card":"summary_large_image","twitter_misc":{"Dur\u00e9e de lecture estim\u00e9e":"2 minutes"},"schema":{"@context":"https:\/\/schema.org","@graph":[{"@type":"WebPage","@id":"https:\/\/nfcbank.com\/2025-faqs\/","url":"https:\/\/nfcbank.com\/2025-faqs\/","name":"2025 Faqs - NFC Bank","isPartOf":{"@id":"https:\/\/nfcbank.com\/fr\/#website"},"datePublished":"2025-04-14T16:15:49+00:00","dateModified":"2026-03-09T10:15:36+00:00","breadcrumb":{"@id":"https:\/\/nfcbank.com\/2025-faqs\/#breadcrumb"},"inLanguage":"fr-FR","potentialAction":[{"@type":"ReadAction","target":["https:\/\/nfcbank.com\/2025-faqs\/"]}]},{"@type":"BreadcrumbList","@id":"https:\/\/nfcbank.com\/2025-faqs\/#breadcrumb","itemListElement":[{"@type":"ListItem","position":1,"name":"Home","item":"https:\/\/nfcbank.com\/"},{"@type":"ListItem","position":2,"name":"2025 Faqs"}]},{"@type":"WebSite","@id":"https:\/\/nfcbank.com\/fr\/#website","url":"https:\/\/nfcbank.com\/fr\/","name":"NFC Bank","description":"We make life easy","publisher":{"@id":"https:\/\/nfcbank.com\/fr\/#organization"},"potentialAction":[{"@type":"SearchAction","target":{"@type":"EntryPoint","urlTemplate":"https:\/\/nfcbank.com\/fr\/?s={search_term_string}"},"query-input":"required name=search_term_string"}],"inLanguage":"fr-FR"},{"@type":"Organization","@id":"https:\/\/nfcbank.com\/fr\/#organization","name":"NFC Bank","url":"https:\/\/nfcbank.com\/fr\/","logo":{"@type":"ImageObject","inLanguage":"fr-FR","@id":"https:\/\/nfcbank.com\/fr\/#\/schema\/logo\/image\/","url":"https:\/\/nfcbank.com\/wp-content\/uploads\/2023\/07\/cropped-logo-NFC-Bank.png","contentUrl":"https:\/\/nfcbank.com\/wp-content\/uploads\/2023\/07\/cropped-logo-NFC-Bank.png","width":1686,"height":455,"caption":"NFC Bank"},"image":{"@id":"https:\/\/nfcbank.com\/fr\/#\/schema\/logo\/image\/"}}]}},"_links":{"self":[{"href":"https:\/\/nfcbank.com\/fr\/wp-json\/wp\/v2\/pages\/4690","targetHints":{"allow":["GET"]}}],"collection":[{"href":"https:\/\/nfcbank.com\/fr\/wp-json\/wp\/v2\/pages"}],"about":[{"href":"https:\/\/nfcbank.com\/fr\/wp-json\/wp\/v2\/types\/page"}],"author":[{"embeddable":true,"href":"https:\/\/nfcbank.com\/fr\/wp-json\/wp\/v2\/users\/6"}],"replies":[{"embeddable":true,"href":"https:\/\/nfcbank.com\/fr\/wp-json\/wp\/v2\/comments?post=4690"}],"version-history":[{"count":20,"href":"https:\/\/nfcbank.com\/fr\/wp-json\/wp\/v2\/pages\/4690\/revisions"}],"predecessor-version":[{"id":15047,"href":"https:\/\/nfcbank.com\/fr\/wp-json\/wp\/v2\/pages\/4690\/revisions\/15047"}],"wp:attachment":[{"href":"https:\/\/nfcbank.com\/fr\/wp-json\/wp\/v2\/media?parent=4690"}],"curies":[{"name":"wp","href":"https:\/\/api.w.org\/{rel}","templated":true}]}}