{"id":4141,"date":"2025-04-08T12:32:09","date_gmt":"2025-04-08T12:32:09","guid":{"rendered":"https:\/\/nfcbank.com\/?page_id=4141"},"modified":"2025-06-25T13:29:18","modified_gmt":"2025-06-25T13:29:18","slug":"2025-edu-save","status":"publish","type":"page","link":"https:\/\/nfcbank.com\/fr\/2025-individuals\/2025-accounts\/2025-edu-save\/","title":{"rendered":"2025 Edu Save"},"content":{"rendered":"<div data-elementor-type=\"wp-page\" data-elementor-id=\"4141\" class=\"elementor elementor-4141\" data-elementor-post-type=\"page\">\n\t\t\t\t<div data-particle_enable=\"false\" data-particle-mobile-disabled=\"false\" class=\"elementor-element elementor-element-5d17d41 e-flex e-con-boxed e-con e-parent\" data-id=\"5d17d41\" data-element_type=\"container\" data-settings=\"{&quot;background_background&quot;:&quot;classic&quot;}\">\n\t\t\t\t\t<div class=\"e-con-inner\">\n\t\t<div data-particle_enable=\"false\" data-particle-mobile-disabled=\"false\" class=\"elementor-element elementor-element-4797fce e-con-full e-flex e-con e-parent\" data-id=\"4797fce\" data-element_type=\"container\">\n\t\t\t\t<div class=\"elementor-element elementor-element-6a55640 elementor-widget elementor-widget-breadcrumbs\" data-id=\"6a55640\" data-element_type=\"widget\" data-widget_type=\"breadcrumbs.default\">\n\t\t\t\t<div class=\"elementor-widget-container\">\n\t\t\t\t\t<p id=\"breadcrumbs\"><span><span><a href=\"https:\/\/nfcbank.com\/fr\/\">Accueil<\/a><\/span><\/span><\/p>\t\t\t\t<\/div>\n\t\t\t\t<\/div>\n\t\t\t\t<div class=\"elementor-element elementor-element-38b3557 elementor-widget elementor-widget-heading\" data-id=\"38b3557\" data-element_type=\"widget\" data-widget_type=\"heading.default\">\n\t\t\t\t<div class=\"elementor-widget-container\">\n\t\t\t\t\t<h2 class=\"elementor-heading-title elementor-size-default\">Start saving for your children's education today.<\/h2>\t\t\t\t<\/div>\n\t\t\t\t<\/div>\n\t\t\t\t<div class=\"elementor-element elementor-element-a572fad elementor-widget elementor-widget-heading\" data-id=\"a572fad\" data-element_type=\"widget\" data-widget_type=\"heading.default\">\n\t\t\t\t<div class=\"elementor-widget-container\">\n\t\t\t\t\t<h4 class=\"elementor-heading-title elementor-size-default\">An education\u2010specific savings account opened in the name of the beneficiary and designed to support education through primary,\u00a0 secondary school and tertiary education.\u00a0<\/h4>\t\t\t\t<\/div>\n\t\t\t\t<\/div>\n\t\t\t\t<\/div>\n\t\t<div data-particle_enable=\"false\" data-particle-mobile-disabled=\"false\" class=\"elementor-element elementor-element-389de88 e-con-full e-flex e-con e-parent\" data-id=\"389de88\" data-element_type=\"container\">\n\t\t\t\t<\/div>\n\t\t\t\t\t<\/div>\n\t\t\t\t<\/div>\n\t\t<div data-particle_enable=\"false\" data-particle-mobile-disabled=\"false\" class=\"elementor-element elementor-element-35b03e8 e-flex e-con-boxed e-con e-parent\" data-id=\"35b03e8\" data-element_type=\"container\">\n\t\t\t\t\t<div class=\"e-con-inner\">\n\t\t\t\t<div class=\"elementor-element elementor-element-5f9a165 e-n-tabs-mobile elementor-widget elementor-widget-n-tabs\" data-id=\"5f9a165\" data-element_type=\"widget\" data-settings=\"{&quot;tabs_justify_horizontal&quot;:&quot;start&quot;,&quot;horizontal_scroll&quot;:&quot;disable&quot;}\" data-widget_type=\"nested-tabs.default\">\n\t\t\t\t<div class=\"elementor-widget-container\">\n\t\t\t\t\t\t\t<div class=\"e-n-tabs\" data-widget-number=\"100245861\" aria-label=\"Tabs. Open items with Enter or Space, close with Escape and navigate using the Arrow keys.\">\n\t\t\t<div class=\"e-n-tabs-heading\" role=\"tablist\">\n\t\t\t\t\t<button id=\"e-n-tab-title-1002458611\" class=\"e-n-tab-title\" aria-selected=\"true\" data-tab-index=\"1\" role=\"tab\" tabindex=\"0\" aria-controls=\"e-n-tab-content-1002458611\" style=\"--n-tabs-title-order: 1;\">\n\t\t\t\t\t\t<span class=\"e-n-tab-title-text\">\n\t\t\t\tCaract\u00e9ristiques et avantages\t\t\t<\/span>\n\t\t<\/button>\n\t\t\t\t<button id=\"e-n-tab-title-1002458612\" class=\"e-n-tab-title\" aria-selected=\"false\" data-tab-index=\"2\" role=\"tab\" tabindex=\"-1\" aria-controls=\"e-n-tab-content-1002458612\" style=\"--n-tabs-title-order: 2;\">\n\t\t\t\t\t\t<span class=\"e-n-tab-title-text\">\n\t\t\t\t\u00c9ligibilit\u00e9\t\t\t<\/span>\n\t\t<\/button>\n\t\t\t\t<button id=\"e-n-tab-title-1002458613\" class=\"e-n-tab-title\" aria-selected=\"false\" data-tab-index=\"3\" role=\"tab\" tabindex=\"-1\" aria-controls=\"e-n-tab-content-1002458613\" style=\"--n-tabs-title-order: 3;\">\n\t\t\t\t\t\t<span class=\"e-n-tab-title-text\">\n\t\t\t\tDocuments:\t\t\t<\/span>\n\t\t<\/button>\n\t\t\t\t\t<\/div>\n\t\t\t<div class=\"e-n-tabs-content\">\n\t\t\t\t<div data-particle_enable=\"false\" data-particle-mobile-disabled=\"false\" id=\"e-n-tab-content-1002458611\" role=\"tabpanel\" aria-labelledby=\"e-n-tab-title-1002458611\" data-tab-index=\"1\" style=\"--n-tabs-title-order: 1;\" class=\"e-active elementor-element elementor-element-655fd14 e-con-full e-flex e-con e-parent\" data-id=\"655fd14\" data-element_type=\"container\">\n\t\t<div data-particle_enable=\"false\" data-particle-mobile-disabled=\"false\" class=\"elementor-element elementor-element-f0625d6 e-con-full e-flex e-con e-parent\" data-id=\"f0625d6\" data-element_type=\"container\">\n\t\t\t\t<div class=\"elementor-element elementor-element-d27d2f2 elementor-widget elementor-widget-text-editor\" data-id=\"d27d2f2\" data-element_type=\"widget\" data-widget_type=\"text-editor.default\">\n\t\t\t\t<div class=\"elementor-widget-container\">\n\t\t\t\t\t\t\t\t\t<ul><li>Solde d'ouverture minimum tr\u00e8s bas.\u00a0<\/li><li>Une fa\u00e7on pratique d'\u00e9pargner de petites sommes pour les \u00e9tudes de l'enfant\u00a0<\/li><li>Taux d\u2019int\u00e9r\u00eat concurrentiels\u00a0 \u00a0\u00a0<\/li><\/ul>\t\t\t\t\t\t\t\t<\/div>\n\t\t\t\t<\/div>\n\t\t\t\t<\/div>\n\t\t\t\t<\/div>\n\t\t<div data-particle_enable=\"false\" data-particle-mobile-disabled=\"false\" id=\"e-n-tab-content-1002458612\" role=\"tabpanel\" aria-labelledby=\"e-n-tab-title-1002458612\" data-tab-index=\"2\" style=\"--n-tabs-title-order: 2;\" class=\"elementor-element elementor-element-3ef4ef7 e-con-full e-flex e-con e-parent\" data-id=\"3ef4ef7\" data-element_type=\"container\">\n\t\t\t\t<div class=\"elementor-element elementor-element-1c0bf59 elementor-widget elementor-widget-text-editor\" data-id=\"1c0bf59\" data-element_type=\"widget\" data-widget_type=\"text-editor.default\">\n\t\t\t\t<div class=\"elementor-widget-container\">\n\t\t\t\t\t\t\t\t\t<ul><li>Secondary School Students\u00a0 \u00a0<\/li><li>High School Students\u00a0<\/li><li>\u00c9tudiants universitaires\u00a0\u00a0<\/li><li>Students in Tertiary<\/li><li>Institutions\u00a0<\/li><li>Parents with minors who wish to save for their children\u2019s future<\/li><\/ul>\t\t\t\t\t\t\t\t<\/div>\n\t\t\t\t<\/div>\n\t\t\t\t<\/div>\n\t\t<div data-particle_enable=\"false\" data-particle-mobile-disabled=\"false\" id=\"e-n-tab-content-1002458613\" role=\"tabpanel\" aria-labelledby=\"e-n-tab-title-1002458613\" data-tab-index=\"3\" style=\"--n-tabs-title-order: 3;\" class=\"elementor-element elementor-element-ed5f317 e-con-full e-flex e-con e-parent\" data-id=\"ed5f317\" data-element_type=\"container\">\n\t\t<div data-particle_enable=\"false\" data-particle-mobile-disabled=\"false\" class=\"elementor-element elementor-element-cda1df4 e-con-full e-flex e-con e-parent\" data-id=\"cda1df4\" data-element_type=\"container\">\n\t\t\t\t<div class=\"elementor-element elementor-element-e167cc9 elementor-widget elementor-widget-text-editor\" data-id=\"e167cc9\" data-element_type=\"widget\" data-widget_type=\"text-editor.default\">\n\t\t\t\t<div class=\"elementor-widget-container\">\n\t\t\t\t\t\t\t\t\t<ul><li>Copie de la carte d'identit\u00e9 valide\u00a0<\/li><li>02 Photos 4\u00d74 size<\/li><li>Acte de naissance<\/li><li>Plan de localisation\/facture de services publics (\u00e9lectricit\u00e9 et eau)\u00a0<\/li><\/ul><p><strong>\u00a0a) Mineurs\u00a0 \u00a0 <\/strong><\/p><ul><li>\u00a0Valid Identification of Parents\/Guardian \u2013 National Identity Cards or Passport\u00a0<\/li><li>Acte de naissance de l\u2019enfant\u00a0<\/li><li>\u00a04 photos d'identit\u00e9 au format passeport de l'enfant et des parents\u00a0<\/li><li>\u00a0V\u00e9rification de l'adresse\u00a0<\/li><li>R\u00e9ception\/preuve de la facture de services publics, p. ex. eau, \u00e9lectricit\u00e9, etc.\u00a0<\/li><li>\u00a0L'alternative de facture de service public peut \u00eatre un plan de localisation\u00a0<\/li><li>D\u00e9p\u00f4t initial d'au moins 5.000 FCFA\u00a0 \u00a0<\/li><\/ul><p><strong>b) Etudiants<\/strong>\u00a0 \u00a0<\/p><ul><li>\u00a0Copie de la carte d'identit\u00e9 valide\u00a0\u00a0<\/li><li>02 photos de format 4x4\u00a0<\/li><li>\u00a0Carte d'\u00e9tudiant \/ toute autre preuve\u00a0\u00a0<\/li><\/ul>\t\t\t\t\t\t\t\t<\/div>\n\t\t\t\t<\/div>\n\t\t\t\t<\/div>\n\t\t\t\t<\/div>\n\t\t\t\t\t<\/div>\n\t\t<\/div>\n\t\t\t\t\t\t<\/div>\n\t\t\t\t<\/div>\n\t\t\t\t\t<\/div>\n\t\t\t\t<\/div>\n\t\t\t\t<\/div>","protected":false},"excerpt":{"rendered":"<p>Start saving for your children&#8217;s education today. An education\u2010specific savings account opened in the name of the beneficiary and designed to support education through primary,\u00a0 secondary school and tertiary education.\u00a0 Features and Benefits Eligibility Documents Features and Benefits Very low minimum opening balance\u00a0 Convenient way to save small amounts for the child\u2019s education\u00a0 Competitive interest &hellip;<\/p>\n<p class=\"read-more\"> <a class=\"\" href=\"https:\/\/nfcbank.com\/fr\/2025-individuals\/2025-accounts\/2025-edu-save\/\"> <span class=\"screen-reader-text\">2025 Edu Save<\/span> Lire la suite\u00a0\u00bb<\/a><\/p>","protected":false},"author":6,"featured_media":0,"parent":3879,"menu_order":0,"comment_status":"closed","ping_status":"closed","template":"elementor_header_footer","meta":{"footnotes":""},"class_list":["post-4141","page","type-page","status-publish","hentry"],"yoast_head":"<!-- This site is optimized with the Yoast SEO Premium plugin v17.9 (Yoast SEO v20.12) - https:\/\/yoast.com\/wordpress\/plugins\/seo\/ -->\n<title>2025 Edu Save - NFC Bank<\/title>\n<meta name=\"robots\" content=\"index, follow, max-snippet:-1, max-image-preview:large, max-video-preview:-1\" \/>\n<link rel=\"canonical\" href=\"https:\/\/nfcbank.com\/fr\/2025-individuals\/2025-accounts\/2025-edu-save\/\" \/>\n<meta property=\"og:locale\" content=\"fr_FR\" \/>\n<meta property=\"og:type\" content=\"article\" \/>\n<meta property=\"og:title\" content=\"2025 Edu Save\" \/>\n<meta property=\"og:description\" content=\"Start saving for your children&#8217;s education today. An education\u2010specific savings account opened in the name of the beneficiary and designed to support education through primary,\u00a0 secondary school and tertiary education.\u00a0 Features and Benefits Eligibility Documents Features and Benefits Very low minimum opening balance\u00a0 Convenient way to save small amounts for the child\u2019s education\u00a0 Competitive interest &hellip; 2025 Edu Save Lire la suite\u00a0\u00bb\" \/>\n<meta property=\"og:url\" content=\"https:\/\/nfcbank.com\/fr\/2025-individuals\/2025-accounts\/2025-edu-save\/\" \/>\n<meta property=\"og:site_name\" content=\"NFC Bank\" \/>\n<meta property=\"article:modified_time\" content=\"2025-06-25T13:29:18+00:00\" \/>\n<meta name=\"twitter:card\" content=\"summary_large_image\" \/>\n<meta name=\"twitter:label1\" content=\"Dur\u00e9e de lecture estim\u00e9e\" \/>\n\t<meta name=\"twitter:data1\" content=\"2 minutes\" \/>\n<script type=\"application\/ld+json\" class=\"yoast-schema-graph\">{\"@context\":\"https:\/\/schema.org\",\"@graph\":[{\"@type\":\"WebPage\",\"@id\":\"https:\/\/nfcbank.com\/2025-individuals\/2025-accounts\/2025-edu-save\/\",\"url\":\"https:\/\/nfcbank.com\/2025-individuals\/2025-accounts\/2025-edu-save\/\",\"name\":\"2025 Edu Save - NFC Bank\",\"isPartOf\":{\"@id\":\"https:\/\/nfcbank.com\/fr\/#website\"},\"datePublished\":\"2025-04-08T12:32:09+00:00\",\"dateModified\":\"2025-06-25T13:29:18+00:00\",\"breadcrumb\":{\"@id\":\"https:\/\/nfcbank.com\/2025-individuals\/2025-accounts\/2025-edu-save\/#breadcrumb\"},\"inLanguage\":\"fr-FR\",\"potentialAction\":[{\"@type\":\"ReadAction\",\"target\":[\"https:\/\/nfcbank.com\/2025-individuals\/2025-accounts\/2025-edu-save\/\"]}]},{\"@type\":\"BreadcrumbList\",\"@id\":\"https:\/\/nfcbank.com\/2025-individuals\/2025-accounts\/2025-edu-save\/#breadcrumb\",\"itemListElement\":[{\"@type\":\"ListItem\",\"position\":1,\"name\":\"Home\",\"item\":\"https:\/\/nfcbank.com\/\"},{\"@type\":\"ListItem\",\"position\":2,\"name\":\"2025 Individuals\",\"item\":\"https:\/\/nfcbank.com\/2025-individuals\/\"},{\"@type\":\"ListItem\",\"position\":3,\"name\":\"2025 Accounts\",\"item\":\"https:\/\/nfcbank.com\/2025-individuals\/2025-accounts\/\"},{\"@type\":\"ListItem\",\"position\":4,\"name\":\"2025 Edu Save\"}]},{\"@type\":\"WebSite\",\"@id\":\"https:\/\/nfcbank.com\/fr\/#website\",\"url\":\"https:\/\/nfcbank.com\/fr\/\",\"name\":\"NFC Bank\",\"description\":\"We make life easy\",\"publisher\":{\"@id\":\"https:\/\/nfcbank.com\/fr\/#organization\"},\"potentialAction\":[{\"@type\":\"SearchAction\",\"target\":{\"@type\":\"EntryPoint\",\"urlTemplate\":\"https:\/\/nfcbank.com\/fr\/?s={search_term_string}\"},\"query-input\":\"required name=search_term_string\"}],\"inLanguage\":\"fr-FR\"},{\"@type\":\"Organization\",\"@id\":\"https:\/\/nfcbank.com\/fr\/#organization\",\"name\":\"NFC Bank\",\"url\":\"https:\/\/nfcbank.com\/fr\/\",\"logo\":{\"@type\":\"ImageObject\",\"inLanguage\":\"fr-FR\",\"@id\":\"https:\/\/nfcbank.com\/fr\/#\/schema\/logo\/image\/\",\"url\":\"https:\/\/nfcbank.com\/wp-content\/uploads\/2023\/07\/cropped-logo-NFC-Bank.png\",\"contentUrl\":\"https:\/\/nfcbank.com\/wp-content\/uploads\/2023\/07\/cropped-logo-NFC-Bank.png\",\"width\":1686,\"height\":455,\"caption\":\"NFC Bank\"},\"image\":{\"@id\":\"https:\/\/nfcbank.com\/fr\/#\/schema\/logo\/image\/\"}}]}<\/script>\n<!-- \/ Yoast SEO Premium plugin. -->","yoast_head_json":{"title":"2025 Edu Save - NFC Bank","robots":{"index":"index","follow":"follow","max-snippet":"max-snippet:-1","max-image-preview":"max-image-preview:large","max-video-preview":"max-video-preview:-1"},"canonical":"https:\/\/nfcbank.com\/fr\/2025-individuals\/2025-accounts\/2025-edu-save\/","og_locale":"fr_FR","og_type":"article","og_title":"2025 Edu Save","og_description":"Start saving for your children&#8217;s education today. An education\u2010specific savings account opened in the name of the beneficiary and designed to support education through primary,\u00a0 secondary school and tertiary education.\u00a0 Features and Benefits Eligibility Documents Features and Benefits Very low minimum opening balance\u00a0 Convenient way to save small amounts for the child\u2019s education\u00a0 Competitive interest &hellip; 2025 Edu Save Lire la suite\u00a0\u00bb","og_url":"https:\/\/nfcbank.com\/fr\/2025-individuals\/2025-accounts\/2025-edu-save\/","og_site_name":"NFC Bank","article_modified_time":"2025-06-25T13:29:18+00:00","twitter_card":"summary_large_image","twitter_misc":{"Dur\u00e9e de lecture estim\u00e9e":"2 minutes"},"schema":{"@context":"https:\/\/schema.org","@graph":[{"@type":"WebPage","@id":"https:\/\/nfcbank.com\/2025-individuals\/2025-accounts\/2025-edu-save\/","url":"https:\/\/nfcbank.com\/2025-individuals\/2025-accounts\/2025-edu-save\/","name":"2025 Edu Save - NFC Bank","isPartOf":{"@id":"https:\/\/nfcbank.com\/fr\/#website"},"datePublished":"2025-04-08T12:32:09+00:00","dateModified":"2025-06-25T13:29:18+00:00","breadcrumb":{"@id":"https:\/\/nfcbank.com\/2025-individuals\/2025-accounts\/2025-edu-save\/#breadcrumb"},"inLanguage":"fr-FR","potentialAction":[{"@type":"ReadAction","target":["https:\/\/nfcbank.com\/2025-individuals\/2025-accounts\/2025-edu-save\/"]}]},{"@type":"BreadcrumbList","@id":"https:\/\/nfcbank.com\/2025-individuals\/2025-accounts\/2025-edu-save\/#breadcrumb","itemListElement":[{"@type":"ListItem","position":1,"name":"Home","item":"https:\/\/nfcbank.com\/"},{"@type":"ListItem","position":2,"name":"2025 Individuals","item":"https:\/\/nfcbank.com\/2025-individuals\/"},{"@type":"ListItem","position":3,"name":"2025 Accounts","item":"https:\/\/nfcbank.com\/2025-individuals\/2025-accounts\/"},{"@type":"ListItem","position":4,"name":"2025 Edu Save"}]},{"@type":"WebSite","@id":"https:\/\/nfcbank.com\/fr\/#website","url":"https:\/\/nfcbank.com\/fr\/","name":"NFC Bank","description":"We make life easy","publisher":{"@id":"https:\/\/nfcbank.com\/fr\/#organization"},"potentialAction":[{"@type":"SearchAction","target":{"@type":"EntryPoint","urlTemplate":"https:\/\/nfcbank.com\/fr\/?s={search_term_string}"},"query-input":"required name=search_term_string"}],"inLanguage":"fr-FR"},{"@type":"Organization","@id":"https:\/\/nfcbank.com\/fr\/#organization","name":"NFC Bank","url":"https:\/\/nfcbank.com\/fr\/","logo":{"@type":"ImageObject","inLanguage":"fr-FR","@id":"https:\/\/nfcbank.com\/fr\/#\/schema\/logo\/image\/","url":"https:\/\/nfcbank.com\/wp-content\/uploads\/2023\/07\/cropped-logo-NFC-Bank.png","contentUrl":"https:\/\/nfcbank.com\/wp-content\/uploads\/2023\/07\/cropped-logo-NFC-Bank.png","width":1686,"height":455,"caption":"NFC Bank"},"image":{"@id":"https:\/\/nfcbank.com\/fr\/#\/schema\/logo\/image\/"}}]}},"_links":{"self":[{"href":"https:\/\/nfcbank.com\/fr\/wp-json\/wp\/v2\/pages\/4141","targetHints":{"allow":["GET"]}}],"collection":[{"href":"https:\/\/nfcbank.com\/fr\/wp-json\/wp\/v2\/pages"}],"about":[{"href":"https:\/\/nfcbank.com\/fr\/wp-json\/wp\/v2\/types\/page"}],"author":[{"embeddable":true,"href":"https:\/\/nfcbank.com\/fr\/wp-json\/wp\/v2\/users\/6"}],"replies":[{"embeddable":true,"href":"https:\/\/nfcbank.com\/fr\/wp-json\/wp\/v2\/comments?post=4141"}],"version-history":[{"count":19,"href":"https:\/\/nfcbank.com\/fr\/wp-json\/wp\/v2\/pages\/4141\/revisions"}],"predecessor-version":[{"id":6688,"href":"https:\/\/nfcbank.com\/fr\/wp-json\/wp\/v2\/pages\/4141\/revisions\/6688"}],"up":[{"embeddable":true,"href":"https:\/\/nfcbank.com\/fr\/wp-json\/wp\/v2\/pages\/3879"}],"wp:attachment":[{"href":"https:\/\/nfcbank.com\/fr\/wp-json\/wp\/v2\/media?parent=4141"}],"curies":[{"name":"wp","href":"https:\/\/api.w.org\/{rel}","templated":true}]}}