{"id":4084,"date":"2025-04-08T11:53:06","date_gmt":"2025-04-08T11:53:06","guid":{"rendered":"https:\/\/nfcbank.com\/?page_id=4084"},"modified":"2025-06-25T13:31:45","modified_gmt":"2025-06-25T13:31:45","slug":"2025-non-salary-earners","status":"publish","type":"page","link":"https:\/\/nfcbank.com\/fr\/2025-individuals\/2025-accounts\/2025-non-salary-earners\/","title":{"rendered":"2025 Non Salary Earners"},"content":{"rendered":"<div data-elementor-type=\"wp-page\" data-elementor-id=\"4084\" class=\"elementor elementor-4084\" data-elementor-post-type=\"page\">\n\t\t\t\t<div data-particle_enable=\"false\" data-particle-mobile-disabled=\"false\" class=\"elementor-element elementor-element-5d17d41 e-flex e-con-boxed e-con e-parent\" data-id=\"5d17d41\" data-element_type=\"container\" data-settings=\"{&quot;background_background&quot;:&quot;classic&quot;}\">\n\t\t\t\t\t<div class=\"e-con-inner\">\n\t\t<div data-particle_enable=\"false\" data-particle-mobile-disabled=\"false\" class=\"elementor-element elementor-element-4797fce e-con-full e-flex e-con e-parent\" data-id=\"4797fce\" data-element_type=\"container\">\n\t\t\t\t<div class=\"elementor-element elementor-element-6a55640 elementor-widget elementor-widget-breadcrumbs\" data-id=\"6a55640\" data-element_type=\"widget\" data-widget_type=\"breadcrumbs.default\">\n\t\t\t\t<div class=\"elementor-widget-container\">\n\t\t\t\t\t<p id=\"breadcrumbs\"><span><span><a href=\"https:\/\/nfcbank.com\/fr\/\">Accueil<\/a><\/span><\/span><\/p>\t\t\t\t<\/div>\n\t\t\t\t<\/div>\n\t\t\t\t<div class=\"elementor-element elementor-element-38b3557 elementor-widget elementor-widget-heading\" data-id=\"38b3557\" data-element_type=\"widget\" data-widget_type=\"heading.default\">\n\t\t\t\t<div class=\"elementor-widget-container\">\n\t\t\t\t\t<h2 class=\"elementor-heading-title elementor-size-default\">Non Salary Earners<\/h2>\t\t\t\t<\/div>\n\t\t\t\t<\/div>\n\t\t\t\t<div class=\"elementor-element elementor-element-a572fad elementor-widget elementor-widget-heading\" data-id=\"a572fad\" data-element_type=\"widget\" data-widget_type=\"heading.default\">\n\t\t\t\t<div class=\"elementor-widget-container\">\n\t\t\t\t\t<h4 class=\"elementor-heading-title elementor-size-default\">We provide top\u2010class salary payment services to State employees and  employees of blue chip companies and embassies.<\/h4>\t\t\t\t<\/div>\n\t\t\t\t<\/div>\n\t\t\t\t<\/div>\n\t\t<div data-particle_enable=\"false\" data-particle-mobile-disabled=\"false\" class=\"elementor-element elementor-element-389de88 e-con-full e-flex e-con e-parent\" data-id=\"389de88\" data-element_type=\"container\">\n\t\t\t\t<\/div>\n\t\t\t\t\t<\/div>\n\t\t\t\t<\/div>\n\t\t<div data-particle_enable=\"false\" data-particle-mobile-disabled=\"false\" class=\"elementor-element elementor-element-35b03e8 e-flex e-con-boxed e-con e-parent\" data-id=\"35b03e8\" data-element_type=\"container\">\n\t\t\t\t\t<div class=\"e-con-inner\">\n\t\t\t\t<div class=\"elementor-element elementor-element-5f9a165 e-n-tabs-mobile elementor-widget elementor-widget-n-tabs\" data-id=\"5f9a165\" data-element_type=\"widget\" data-settings=\"{&quot;tabs_justify_horizontal&quot;:&quot;start&quot;,&quot;horizontal_scroll&quot;:&quot;disable&quot;}\" data-widget_type=\"nested-tabs.default\">\n\t\t\t\t<div class=\"elementor-widget-container\">\n\t\t\t\t\t\t\t<div class=\"e-n-tabs\" data-widget-number=\"100245861\" aria-label=\"Onglets. Ouvrez des \u00e9l\u00e9ments avec Entrer ou Espace, fermez-les avec Echape et naviguez \u00e0 l&#039;aide des touches fl\u00e9ch\u00e9es.\" data-no-translation-aria-label=\"\">\n\t\t\t<div class=\"e-n-tabs-heading\" role=\"tablist\">\n\t\t\t\t\t<button id=\"e-n-tab-title-1002458611\" class=\"e-n-tab-title\" aria-selected=\"true\" data-tab-index=\"1\" role=\"tab\" tabindex=\"0\" aria-controls=\"e-n-tab-content-1002458611\" style=\"--n-tabs-title-order: 1;\">\n\t\t\t\t\t\t<span class=\"e-n-tab-title-text\">\n\t\t\t\tCaract\u00e9ristiques et avantages\t\t\t<\/span>\n\t\t<\/button>\n\t\t\t\t<button id=\"e-n-tab-title-1002458612\" class=\"e-n-tab-title\" aria-selected=\"false\" data-tab-index=\"2\" role=\"tab\" tabindex=\"-1\" aria-controls=\"e-n-tab-content-1002458612\" style=\"--n-tabs-title-order: 2;\">\n\t\t\t\t\t\t<span class=\"e-n-tab-title-text\">\n\t\t\t\tDocuments:\t\t\t<\/span>\n\t\t<\/button>\n\t\t\t\t<button id=\"e-n-tab-title-1002458613\" class=\"e-n-tab-title\" aria-selected=\"false\" data-tab-index=\"3\" role=\"tab\" tabindex=\"-1\" aria-controls=\"e-n-tab-content-1002458613\" style=\"--n-tabs-title-order: 3;\">\n\t\t\t\t\t\t<span class=\"e-n-tab-title-text\">\n\t\t\t\tDocuments for Non \u2013 Civil Servants Salary Accounts\t\t\t<\/span>\n\t\t<\/button>\n\t\t\t\t\t<\/div>\n\t\t\t<div class=\"e-n-tabs-content\">\n\t\t\t\t<div data-particle_enable=\"false\" data-particle-mobile-disabled=\"false\" id=\"e-n-tab-content-1002458611\" role=\"tabpanel\" aria-labelledby=\"e-n-tab-title-1002458611\" data-tab-index=\"1\" style=\"--n-tabs-title-order: 1;\" class=\"e-active elementor-element elementor-element-655fd14 e-con-full e-flex e-con e-parent\" data-id=\"655fd14\" data-element_type=\"container\">\n\t\t<div data-particle_enable=\"false\" data-particle-mobile-disabled=\"false\" class=\"elementor-element elementor-element-f0625d6 e-con-full e-flex e-con e-parent\" data-id=\"f0625d6\" data-element_type=\"container\">\n\t\t\t\t<div class=\"elementor-element elementor-element-d27d2f2 elementor-widget elementor-widget-text-editor\" data-id=\"d27d2f2\" data-element_type=\"widget\" data-widget_type=\"text-editor.default\">\n\t\t\t\t<div class=\"elementor-widget-container\">\n\t\t\t\t\t\t\t\t\t<ul><li>Pas de frais d'ouverture de compte\u00a0<\/li><li>Z\u00e9ro Solde de fonctionnement minimum<\/li><li>H\u00e9bergements de ch\u00e8ques<\/li><li>Cartes de guichet automatique interop\u00e9rables<\/li><li>Acc\u00e8s aux services bancaires par SMS<\/li><li>Services bancaires par Internet\/ Services bancaires mobiles<\/li><li>Acc\u00e8s \u00e0 une vari\u00e9t\u00e9 de facilit\u00e9s de cr\u00e9dit en 24H\u00a0<\/li><li>Votre salaire est disponible au cours du m\u00eame mois d'ouverture de compte<\/li><\/ul>\t\t\t\t\t\t\t\t<\/div>\n\t\t\t\t<\/div>\n\t\t\t\t<\/div>\n\t\t\t\t<\/div>\n\t\t<div data-particle_enable=\"false\" data-particle-mobile-disabled=\"false\" id=\"e-n-tab-content-1002458612\" role=\"tabpanel\" aria-labelledby=\"e-n-tab-title-1002458612\" data-tab-index=\"2\" style=\"--n-tabs-title-order: 2;\" class=\"elementor-element elementor-element-ed5f317 e-con-full e-flex e-con e-parent\" data-id=\"ed5f317\" data-element_type=\"container\">\n\t\t<div data-particle_enable=\"false\" data-particle-mobile-disabled=\"false\" class=\"elementor-element elementor-element-cda1df4 e-con-full e-flex e-con e-parent\" data-id=\"cda1df4\" data-element_type=\"container\">\n\t\t\t\t<div class=\"elementor-element elementor-element-e167cc9 elementor-widget elementor-widget-text-editor\" data-id=\"e167cc9\" data-element_type=\"widget\" data-widget_type=\"text-editor.default\">\n\t\t\t\t<div class=\"elementor-widget-container\">\n\t\t\t\t\t\t\t\t\t<ul><li>Copie en couleur de la CNI\u00a0<\/li><li>Copie la plus r\u00e9cente de la fiche de paie<\/li><li>Attestation de ch\u00e8que de paie (pas plus vieux que 3 mois)\u00a0<\/li><li>03 photos (4\u00d74 size)<\/li><\/ul>\t\t\t\t\t\t\t\t<\/div>\n\t\t\t\t<\/div>\n\t\t\t\t<\/div>\n\t\t\t\t<\/div>\n\t\t<div data-particle_enable=\"false\" data-particle-mobile-disabled=\"false\" id=\"e-n-tab-content-1002458613\" role=\"tabpanel\" aria-labelledby=\"e-n-tab-title-1002458613\" data-tab-index=\"3\" style=\"--n-tabs-title-order: 3;\" class=\"elementor-element elementor-element-78dc58e e-con-full e-flex e-con e-parent\" data-id=\"78dc58e\" data-element_type=\"container\">\n\t\t<div data-particle_enable=\"false\" data-particle-mobile-disabled=\"false\" class=\"elementor-element elementor-element-7c757d0 e-con-full e-flex e-con e-parent\" data-id=\"7c757d0\" data-element_type=\"container\">\n\t\t\t\t<div class=\"elementor-element elementor-element-bc686f9 elementor-widget elementor-widget-text-editor\" data-id=\"bc686f9\" data-element_type=\"widget\" data-widget_type=\"text-editor.default\">\n\t\t\t\t<div class=\"elementor-widget-container\">\n\t\t\t\t\t\t\t\t\t<ul><li>Copie de la carte d'identit\u00e9 valide\u00a0<\/li><li>Certificat d'emploi\/Attestation de service (datant de moins de 03 mois)<\/li><li>\u00a0Une copie r\u00e9cente du bulletin de paie\/de la d\u00e9cision d'int\u00e9gration<\/li><li>Une attestation de non-endettement (pour les clients potentiels provenant d'autres banques)<\/li><li>02 photos of 4\u00d74 size<\/li><\/ul>\t\t\t\t\t\t\t\t<\/div>\n\t\t\t\t<\/div>\n\t\t\t\t<\/div>\n\t\t\t\t<\/div>\n\t\t\t\t\t<\/div>\n\t\t<\/div>\n\t\t\t\t\t\t<\/div>\n\t\t\t\t<\/div>\n\t\t\t\t\t<\/div>\n\t\t\t\t<\/div>\n\t\t\t\t<\/div>","protected":false},"excerpt":{"rendered":"<p>Non Salary Earners We provide top\u2010class salary payment services to State employees and employees of blue chip companies and embassies. Features and Benefits Documents Documents for Non \u2013 Civil Servants Salary Accounts Features and Benefits No account opening fee\u00a0 Zero Minimum operating balance Lodgements\u00a0of\u00a0cheques Interoperable\u00a0ATM\u00a0cards Access to SMS Banking Internet\u00a0Banking\/\u00a0Mobil\u00a0Banking Access\u00a0to\u00a0a\u00a0variety\u00a0of\u00a0credit\u00a0facilities within\u00a024H\u00a0 Have\u00a0your\u00a0salary\u00a0in\u00a0same\u00a0month\u00a0of\u00a0account\u00a0opening Documents Coloured\u00a0copy\u00a0of\u00a0NIC\u00a0 &hellip;<\/p>\n<p class=\"read-more\"> <a class=\"\" href=\"https:\/\/nfcbank.com\/fr\/2025-individuals\/2025-accounts\/2025-non-salary-earners\/\"> <span class=\"screen-reader-text\">2025 Non Salary Earners<\/span> Lire la suite\u00a0\u00bb<\/a><\/p>","protected":false},"author":6,"featured_media":0,"parent":3879,"menu_order":0,"comment_status":"closed","ping_status":"closed","template":"elementor_header_footer","meta":{"footnotes":""},"class_list":["post-4084","page","type-page","status-publish","hentry"],"yoast_head":"<!-- This site is optimized with the Yoast SEO Premium plugin v17.9 (Yoast SEO v20.12) - https:\/\/yoast.com\/wordpress\/plugins\/seo\/ -->\n<title>2025 Non Salary Earners - NFC Bank<\/title>\n<meta name=\"robots\" content=\"index, follow, max-snippet:-1, max-image-preview:large, max-video-preview:-1\" \/>\n<link rel=\"canonical\" href=\"https:\/\/nfcbank.com\/fr\/2025-individuals\/2025-accounts\/2025-non-salary-earners\/\" \/>\n<meta property=\"og:locale\" content=\"fr_FR\" \/>\n<meta property=\"og:type\" content=\"article\" \/>\n<meta property=\"og:title\" content=\"2025 Non Salary Earners\" \/>\n<meta property=\"og:description\" content=\"Non Salary Earners We provide top\u2010class salary payment services to State employees and employees of blue chip companies and embassies. Features and Benefits Documents Documents for Non \u2013 Civil Servants Salary Accounts Features and Benefits No account opening fee\u00a0 Zero Minimum operating balance Lodgements\u00a0of\u00a0cheques Interoperable\u00a0ATM\u00a0cards Access to SMS Banking Internet\u00a0Banking\/\u00a0Mobil\u00a0Banking Access\u00a0to\u00a0a\u00a0variety\u00a0of\u00a0credit\u00a0facilities within\u00a024H\u00a0 Have\u00a0your\u00a0salary\u00a0in\u00a0same\u00a0month\u00a0of\u00a0account\u00a0opening Documents Coloured\u00a0copy\u00a0of\u00a0NIC\u00a0 &hellip; 2025 Non Salary Earners Lire la suite\u00a0\u00bb\" \/>\n<meta property=\"og:url\" content=\"https:\/\/nfcbank.com\/fr\/2025-individuals\/2025-accounts\/2025-non-salary-earners\/\" \/>\n<meta property=\"og:site_name\" content=\"NFC Bank\" \/>\n<meta property=\"article:modified_time\" content=\"2025-06-25T13:31:45+00:00\" \/>\n<meta name=\"twitter:card\" content=\"summary_large_image\" \/>\n<meta name=\"twitter:label1\" content=\"Dur\u00e9e de lecture estim\u00e9e\" \/>\n\t<meta name=\"twitter:data1\" content=\"2 minutes\" \/>\n<script type=\"application\/ld+json\" class=\"yoast-schema-graph\">{\"@context\":\"https:\/\/schema.org\",\"@graph\":[{\"@type\":\"WebPage\",\"@id\":\"https:\/\/nfcbank.com\/2025-individuals\/2025-accounts\/2025-non-salary-earners\/\",\"url\":\"https:\/\/nfcbank.com\/2025-individuals\/2025-accounts\/2025-non-salary-earners\/\",\"name\":\"2025 Non Salary Earners - NFC Bank\",\"isPartOf\":{\"@id\":\"https:\/\/nfcbank.com\/fr\/#website\"},\"datePublished\":\"2025-04-08T11:53:06+00:00\",\"dateModified\":\"2025-06-25T13:31:45+00:00\",\"breadcrumb\":{\"@id\":\"https:\/\/nfcbank.com\/2025-individuals\/2025-accounts\/2025-non-salary-earners\/#breadcrumb\"},\"inLanguage\":\"fr-FR\",\"potentialAction\":[{\"@type\":\"ReadAction\",\"target\":[\"https:\/\/nfcbank.com\/2025-individuals\/2025-accounts\/2025-non-salary-earners\/\"]}]},{\"@type\":\"BreadcrumbList\",\"@id\":\"https:\/\/nfcbank.com\/2025-individuals\/2025-accounts\/2025-non-salary-earners\/#breadcrumb\",\"itemListElement\":[{\"@type\":\"ListItem\",\"position\":1,\"name\":\"Home\",\"item\":\"https:\/\/nfcbank.com\/\"},{\"@type\":\"ListItem\",\"position\":2,\"name\":\"2025 Individuals\",\"item\":\"https:\/\/nfcbank.com\/2025-individuals\/\"},{\"@type\":\"ListItem\",\"position\":3,\"name\":\"2025 Accounts\",\"item\":\"https:\/\/nfcbank.com\/2025-individuals\/2025-accounts\/\"},{\"@type\":\"ListItem\",\"position\":4,\"name\":\"2025 Non Salary Earners\"}]},{\"@type\":\"WebSite\",\"@id\":\"https:\/\/nfcbank.com\/fr\/#website\",\"url\":\"https:\/\/nfcbank.com\/fr\/\",\"name\":\"NFC Bank\",\"description\":\"We make life easy\",\"publisher\":{\"@id\":\"https:\/\/nfcbank.com\/fr\/#organization\"},\"potentialAction\":[{\"@type\":\"SearchAction\",\"target\":{\"@type\":\"EntryPoint\",\"urlTemplate\":\"https:\/\/nfcbank.com\/fr\/?s={search_term_string}\"},\"query-input\":\"required name=search_term_string\"}],\"inLanguage\":\"fr-FR\"},{\"@type\":\"Organization\",\"@id\":\"https:\/\/nfcbank.com\/fr\/#organization\",\"name\":\"NFC Bank\",\"url\":\"https:\/\/nfcbank.com\/fr\/\",\"logo\":{\"@type\":\"ImageObject\",\"inLanguage\":\"fr-FR\",\"@id\":\"https:\/\/nfcbank.com\/fr\/#\/schema\/logo\/image\/\",\"url\":\"https:\/\/nfcbank.com\/wp-content\/uploads\/2023\/07\/cropped-logo-NFC-Bank.png\",\"contentUrl\":\"https:\/\/nfcbank.com\/wp-content\/uploads\/2023\/07\/cropped-logo-NFC-Bank.png\",\"width\":1686,\"height\":455,\"caption\":\"NFC Bank\"},\"image\":{\"@id\":\"https:\/\/nfcbank.com\/fr\/#\/schema\/logo\/image\/\"}}]}<\/script>\n<!-- \/ Yoast SEO Premium plugin. -->","yoast_head_json":{"title":"2025 Non Salary Earners - NFC Bank","robots":{"index":"index","follow":"follow","max-snippet":"max-snippet:-1","max-image-preview":"max-image-preview:large","max-video-preview":"max-video-preview:-1"},"canonical":"https:\/\/nfcbank.com\/fr\/2025-individuals\/2025-accounts\/2025-non-salary-earners\/","og_locale":"fr_FR","og_type":"article","og_title":"2025 Non Salary Earners","og_description":"Non Salary Earners We provide top\u2010class salary payment services to State employees and employees of blue chip companies and embassies. Features and Benefits Documents Documents for Non \u2013 Civil Servants Salary Accounts Features and Benefits No account opening fee\u00a0 Zero Minimum operating balance Lodgements\u00a0of\u00a0cheques Interoperable\u00a0ATM\u00a0cards Access to SMS Banking Internet\u00a0Banking\/\u00a0Mobil\u00a0Banking Access\u00a0to\u00a0a\u00a0variety\u00a0of\u00a0credit\u00a0facilities within\u00a024H\u00a0 Have\u00a0your\u00a0salary\u00a0in\u00a0same\u00a0month\u00a0of\u00a0account\u00a0opening Documents Coloured\u00a0copy\u00a0of\u00a0NIC\u00a0 &hellip; 2025 Non Salary Earners Lire la suite\u00a0\u00bb","og_url":"https:\/\/nfcbank.com\/fr\/2025-individuals\/2025-accounts\/2025-non-salary-earners\/","og_site_name":"NFC Bank","article_modified_time":"2025-06-25T13:31:45+00:00","twitter_card":"summary_large_image","twitter_misc":{"Dur\u00e9e de lecture estim\u00e9e":"2 minutes"},"schema":{"@context":"https:\/\/schema.org","@graph":[{"@type":"WebPage","@id":"https:\/\/nfcbank.com\/2025-individuals\/2025-accounts\/2025-non-salary-earners\/","url":"https:\/\/nfcbank.com\/2025-individuals\/2025-accounts\/2025-non-salary-earners\/","name":"2025 Non Salary Earners - NFC Bank","isPartOf":{"@id":"https:\/\/nfcbank.com\/fr\/#website"},"datePublished":"2025-04-08T11:53:06+00:00","dateModified":"2025-06-25T13:31:45+00:00","breadcrumb":{"@id":"https:\/\/nfcbank.com\/2025-individuals\/2025-accounts\/2025-non-salary-earners\/#breadcrumb"},"inLanguage":"fr-FR","potentialAction":[{"@type":"ReadAction","target":["https:\/\/nfcbank.com\/2025-individuals\/2025-accounts\/2025-non-salary-earners\/"]}]},{"@type":"BreadcrumbList","@id":"https:\/\/nfcbank.com\/2025-individuals\/2025-accounts\/2025-non-salary-earners\/#breadcrumb","itemListElement":[{"@type":"ListItem","position":1,"name":"Home","item":"https:\/\/nfcbank.com\/"},{"@type":"ListItem","position":2,"name":"2025 Individuals","item":"https:\/\/nfcbank.com\/2025-individuals\/"},{"@type":"ListItem","position":3,"name":"2025 Accounts","item":"https:\/\/nfcbank.com\/2025-individuals\/2025-accounts\/"},{"@type":"ListItem","position":4,"name":"2025 Non Salary Earners"}]},{"@type":"WebSite","@id":"https:\/\/nfcbank.com\/fr\/#website","url":"https:\/\/nfcbank.com\/fr\/","name":"NFC Bank","description":"We make life easy","publisher":{"@id":"https:\/\/nfcbank.com\/fr\/#organization"},"potentialAction":[{"@type":"SearchAction","target":{"@type":"EntryPoint","urlTemplate":"https:\/\/nfcbank.com\/fr\/?s={search_term_string}"},"query-input":"required name=search_term_string"}],"inLanguage":"fr-FR"},{"@type":"Organization","@id":"https:\/\/nfcbank.com\/fr\/#organization","name":"NFC Bank","url":"https:\/\/nfcbank.com\/fr\/","logo":{"@type":"ImageObject","inLanguage":"fr-FR","@id":"https:\/\/nfcbank.com\/fr\/#\/schema\/logo\/image\/","url":"https:\/\/nfcbank.com\/wp-content\/uploads\/2023\/07\/cropped-logo-NFC-Bank.png","contentUrl":"https:\/\/nfcbank.com\/wp-content\/uploads\/2023\/07\/cropped-logo-NFC-Bank.png","width":1686,"height":455,"caption":"NFC Bank"},"image":{"@id":"https:\/\/nfcbank.com\/fr\/#\/schema\/logo\/image\/"}}]}},"_links":{"self":[{"href":"https:\/\/nfcbank.com\/fr\/wp-json\/wp\/v2\/pages\/4084","targetHints":{"allow":["GET"]}}],"collection":[{"href":"https:\/\/nfcbank.com\/fr\/wp-json\/wp\/v2\/pages"}],"about":[{"href":"https:\/\/nfcbank.com\/fr\/wp-json\/wp\/v2\/types\/page"}],"author":[{"embeddable":true,"href":"https:\/\/nfcbank.com\/fr\/wp-json\/wp\/v2\/users\/6"}],"replies":[{"embeddable":true,"href":"https:\/\/nfcbank.com\/fr\/wp-json\/wp\/v2\/comments?post=4084"}],"version-history":[{"count":20,"href":"https:\/\/nfcbank.com\/fr\/wp-json\/wp\/v2\/pages\/4084\/revisions"}],"predecessor-version":[{"id":6697,"href":"https:\/\/nfcbank.com\/fr\/wp-json\/wp\/v2\/pages\/4084\/revisions\/6697"}],"up":[{"embeddable":true,"href":"https:\/\/nfcbank.com\/fr\/wp-json\/wp\/v2\/pages\/3879"}],"wp:attachment":[{"href":"https:\/\/nfcbank.com\/fr\/wp-json\/wp\/v2\/media?parent=4084"}],"curies":[{"name":"wp","href":"https:\/\/api.w.org\/{rel}","templated":true}]}}