{"id":1303,"date":"2019-11-15T11:03:16","date_gmt":"2019-11-15T11:03:16","guid":{"rendered":"https:\/\/nfc.njaka.org\/?page_id=1303"},"modified":"2019-12-18T13:54:03","modified_gmt":"2019-12-18T13:54:03","slug":"mobile-banking","status":"publish","type":"page","link":"https:\/\/nfcbank.com\/fr\/e-banking\/mobile-banking\/","title":{"rendered":"E-banque mobile"},"content":{"rendered":"<div data-elementor-type=\"wp-page\" data-elementor-id=\"1303\" class=\"elementor elementor-1303\" data-elementor-post-type=\"page\">\n\t\t\t\t\t\t<section data-particle_enable=\"false\" data-particle-mobile-disabled=\"false\" class=\"elementor-section elementor-top-section elementor-element elementor-element-d7b2ea9 elementor-hidden-phone elementor-section-boxed elementor-section-height-default elementor-section-height-default\" data-id=\"d7b2ea9\" data-element_type=\"section\" data-settings=\"{&quot;background_background&quot;:&quot;classic&quot;}\">\n\t\t\t\t\t\t<div class=\"elementor-container elementor-column-gap-default\">\n\t\t\t\t\t<div class=\"elementor-column elementor-col-100 elementor-top-column elementor-element elementor-element-98cda18\" data-id=\"98cda18\" data-element_type=\"column\">\n\t\t\t<div class=\"elementor-widget-wrap elementor-element-populated\">\n\t\t\t\t\t\t<div class=\"elementor-element elementor-element-0153d29 elementor-nav-menu__align-start elementor-nav-menu--dropdown-tablet elementor-nav-menu__text-align-aside elementor-nav-menu--toggle elementor-nav-menu--burger elementor-widget elementor-widget-nav-menu\" data-id=\"0153d29\" data-element_type=\"widget\" data-settings=\"{&quot;layout&quot;:&quot;horizontal&quot;,&quot;submenu_icon&quot;:{&quot;value&quot;:&quot;&lt;i class=\\&quot;fas fa-caret-down\\&quot; aria-hidden=\\&quot;true\\&quot;&gt;&lt;\\\/i&gt;&quot;,&quot;library&quot;:&quot;fa-solid&quot;},&quot;toggle&quot;:&quot;burger&quot;}\" data-widget_type=\"nav-menu.default\">\n\t\t\t\t<div class=\"elementor-widget-container\">\n\t\t\t\t\t\t\t\t<nav aria-label=\"Menu\" class=\"elementor-nav-menu--main elementor-nav-menu__container elementor-nav-menu--layout-horizontal e--pointer-none\">\n\t\t\t\t<ul id=\"menu-1-0153d29\" class=\"elementor-nav-menu\"><li class=\"menu-item menu-item-type-post_type menu-item-object-page menu-item-2153\"><a href=\"https:\/\/nfcbank.com\/fr\/e-banking\/retail-e-banking\/\" class=\"elementor-item\">E-Banque de d\u00e9tail<\/a><\/li>\n<li class=\"menu-item menu-item-type-post_type menu-item-object-page menu-item-2151\"><a href=\"https:\/\/nfcbank.com\/fr\/e-banking\/corporate-e-banking\/\" class=\"elementor-item\">E-banque d'affaires<\/a><\/li>\n<li class=\"menu-item menu-item-type-post_type menu-item-object-page menu-item-2152\"><a href=\"https:\/\/nfcbank.com\/fr\/e-banking\/mobile-banking\/\" class=\"elementor-item\">E-banque mobile<\/a><\/li>\n<li class=\"menu-item menu-item-type-post_type menu-item-object-page menu-item-2870\"><a href=\"https:\/\/nfcbank.com\/fr\/e-banking\/cards-e-banking\/\" class=\"elementor-item\">Cards  E-Banking<\/a><\/li>\n<\/ul>\t\t\t<\/nav>\n\t\t\t\t\t<div class=\"elementor-menu-toggle\" role=\"button\" tabindex=\"0\" aria-label=\"Permuter le menu\" aria-expanded=\"false\">\n\t\t\t<i aria-hidden=\"true\" role=\"presentation\" class=\"elementor-menu-toggle__icon--open eicon-menu-bar\"><\/i><i aria-hidden=\"true\" role=\"presentation\" class=\"elementor-menu-toggle__icon--close eicon-close\"><\/i>\t\t<\/div>\n\t\t\t\t\t<nav class=\"elementor-nav-menu--dropdown elementor-nav-menu__container\" aria-hidden=\"true\">\n\t\t\t\t<ul id=\"menu-2-0153d29\" class=\"elementor-nav-menu\"><li class=\"menu-item menu-item-type-post_type menu-item-object-page menu-item-2153\"><a href=\"https:\/\/nfcbank.com\/fr\/e-banking\/retail-e-banking\/\" class=\"elementor-item\" tabindex=\"-1\">E-Banque de d\u00e9tail<\/a><\/li>\n<li class=\"menu-item menu-item-type-post_type menu-item-object-page menu-item-2151\"><a href=\"https:\/\/nfcbank.com\/fr\/e-banking\/corporate-e-banking\/\" class=\"elementor-item\" tabindex=\"-1\">E-banque d'affaires<\/a><\/li>\n<li class=\"menu-item menu-item-type-post_type menu-item-object-page menu-item-2152\"><a href=\"https:\/\/nfcbank.com\/fr\/e-banking\/mobile-banking\/\" class=\"elementor-item\" tabindex=\"-1\">E-banque mobile<\/a><\/li>\n<li class=\"menu-item menu-item-type-post_type menu-item-object-page menu-item-2870\"><a href=\"https:\/\/nfcbank.com\/fr\/e-banking\/cards-e-banking\/\" class=\"elementor-item\" tabindex=\"-1\">Cards  E-Banking<\/a><\/li>\n<\/ul>\t\t\t<\/nav>\n\t\t\t\t\t\t<\/div>\n\t\t\t\t<\/div>\n\t\t\t\t\t<\/div>\n\t\t<\/div>\n\t\t\t\t\t<\/div>\n\t\t<\/section>\n\t\t\t\t<section data-particle_enable=\"false\" data-particle-mobile-disabled=\"false\" class=\"elementor-section elementor-top-section elementor-element elementor-element-047756b elementor-section-height-min-height elementor-section-boxed elementor-section-height-default elementor-section-items-middle\" data-id=\"047756b\" data-element_type=\"section\" data-settings=\"{&quot;background_background&quot;:&quot;classic&quot;}\">\n\t\t\t\t\t\t\t<div class=\"elementor-background-overlay\"><\/div>\n\t\t\t\t\t\t\t<div class=\"elementor-container elementor-column-gap-default\">\n\t\t\t\t\t<div class=\"elementor-column elementor-col-50 elementor-top-column elementor-element elementor-element-94d6f78\" data-id=\"94d6f78\" data-element_type=\"column\">\n\t\t\t<div class=\"elementor-widget-wrap elementor-element-populated\">\n\t\t\t\t\t\t<div class=\"elementor-element elementor-element-7684e9c elementor-widget elementor-widget-heading\" data-id=\"7684e9c\" data-element_type=\"widget\" data-widget_type=\"heading.default\">\n\t\t\t\t<div class=\"elementor-widget-container\">\n\t\t\t\t\t<h2 class=\"elementor-heading-title elementor-size-default\">Services bancaires mobiles en ligne<\/h2>\t\t\t\t<\/div>\n\t\t\t\t<\/div>\n\t\t\t\t\t<\/div>\n\t\t<\/div>\n\t\t\t\t<div class=\"elementor-column elementor-col-50 elementor-top-column elementor-element elementor-element-9a1c60f\" data-id=\"9a1c60f\" data-element_type=\"column\">\n\t\t\t<div class=\"elementor-widget-wrap\">\n\t\t\t\t\t\t\t<\/div>\n\t\t<\/div>\n\t\t\t\t\t<\/div>\n\t\t<\/section>\n\t\t\t\t<section data-particle_enable=\"false\" data-particle-mobile-disabled=\"false\" class=\"elementor-section elementor-top-section elementor-element elementor-element-b73ec0f elementor-section-boxed elementor-section-height-default elementor-section-height-default\" data-id=\"b73ec0f\" data-element_type=\"section\">\n\t\t\t\t\t\t<div class=\"elementor-container elementor-column-gap-default\">\n\t\t\t\t\t<div class=\"elementor-column elementor-col-100 elementor-top-column elementor-element elementor-element-1462cd5\" data-id=\"1462cd5\" data-element_type=\"column\">\n\t\t\t<div class=\"elementor-widget-wrap elementor-element-populated\">\n\t\t\t\t\t\t<div class=\"elementor-element elementor-element-3431a72 elementor-widget elementor-widget-breadcrumbs\" data-id=\"3431a72\" data-element_type=\"widget\" data-widget_type=\"breadcrumbs.default\">\n\t\t\t\t<div class=\"elementor-widget-container\">\n\t\t\t\t\t<p id=\"breadcrumbs\"><span><span><a href=\"https:\/\/nfcbank.com\/fr\/\">Accueil<\/a><\/span><\/span><\/p>\t\t\t\t<\/div>\n\t\t\t\t<\/div>\n\t\t\t\t\t<\/div>\n\t\t<\/div>\n\t\t\t\t\t<\/div>\n\t\t<\/section>\n\t\t\t\t<section data-particle_enable=\"false\" data-particle-mobile-disabled=\"false\" class=\"elementor-section elementor-top-section elementor-element elementor-element-29a1dfa3 elementor-section-boxed elementor-section-height-default elementor-section-height-default\" data-id=\"29a1dfa3\" data-element_type=\"section\">\n\t\t\t\t\t\t<div class=\"elementor-container elementor-column-gap-default\">\n\t\t\t\t\t<div class=\"elementor-column elementor-col-100 elementor-top-column elementor-element elementor-element-1a31a8a\" data-id=\"1a31a8a\" data-element_type=\"column\">\n\t\t\t<div class=\"elementor-widget-wrap elementor-element-populated\">\n\t\t\t\t\t\t<div class=\"elementor-element elementor-element-197671e8 elementor-widget elementor-widget-text-editor\" data-id=\"197671e8\" data-element_type=\"widget\" data-widget_type=\"text-editor.default\">\n\t\t\t\t<div class=\"elementor-widget-container\">\n\t\t\t\t\t\t\t\t\t<p>D\u00e9couvrez les services bancaires mobiles de votre banque NFC Bank Prenez le contr\u00f4le de votre compte, \u00e0 domicile ou en d\u00e9placement gr\u00e2ce aux services bancaires mobiles de la NFC Bank. Vos services bancaires n'importe o\u00f9 et n'importe quand.\u00a0<\/p><p><strong>Les Avantages:\u00a0<\/strong><\/p><ul><li class=\" translation-block\"><strong>It is convenient:<\/strong> you can check your balances, make online&nbsp; payments and&nbsp;<span style=\"font-size: 18px; font-style: normal; font-weight: 300;\">transfer<\/span>&nbsp;money between accounts from the comfort of&nbsp; your home or office.<\/li><li><strong>Soyez prudent<\/strong> il est parfois risqu\u00e9 de transporter de l'argent<\/li><li><strong>R\u00e9duisez les frais bancaires:\u00a0<\/strong>\u00a0Le traitement des ch\u00e8ques papier prend beaucoup de temps et peut \u00eatre co\u00fbteux. Vous pouvez \u00e9viter certains de ces co\u00fbts en profitant des outils automatis\u00e9s.\u00a0<\/li><li><strong>La Banque vient \u00e0 vous\u00a0<\/strong>\u00a0Misez sur vos conditions et sur votre \u00e9ch\u00e9ancier<\/li><li><strong>Gagnez du temps:<\/strong> Acc\u00e9dez \u00e0 votre compte n'importe o\u00f9, n'importe quand.\u00a0<\/li><li><strong>Assurez la s\u00e9curit\u00e9 de vos op\u00e9rations bancaires<\/strong> La NFC Bank offre plusieurs niveaux de s\u00e9curit\u00e9 des donn\u00e9es pour prot\u00e9ger les informations de votre entreprise.\u00a0<\/li><\/ul><p><strong>Comment s'inscrire sur mobile :<\/strong><\/p><ol><li>T\u00e9l\u00e9chargez l'application NFC Bank Mobile Banking sur Google Play, App Store ou directement sur le Web.\u00a0<\/li><li>Ouvrez l'application, s\u00e9lectionnez votre langue pr\u00e9f\u00e9r\u00e9e et cliquez sur NOUVEL UTILISATEUR.<\/li><li>Lire et accepter les termes et conditions de l'Application Mobile Banking.\u00a0<\/li><li>Entrez un num\u00e9ro de client et un code d'utilisateur qui seront utilis\u00e9s pour vous connecter au portail de l'Application bancaire mobile NFC Bank Mobile Banking.\u00a0 \u00a0<\/li><li>Entrez votre num\u00e9ro de t\u00e9l\u00e9phone portable enregistr\u00e9 \u00e0 la Banque et votre date de naissance. Vous recevrez un code unique \u00e0 4 chiffres dans votre t\u00e9l\u00e9phone portable et votre adresse email enregistr\u00e9e.\u00a0<\/li><li>\u00a0Configurez un MOT DE PASSE num\u00e9rique alpha fort de 6 \u00e0 16 caract\u00e8res et confirmez-le.\u00a0<\/li><li>\u00a0Entrer le code \u00e0 4 chiffres re\u00e7u et appuyer sur la touche Entr\u00e9e. Vous avez termin\u00e9.<\/li><\/ol>\t\t\t\t\t\t\t\t<\/div>\n\t\t\t\t<\/div>\n\t\t\t\t\t<\/div>\n\t\t<\/div>\n\t\t\t\t\t<\/div>\n\t\t<\/section>\n\t\t\t\t<\/div>","protected":false},"excerpt":{"rendered":"<p>Mobile e-banking Discover your NFC Bank mobile banking\u00a0 \u00a0Take control of your account, at home or on the go with NFC Bank\u2019s\u00a0 mobile banking services. Your banking services anywhere anytime.\u00a0 Benefits:\u00a0 It is convenient: you can check your balances, make online\u00a0 payments and\u00a0transfer\u00a0money between accounts from the comfort of\u00a0 your home or office.\u00a0 Be safe: &hellip;<\/p>\n<p class=\"read-more\"> <a class=\"\" href=\"https:\/\/nfcbank.com\/fr\/e-banking\/mobile-banking\/\"> <span class=\"screen-reader-text\">E-banque mobile<\/span> Lire la suite\u00a0\u00bb<\/a><\/p>","protected":false},"author":2,"featured_media":0,"parent":844,"menu_order":0,"comment_status":"closed","ping_status":"closed","template":"","meta":{"footnotes":""},"class_list":["post-1303","page","type-page","status-publish","hentry"],"yoast_head":"<!-- This site is optimized with the Yoast SEO Premium plugin v17.9 (Yoast SEO v20.12) - https:\/\/yoast.com\/wordpress\/plugins\/seo\/ -->\n<title>Mobile E-banking - NFC Bank<\/title>\n<meta name=\"robots\" content=\"index, follow, max-snippet:-1, max-image-preview:large, max-video-preview:-1\" \/>\n<link rel=\"canonical\" href=\"https:\/\/nfcbank.com\/fr\/e-banking\/mobile-banking\/\" \/>\n<meta property=\"og:locale\" content=\"fr_FR\" \/>\n<meta property=\"og:type\" content=\"article\" \/>\n<meta property=\"og:title\" content=\"Mobile E-banking\" \/>\n<meta property=\"og:description\" content=\"Mobile e-banking Discover your NFC Bank mobile banking\u00a0 \u00a0Take control of your account, at home or on the go with NFC Bank\u2019s\u00a0 mobile banking services. Your banking services anywhere anytime.\u00a0 Benefits:\u00a0 It is convenient: you can check your balances, make online\u00a0 payments and\u00a0transfer\u00a0money between accounts from the comfort of\u00a0 your home or office.\u00a0 Be safe: &hellip; Mobile E-banking Lire la suite\u00a0\u00bb\" \/>\n<meta property=\"og:url\" content=\"https:\/\/nfcbank.com\/fr\/e-banking\/mobile-banking\/\" \/>\n<meta property=\"og:site_name\" content=\"NFC Bank\" \/>\n<meta property=\"article:modified_time\" content=\"2019-12-18T13:54:03+00:00\" \/>\n<meta name=\"twitter:card\" content=\"summary_large_image\" \/>\n<meta name=\"twitter:label1\" content=\"Dur\u00e9e de lecture estim\u00e9e\" \/>\n\t<meta name=\"twitter:data1\" content=\"1 minute\" \/>\n<script type=\"application\/ld+json\" class=\"yoast-schema-graph\">{\"@context\":\"https:\/\/schema.org\",\"@graph\":[{\"@type\":\"WebPage\",\"@id\":\"https:\/\/nfcbank.com\/e-banking\/mobile-banking\/\",\"url\":\"https:\/\/nfcbank.com\/e-banking\/mobile-banking\/\",\"name\":\"Mobile E-banking - NFC Bank\",\"isPartOf\":{\"@id\":\"https:\/\/nfcbank.com\/fr\/#website\"},\"datePublished\":\"2019-11-15T11:03:16+00:00\",\"dateModified\":\"2019-12-18T13:54:03+00:00\",\"breadcrumb\":{\"@id\":\"https:\/\/nfcbank.com\/e-banking\/mobile-banking\/#breadcrumb\"},\"inLanguage\":\"fr-FR\",\"potentialAction\":[{\"@type\":\"ReadAction\",\"target\":[\"https:\/\/nfcbank.com\/e-banking\/mobile-banking\/\"]}]},{\"@type\":\"BreadcrumbList\",\"@id\":\"https:\/\/nfcbank.com\/e-banking\/mobile-banking\/#breadcrumb\",\"itemListElement\":[{\"@type\":\"ListItem\",\"position\":1,\"name\":\"Home\",\"item\":\"https:\/\/nfcbank.com\/\"},{\"@type\":\"ListItem\",\"position\":2,\"name\":\"E-Banking\",\"item\":\"https:\/\/nfcbank.com\/e-banking\/\"},{\"@type\":\"ListItem\",\"position\":3,\"name\":\"Mobile E-banking\"}]},{\"@type\":\"WebSite\",\"@id\":\"https:\/\/nfcbank.com\/fr\/#website\",\"url\":\"https:\/\/nfcbank.com\/fr\/\",\"name\":\"NFC Bank\",\"description\":\"We make life easy\",\"publisher\":{\"@id\":\"https:\/\/nfcbank.com\/fr\/#organization\"},\"potentialAction\":[{\"@type\":\"SearchAction\",\"target\":{\"@type\":\"EntryPoint\",\"urlTemplate\":\"https:\/\/nfcbank.com\/fr\/?s={search_term_string}\"},\"query-input\":\"required name=search_term_string\"}],\"inLanguage\":\"fr-FR\"},{\"@type\":\"Organization\",\"@id\":\"https:\/\/nfcbank.com\/fr\/#organization\",\"name\":\"NFC Bank\",\"url\":\"https:\/\/nfcbank.com\/fr\/\",\"logo\":{\"@type\":\"ImageObject\",\"inLanguage\":\"fr-FR\",\"@id\":\"https:\/\/nfcbank.com\/fr\/#\/schema\/logo\/image\/\",\"url\":\"https:\/\/nfcbank.com\/wp-content\/uploads\/2023\/07\/cropped-logo-NFC-Bank.png\",\"contentUrl\":\"https:\/\/nfcbank.com\/wp-content\/uploads\/2023\/07\/cropped-logo-NFC-Bank.png\",\"width\":1686,\"height\":455,\"caption\":\"NFC Bank\"},\"image\":{\"@id\":\"https:\/\/nfcbank.com\/fr\/#\/schema\/logo\/image\/\"}}]}<\/script>\n<!-- \/ Yoast SEO Premium plugin. -->","yoast_head_json":{"title":"Mobile E-banking - NFC Bank","robots":{"index":"index","follow":"follow","max-snippet":"max-snippet:-1","max-image-preview":"max-image-preview:large","max-video-preview":"max-video-preview:-1"},"canonical":"https:\/\/nfcbank.com\/fr\/e-banking\/mobile-banking\/","og_locale":"fr_FR","og_type":"article","og_title":"Mobile E-banking","og_description":"Mobile e-banking Discover your NFC Bank mobile banking\u00a0 \u00a0Take control of your account, at home or on the go with NFC Bank\u2019s\u00a0 mobile banking services. Your banking services anywhere anytime.\u00a0 Benefits:\u00a0 It is convenient: you can check your balances, make online\u00a0 payments and\u00a0transfer\u00a0money between accounts from the comfort of\u00a0 your home or office.\u00a0 Be safe: &hellip; Mobile E-banking Lire la suite\u00a0\u00bb","og_url":"https:\/\/nfcbank.com\/fr\/e-banking\/mobile-banking\/","og_site_name":"NFC Bank","article_modified_time":"2019-12-18T13:54:03+00:00","twitter_card":"summary_large_image","twitter_misc":{"Dur\u00e9e de lecture estim\u00e9e":"1 minute"},"schema":{"@context":"https:\/\/schema.org","@graph":[{"@type":"WebPage","@id":"https:\/\/nfcbank.com\/e-banking\/mobile-banking\/","url":"https:\/\/nfcbank.com\/e-banking\/mobile-banking\/","name":"Mobile E-banking - NFC Bank","isPartOf":{"@id":"https:\/\/nfcbank.com\/fr\/#website"},"datePublished":"2019-11-15T11:03:16+00:00","dateModified":"2019-12-18T13:54:03+00:00","breadcrumb":{"@id":"https:\/\/nfcbank.com\/e-banking\/mobile-banking\/#breadcrumb"},"inLanguage":"fr-FR","potentialAction":[{"@type":"ReadAction","target":["https:\/\/nfcbank.com\/e-banking\/mobile-banking\/"]}]},{"@type":"BreadcrumbList","@id":"https:\/\/nfcbank.com\/e-banking\/mobile-banking\/#breadcrumb","itemListElement":[{"@type":"ListItem","position":1,"name":"Home","item":"https:\/\/nfcbank.com\/"},{"@type":"ListItem","position":2,"name":"E-Banking","item":"https:\/\/nfcbank.com\/e-banking\/"},{"@type":"ListItem","position":3,"name":"Mobile E-banking"}]},{"@type":"WebSite","@id":"https:\/\/nfcbank.com\/fr\/#website","url":"https:\/\/nfcbank.com\/fr\/","name":"NFC Bank","description":"We make life easy","publisher":{"@id":"https:\/\/nfcbank.com\/fr\/#organization"},"potentialAction":[{"@type":"SearchAction","target":{"@type":"EntryPoint","urlTemplate":"https:\/\/nfcbank.com\/fr\/?s={search_term_string}"},"query-input":"required name=search_term_string"}],"inLanguage":"fr-FR"},{"@type":"Organization","@id":"https:\/\/nfcbank.com\/fr\/#organization","name":"NFC Bank","url":"https:\/\/nfcbank.com\/fr\/","logo":{"@type":"ImageObject","inLanguage":"fr-FR","@id":"https:\/\/nfcbank.com\/fr\/#\/schema\/logo\/image\/","url":"https:\/\/nfcbank.com\/wp-content\/uploads\/2023\/07\/cropped-logo-NFC-Bank.png","contentUrl":"https:\/\/nfcbank.com\/wp-content\/uploads\/2023\/07\/cropped-logo-NFC-Bank.png","width":1686,"height":455,"caption":"NFC Bank"},"image":{"@id":"https:\/\/nfcbank.com\/fr\/#\/schema\/logo\/image\/"}}]}},"_links":{"self":[{"href":"https:\/\/nfcbank.com\/fr\/wp-json\/wp\/v2\/pages\/1303","targetHints":{"allow":["GET"]}}],"collection":[{"href":"https:\/\/nfcbank.com\/fr\/wp-json\/wp\/v2\/pages"}],"about":[{"href":"https:\/\/nfcbank.com\/fr\/wp-json\/wp\/v2\/types\/page"}],"author":[{"embeddable":true,"href":"https:\/\/nfcbank.com\/fr\/wp-json\/wp\/v2\/users\/2"}],"replies":[{"embeddable":true,"href":"https:\/\/nfcbank.com\/fr\/wp-json\/wp\/v2\/comments?post=1303"}],"version-history":[{"count":13,"href":"https:\/\/nfcbank.com\/fr\/wp-json\/wp\/v2\/pages\/1303\/revisions"}],"predecessor-version":[{"id":3114,"href":"https:\/\/nfcbank.com\/fr\/wp-json\/wp\/v2\/pages\/1303\/revisions\/3114"}],"up":[{"embeddable":true,"href":"https:\/\/nfcbank.com\/fr\/wp-json\/wp\/v2\/pages\/844"}],"wp:attachment":[{"href":"https:\/\/nfcbank.com\/fr\/wp-json\/wp\/v2\/media?parent=1303"}],"curies":[{"name":"wp","href":"https:\/\/api.w.org\/{rel}","templated":true}]}}