{"id":1278,"date":"2019-11-15T09:56:25","date_gmt":"2019-11-15T09:56:25","guid":{"rendered":"https:\/\/nfc.njaka.org\/?page_id=1278"},"modified":"2019-12-18T13:18:54","modified_gmt":"2019-12-18T13:18:54","slug":"retail-e-banking","status":"publish","type":"page","link":"https:\/\/nfcbank.com\/fr\/e-banking\/retail-e-banking\/","title":{"rendered":"E-Banque de d\u00e9tail"},"content":{"rendered":"<div data-elementor-type=\"wp-page\" data-elementor-id=\"1278\" class=\"elementor elementor-1278\" data-elementor-post-type=\"page\">\n\t\t\t\t\t\t<section data-particle_enable=\"false\" data-particle-mobile-disabled=\"false\" class=\"elementor-section elementor-top-section elementor-element elementor-element-42b7047 elementor-hidden-phone elementor-section-boxed elementor-section-height-default elementor-section-height-default\" data-id=\"42b7047\" data-element_type=\"section\" data-settings=\"{&quot;background_background&quot;:&quot;classic&quot;}\">\n\t\t\t\t\t\t<div class=\"elementor-container elementor-column-gap-default\">\n\t\t\t\t\t<div class=\"elementor-column elementor-col-100 elementor-top-column elementor-element elementor-element-cd2307b\" data-id=\"cd2307b\" data-element_type=\"column\">\n\t\t\t<div class=\"elementor-widget-wrap elementor-element-populated\">\n\t\t\t\t\t\t<div class=\"elementor-element elementor-element-ca2b108 elementor-nav-menu__align-start elementor-nav-menu--dropdown-tablet elementor-nav-menu__text-align-aside elementor-nav-menu--toggle elementor-nav-menu--burger elementor-widget elementor-widget-nav-menu\" data-id=\"ca2b108\" data-element_type=\"widget\" data-settings=\"{&quot;layout&quot;:&quot;horizontal&quot;,&quot;submenu_icon&quot;:{&quot;value&quot;:&quot;&lt;i class=\\&quot;fas fa-caret-down\\&quot; aria-hidden=\\&quot;true\\&quot;&gt;&lt;\\\/i&gt;&quot;,&quot;library&quot;:&quot;fa-solid&quot;},&quot;toggle&quot;:&quot;burger&quot;}\" data-widget_type=\"nav-menu.default\">\n\t\t\t\t<div class=\"elementor-widget-container\">\n\t\t\t\t\t\t\t\t<nav aria-label=\"Menu\" class=\"elementor-nav-menu--main elementor-nav-menu__container elementor-nav-menu--layout-horizontal e--pointer-none\">\n\t\t\t\t<ul id=\"menu-1-ca2b108\" class=\"elementor-nav-menu\"><li class=\"menu-item menu-item-type-post_type menu-item-object-page menu-item-2153\"><a href=\"https:\/\/nfcbank.com\/fr\/e-banking\/retail-e-banking\/\" class=\"elementor-item\">E-Banque de d\u00e9tail<\/a><\/li>\n<li class=\"menu-item menu-item-type-post_type menu-item-object-page menu-item-2151\"><a href=\"https:\/\/nfcbank.com\/fr\/e-banking\/corporate-e-banking\/\" class=\"elementor-item\">E-banque d'affaires<\/a><\/li>\n<li class=\"menu-item menu-item-type-post_type menu-item-object-page menu-item-2152\"><a href=\"https:\/\/nfcbank.com\/fr\/e-banking\/mobile-banking\/\" class=\"elementor-item\">E-banque mobile<\/a><\/li>\n<li class=\"menu-item menu-item-type-post_type menu-item-object-page menu-item-2870\"><a href=\"https:\/\/nfcbank.com\/fr\/e-banking\/cards-e-banking\/\" class=\"elementor-item\">Cards  E-Banking<\/a><\/li>\n<\/ul>\t\t\t<\/nav>\n\t\t\t\t\t<div class=\"elementor-menu-toggle\" role=\"button\" tabindex=\"0\" aria-label=\"Permuter le menu\" aria-expanded=\"false\">\n\t\t\t<i aria-hidden=\"true\" role=\"presentation\" class=\"elementor-menu-toggle__icon--open eicon-menu-bar\"><\/i><i aria-hidden=\"true\" role=\"presentation\" class=\"elementor-menu-toggle__icon--close eicon-close\"><\/i>\t\t<\/div>\n\t\t\t\t\t<nav class=\"elementor-nav-menu--dropdown elementor-nav-menu__container\" aria-hidden=\"true\">\n\t\t\t\t<ul id=\"menu-2-ca2b108\" class=\"elementor-nav-menu\"><li class=\"menu-item menu-item-type-post_type menu-item-object-page menu-item-2153\"><a href=\"https:\/\/nfcbank.com\/fr\/e-banking\/retail-e-banking\/\" class=\"elementor-item\" tabindex=\"-1\">E-Banque de d\u00e9tail<\/a><\/li>\n<li class=\"menu-item menu-item-type-post_type menu-item-object-page menu-item-2151\"><a href=\"https:\/\/nfcbank.com\/fr\/e-banking\/corporate-e-banking\/\" class=\"elementor-item\" tabindex=\"-1\">E-banque d'affaires<\/a><\/li>\n<li class=\"menu-item menu-item-type-post_type menu-item-object-page menu-item-2152\"><a href=\"https:\/\/nfcbank.com\/fr\/e-banking\/mobile-banking\/\" class=\"elementor-item\" tabindex=\"-1\">E-banque mobile<\/a><\/li>\n<li class=\"menu-item menu-item-type-post_type menu-item-object-page menu-item-2870\"><a href=\"https:\/\/nfcbank.com\/fr\/e-banking\/cards-e-banking\/\" class=\"elementor-item\" tabindex=\"-1\">Cards  E-Banking<\/a><\/li>\n<\/ul>\t\t\t<\/nav>\n\t\t\t\t\t\t<\/div>\n\t\t\t\t<\/div>\n\t\t\t\t\t<\/div>\n\t\t<\/div>\n\t\t\t\t\t<\/div>\n\t\t<\/section>\n\t\t\t\t<section data-particle_enable=\"false\" data-particle-mobile-disabled=\"false\" class=\"elementor-section elementor-top-section elementor-element elementor-element-462e6e0 elementor-section-height-min-height elementor-section-boxed elementor-section-height-default elementor-section-items-middle\" data-id=\"462e6e0\" data-element_type=\"section\" data-settings=\"{&quot;background_background&quot;:&quot;classic&quot;}\">\n\t\t\t\t\t\t\t<div class=\"elementor-background-overlay\"><\/div>\n\t\t\t\t\t\t\t<div class=\"elementor-container elementor-column-gap-default\">\n\t\t\t\t\t<div class=\"elementor-column elementor-col-50 elementor-top-column elementor-element elementor-element-b24e39e\" data-id=\"b24e39e\" data-element_type=\"column\">\n\t\t\t<div class=\"elementor-widget-wrap elementor-element-populated\">\n\t\t\t\t\t\t<div class=\"elementor-element elementor-element-314d618 elementor-widget elementor-widget-heading\" data-id=\"314d618\" data-element_type=\"widget\" data-widget_type=\"heading.default\">\n\t\t\t\t<div class=\"elementor-widget-container\">\n\t\t\t\t\t<h2 class=\"elementor-heading-title elementor-size-default\">Banque de d\u00e9tail en ligne<\/h2>\t\t\t\t<\/div>\n\t\t\t\t<\/div>\n\t\t\t\t\t<\/div>\n\t\t<\/div>\n\t\t\t\t<div class=\"elementor-column elementor-col-50 elementor-top-column elementor-element elementor-element-6a115fd\" data-id=\"6a115fd\" data-element_type=\"column\">\n\t\t\t<div class=\"elementor-widget-wrap\">\n\t\t\t\t\t\t\t<\/div>\n\t\t<\/div>\n\t\t\t\t\t<\/div>\n\t\t<\/section>\n\t\t\t\t<section data-particle_enable=\"false\" data-particle-mobile-disabled=\"false\" class=\"elementor-section elementor-top-section elementor-element elementor-element-c5b9c01 elementor-section-boxed elementor-section-height-default elementor-section-height-default\" data-id=\"c5b9c01\" data-element_type=\"section\">\n\t\t\t\t\t\t<div class=\"elementor-container elementor-column-gap-default\">\n\t\t\t\t\t<div class=\"elementor-column elementor-col-100 elementor-top-column elementor-element elementor-element-079ba1a\" data-id=\"079ba1a\" data-element_type=\"column\">\n\t\t\t<div class=\"elementor-widget-wrap elementor-element-populated\">\n\t\t\t\t\t\t<div class=\"elementor-element elementor-element-757dcf6 elementor-widget elementor-widget-breadcrumbs\" data-id=\"757dcf6\" data-element_type=\"widget\" data-widget_type=\"breadcrumbs.default\">\n\t\t\t\t<div class=\"elementor-widget-container\">\n\t\t\t\t\t<p id=\"breadcrumbs\"><span><span><a href=\"https:\/\/nfcbank.com\/fr\/\">Accueil<\/a><\/span><\/span><\/p>\t\t\t\t<\/div>\n\t\t\t\t<\/div>\n\t\t\t\t\t<\/div>\n\t\t<\/div>\n\t\t\t\t\t<\/div>\n\t\t<\/section>\n\t\t\t\t<section data-particle_enable=\"false\" data-particle-mobile-disabled=\"false\" class=\"elementor-section elementor-top-section elementor-element elementor-element-4d8fa993 elementor-section-boxed elementor-section-height-default elementor-section-height-default\" data-id=\"4d8fa993\" data-element_type=\"section\">\n\t\t\t\t\t\t<div class=\"elementor-container elementor-column-gap-default\">\n\t\t\t\t\t<div class=\"elementor-column elementor-col-100 elementor-top-column elementor-element elementor-element-4613e6af\" data-id=\"4613e6af\" data-element_type=\"column\">\n\t\t\t<div class=\"elementor-widget-wrap elementor-element-populated\">\n\t\t\t\t\t\t<div class=\"elementor-element elementor-element-6fa9caa0 elementor-widget elementor-widget-text-editor\" data-id=\"6fa9caa0\" data-element_type=\"widget\" data-widget_type=\"text-editor.default\">\n\t\t\t\t<div class=\"elementor-widget-container\">\n\t\t\t\t\t\t\t\t\t<p>NFC Bank offers exceptional banking experience to its customers. We enable you to take control of your banking transactions anytime\u00a0 anywhere with NFC Bank\u2019s retail online banking services.\u00a0\u00a0<\/p><p><strong>Les Avantages:\u00a0<\/strong><\/p><ul><li class=\" translation-block\">C'est pratique : vous pouvez v\u00e9rifier vos soldes, effectuer des paiements en ligne et transf\u00e9rer de l'argent d'un compte \u00e0 l'autre dans le confort de votre domicile ou de votre bureau.<\/li><li><strong>Soyez prudent<\/strong> il est parfois risqu\u00e9 de transporter de l'argent\u00a0\u00a0<\/li><li><strong>La Banque vient \u00e0 vous<\/strong> \u00a0Misez sur vos conditions et sur votre \u00e9ch\u00e9ancier\u00a0<\/li><li><strong>R\u00e9duisez les frais bancaires:<\/strong>\u00a0\u00a0Le traitement des ch\u00e8ques papier prend beaucoup de temps et peut \u00eatre co\u00fbteux. Vous pouvez \u00e9viter certains de ces co\u00fbts en profitant des outils automatis\u00e9s.\u00a0<\/li><li><strong>Assurez la s\u00e9curit\u00e9 de vos op\u00e9rations bancaires<\/strong> La NFC Bank offre plusieurs niveaux de s\u00e9curit\u00e9 des donn\u00e9es pour prot\u00e9ger les informations de votre entreprise.\u00a0<\/li><\/ul>\t\t\t\t\t\t\t\t<\/div>\n\t\t\t\t<\/div>\n\t\t\t\t<section data-particle_enable=\"false\" data-particle-mobile-disabled=\"false\" class=\"elementor-section elementor-inner-section elementor-element elementor-element-8365bb9 elementor-section-boxed elementor-section-height-default elementor-section-height-default\" data-id=\"8365bb9\" data-element_type=\"section\">\n\t\t\t\t\t\t<div class=\"elementor-container elementor-column-gap-default\">\n\t\t\t\t\t<div class=\"elementor-column elementor-col-50 elementor-inner-column elementor-element elementor-element-fbee3c1\" data-id=\"fbee3c1\" data-element_type=\"column\">\n\t\t\t<div class=\"elementor-widget-wrap elementor-element-populated\">\n\t\t\t\t\t\t<div class=\"elementor-element elementor-element-045b664 elementor-align-left elementor-widget elementor-widget-button\" data-id=\"045b664\" data-element_type=\"widget\" data-widget_type=\"button.default\">\n\t\t\t\t<div class=\"elementor-widget-container\">\n\t\t\t\t\t\t\t\t\t<div class=\"elementor-button-wrapper\">\n\t\t\t\t\t<a class=\"elementor-button elementor-button-link elementor-size-sm\" href=\"https:\/\/www.nfcbankonline.com\/RetailBanking\/#\/register?t=e\u00a0\" target=\"_blank\">\n\t\t\t\t\t\t<span class=\"elementor-button-content-wrapper\">\n\t\t\t\t\t\t\t\t\t<span class=\"elementor-button-text\">Enregistrer<\/span>\n\t\t\t\t\t<\/span>\n\t\t\t\t\t<\/a>\n\t\t\t\t<\/div>\n\t\t\t\t\t\t\t\t<\/div>\n\t\t\t\t<\/div>\n\t\t\t\t\t<\/div>\n\t\t<\/div>\n\t\t\t\t<div class=\"elementor-column elementor-col-50 elementor-inner-column elementor-element elementor-element-39f02e8\" data-id=\"39f02e8\" data-element_type=\"column\">\n\t\t\t<div class=\"elementor-widget-wrap elementor-element-populated\">\n\t\t\t\t\t\t<div class=\"elementor-element elementor-element-555bb9c elementor-align-left elementor-widget elementor-widget-button\" data-id=\"555bb9c\" data-element_type=\"widget\" data-widget_type=\"button.default\">\n\t\t\t\t<div class=\"elementor-widget-container\">\n\t\t\t\t\t\t\t\t\t<div class=\"elementor-button-wrapper\">\n\t\t\t\t\t<a class=\"elementor-button elementor-button-link elementor-size-sm\" href=\"https:\/\/www.nfcbankonline.com\/RetailBanking\/#\/login\" target=\"_blank\">\n\t\t\t\t\t\t<span class=\"elementor-button-content-wrapper\">\n\t\t\t\t\t\t\t\t\t<span class=\"elementor-button-text\">Login<\/span>\n\t\t\t\t\t<\/span>\n\t\t\t\t\t<\/a>\n\t\t\t\t<\/div>\n\t\t\t\t\t\t\t\t<\/div>\n\t\t\t\t<\/div>\n\t\t\t\t\t<\/div>\n\t\t<\/div>\n\t\t\t\t\t<\/div>\n\t\t<\/section>\n\t\t\t\t\t<\/div>\n\t\t<\/div>\n\t\t\t\t\t<\/div>\n\t\t<\/section>\n\t\t\t\t<\/div>","protected":false},"excerpt":{"rendered":"<p>Retail e-banking NFC Bank offers exceptional banking experience to its customers. We enable you to take control of your banking transactions anytime\u00a0 anywhere with NFC Bank\u2019s retail online banking services.\u00a0\u00a0 Benefits:\u00a0 It is convenient:you can check your balances, make online\u00a0 payments and transfer\u00a0money between accounts from the comfort of\u00a0 your home or office.\u00a0 Be safe: &hellip;<\/p>\n<p class=\"read-more\"> <a class=\"\" href=\"https:\/\/nfcbank.com\/fr\/e-banking\/retail-e-banking\/\"> <span class=\"screen-reader-text\">E-Banque de d\u00e9tail<\/span> Lire la suite\u00a0\u00bb<\/a><\/p>","protected":false},"author":2,"featured_media":0,"parent":844,"menu_order":0,"comment_status":"closed","ping_status":"closed","template":"","meta":{"footnotes":""},"class_list":["post-1278","page","type-page","status-publish","hentry"],"yoast_head":"<!-- This site is optimized with the Yoast SEO Premium plugin v17.9 (Yoast SEO v20.12) - https:\/\/yoast.com\/wordpress\/plugins\/seo\/ -->\n<title>Retail E-banking - NFC Bank<\/title>\n<meta name=\"robots\" content=\"index, follow, max-snippet:-1, max-image-preview:large, max-video-preview:-1\" \/>\n<link rel=\"canonical\" href=\"https:\/\/nfcbank.com\/fr\/e-banking\/retail-e-banking\/\" \/>\n<meta property=\"og:locale\" content=\"fr_FR\" \/>\n<meta property=\"og:type\" content=\"article\" \/>\n<meta property=\"og:title\" content=\"Retail E-banking\" \/>\n<meta property=\"og:description\" content=\"Retail e-banking NFC Bank offers exceptional banking experience to its customers. We enable you to take control of your banking transactions anytime\u00a0 anywhere with NFC Bank\u2019s retail online banking services.\u00a0\u00a0 Benefits:\u00a0 It is convenient:you can check your balances, make online\u00a0 payments and transfer\u00a0money between accounts from the comfort of\u00a0 your home or office.\u00a0 Be safe: &hellip; Retail E-banking Lire la suite\u00a0\u00bb\" \/>\n<meta property=\"og:url\" content=\"https:\/\/nfcbank.com\/fr\/e-banking\/retail-e-banking\/\" \/>\n<meta property=\"og:site_name\" content=\"NFC Bank\" \/>\n<meta property=\"article:modified_time\" content=\"2019-12-18T13:18:54+00:00\" \/>\n<meta name=\"twitter:card\" content=\"summary_large_image\" \/>\n<meta name=\"twitter:label1\" content=\"Dur\u00e9e de lecture estim\u00e9e\" \/>\n\t<meta name=\"twitter:data1\" content=\"1 minute\" \/>\n<script type=\"application\/ld+json\" class=\"yoast-schema-graph\">{\"@context\":\"https:\/\/schema.org\",\"@graph\":[{\"@type\":\"WebPage\",\"@id\":\"https:\/\/nfcbank.com\/e-banking\/retail-e-banking\/\",\"url\":\"https:\/\/nfcbank.com\/e-banking\/retail-e-banking\/\",\"name\":\"Retail E-banking - NFC Bank\",\"isPartOf\":{\"@id\":\"https:\/\/nfcbank.com\/fr\/#website\"},\"datePublished\":\"2019-11-15T09:56:25+00:00\",\"dateModified\":\"2019-12-18T13:18:54+00:00\",\"breadcrumb\":{\"@id\":\"https:\/\/nfcbank.com\/e-banking\/retail-e-banking\/#breadcrumb\"},\"inLanguage\":\"fr-FR\",\"potentialAction\":[{\"@type\":\"ReadAction\",\"target\":[\"https:\/\/nfcbank.com\/e-banking\/retail-e-banking\/\"]}]},{\"@type\":\"BreadcrumbList\",\"@id\":\"https:\/\/nfcbank.com\/e-banking\/retail-e-banking\/#breadcrumb\",\"itemListElement\":[{\"@type\":\"ListItem\",\"position\":1,\"name\":\"Home\",\"item\":\"https:\/\/nfcbank.com\/\"},{\"@type\":\"ListItem\",\"position\":2,\"name\":\"E-Banking\",\"item\":\"https:\/\/nfcbank.com\/e-banking\/\"},{\"@type\":\"ListItem\",\"position\":3,\"name\":\"Retail E-banking\"}]},{\"@type\":\"WebSite\",\"@id\":\"https:\/\/nfcbank.com\/fr\/#website\",\"url\":\"https:\/\/nfcbank.com\/fr\/\",\"name\":\"NFC Bank\",\"description\":\"We make life easy\",\"publisher\":{\"@id\":\"https:\/\/nfcbank.com\/fr\/#organization\"},\"potentialAction\":[{\"@type\":\"SearchAction\",\"target\":{\"@type\":\"EntryPoint\",\"urlTemplate\":\"https:\/\/nfcbank.com\/fr\/?s={search_term_string}\"},\"query-input\":\"required name=search_term_string\"}],\"inLanguage\":\"fr-FR\"},{\"@type\":\"Organization\",\"@id\":\"https:\/\/nfcbank.com\/fr\/#organization\",\"name\":\"NFC Bank\",\"url\":\"https:\/\/nfcbank.com\/fr\/\",\"logo\":{\"@type\":\"ImageObject\",\"inLanguage\":\"fr-FR\",\"@id\":\"https:\/\/nfcbank.com\/fr\/#\/schema\/logo\/image\/\",\"url\":\"https:\/\/nfcbank.com\/wp-content\/uploads\/2023\/07\/cropped-logo-NFC-Bank.png\",\"contentUrl\":\"https:\/\/nfcbank.com\/wp-content\/uploads\/2023\/07\/cropped-logo-NFC-Bank.png\",\"width\":1686,\"height\":455,\"caption\":\"NFC Bank\"},\"image\":{\"@id\":\"https:\/\/nfcbank.com\/fr\/#\/schema\/logo\/image\/\"}}]}<\/script>\n<!-- \/ Yoast SEO Premium plugin. -->","yoast_head_json":{"title":"Retail E-banking - NFC Bank","robots":{"index":"index","follow":"follow","max-snippet":"max-snippet:-1","max-image-preview":"max-image-preview:large","max-video-preview":"max-video-preview:-1"},"canonical":"https:\/\/nfcbank.com\/fr\/e-banking\/retail-e-banking\/","og_locale":"fr_FR","og_type":"article","og_title":"Retail E-banking","og_description":"Retail e-banking NFC Bank offers exceptional banking experience to its customers. We enable you to take control of your banking transactions anytime\u00a0 anywhere with NFC Bank\u2019s retail online banking services.\u00a0\u00a0 Benefits:\u00a0 It is convenient:you can check your balances, make online\u00a0 payments and transfer\u00a0money between accounts from the comfort of\u00a0 your home or office.\u00a0 Be safe: &hellip; Retail E-banking Lire la suite\u00a0\u00bb","og_url":"https:\/\/nfcbank.com\/fr\/e-banking\/retail-e-banking\/","og_site_name":"NFC Bank","article_modified_time":"2019-12-18T13:18:54+00:00","twitter_card":"summary_large_image","twitter_misc":{"Dur\u00e9e de lecture estim\u00e9e":"1 minute"},"schema":{"@context":"https:\/\/schema.org","@graph":[{"@type":"WebPage","@id":"https:\/\/nfcbank.com\/e-banking\/retail-e-banking\/","url":"https:\/\/nfcbank.com\/e-banking\/retail-e-banking\/","name":"Retail E-banking - NFC Bank","isPartOf":{"@id":"https:\/\/nfcbank.com\/fr\/#website"},"datePublished":"2019-11-15T09:56:25+00:00","dateModified":"2019-12-18T13:18:54+00:00","breadcrumb":{"@id":"https:\/\/nfcbank.com\/e-banking\/retail-e-banking\/#breadcrumb"},"inLanguage":"fr-FR","potentialAction":[{"@type":"ReadAction","target":["https:\/\/nfcbank.com\/e-banking\/retail-e-banking\/"]}]},{"@type":"BreadcrumbList","@id":"https:\/\/nfcbank.com\/e-banking\/retail-e-banking\/#breadcrumb","itemListElement":[{"@type":"ListItem","position":1,"name":"Home","item":"https:\/\/nfcbank.com\/"},{"@type":"ListItem","position":2,"name":"E-Banking","item":"https:\/\/nfcbank.com\/e-banking\/"},{"@type":"ListItem","position":3,"name":"Retail E-banking"}]},{"@type":"WebSite","@id":"https:\/\/nfcbank.com\/fr\/#website","url":"https:\/\/nfcbank.com\/fr\/","name":"NFC Bank","description":"We make life easy","publisher":{"@id":"https:\/\/nfcbank.com\/fr\/#organization"},"potentialAction":[{"@type":"SearchAction","target":{"@type":"EntryPoint","urlTemplate":"https:\/\/nfcbank.com\/fr\/?s={search_term_string}"},"query-input":"required name=search_term_string"}],"inLanguage":"fr-FR"},{"@type":"Organization","@id":"https:\/\/nfcbank.com\/fr\/#organization","name":"NFC Bank","url":"https:\/\/nfcbank.com\/fr\/","logo":{"@type":"ImageObject","inLanguage":"fr-FR","@id":"https:\/\/nfcbank.com\/fr\/#\/schema\/logo\/image\/","url":"https:\/\/nfcbank.com\/wp-content\/uploads\/2023\/07\/cropped-logo-NFC-Bank.png","contentUrl":"https:\/\/nfcbank.com\/wp-content\/uploads\/2023\/07\/cropped-logo-NFC-Bank.png","width":1686,"height":455,"caption":"NFC Bank"},"image":{"@id":"https:\/\/nfcbank.com\/fr\/#\/schema\/logo\/image\/"}}]}},"_links":{"self":[{"href":"https:\/\/nfcbank.com\/fr\/wp-json\/wp\/v2\/pages\/1278","targetHints":{"allow":["GET"]}}],"collection":[{"href":"https:\/\/nfcbank.com\/fr\/wp-json\/wp\/v2\/pages"}],"about":[{"href":"https:\/\/nfcbank.com\/fr\/wp-json\/wp\/v2\/types\/page"}],"author":[{"embeddable":true,"href":"https:\/\/nfcbank.com\/fr\/wp-json\/wp\/v2\/users\/2"}],"replies":[{"embeddable":true,"href":"https:\/\/nfcbank.com\/fr\/wp-json\/wp\/v2\/comments?post=1278"}],"version-history":[{"count":18,"href":"https:\/\/nfcbank.com\/fr\/wp-json\/wp\/v2\/pages\/1278\/revisions"}],"predecessor-version":[{"id":3111,"href":"https:\/\/nfcbank.com\/fr\/wp-json\/wp\/v2\/pages\/1278\/revisions\/3111"}],"up":[{"embeddable":true,"href":"https:\/\/nfcbank.com\/fr\/wp-json\/wp\/v2\/pages\/844"}],"wp:attachment":[{"href":"https:\/\/nfcbank.com\/fr\/wp-json\/wp\/v2\/media?parent=1278"}],"curies":[{"name":"wp","href":"https:\/\/api.w.org\/{rel}","templated":true}]}}