{"id":1276,"date":"2019-11-15T09:56:06","date_gmt":"2019-11-15T09:56:06","guid":{"rendered":"https:\/\/nfc.njaka.org\/?page_id=1276"},"modified":"2019-12-09T16:35:56","modified_gmt":"2019-12-09T16:35:56","slug":"parastatals","status":"publish","type":"page","link":"https:\/\/nfcbank.com\/fr\/public-sector\/parastatals\/","title":{"rendered":"Entreprises Parapubliques"},"content":{"rendered":"<div data-elementor-type=\"wp-page\" data-elementor-id=\"1276\" class=\"elementor elementor-1276\" data-elementor-post-type=\"page\">\n\t\t\t\t\t\t<section data-particle_enable=\"false\" data-particle-mobile-disabled=\"false\" class=\"elementor-section elementor-top-section elementor-element elementor-element-9ddc6cf elementor-hidden-phone elementor-section-boxed elementor-section-height-default elementor-section-height-default\" data-id=\"9ddc6cf\" data-element_type=\"section\" data-settings=\"{&quot;background_background&quot;:&quot;classic&quot;}\">\n\t\t\t\t\t\t<div class=\"elementor-container elementor-column-gap-default\">\n\t\t\t\t\t<div class=\"elementor-column elementor-col-100 elementor-top-column elementor-element elementor-element-909a58a\" data-id=\"909a58a\" data-element_type=\"column\">\n\t\t\t<div class=\"elementor-widget-wrap elementor-element-populated\">\n\t\t\t\t\t\t<div class=\"elementor-element elementor-element-3c76026 elementor-nav-menu__align-start elementor-nav-menu--dropdown-tablet elementor-nav-menu__text-align-aside elementor-nav-menu--toggle elementor-nav-menu--burger elementor-widget elementor-widget-nav-menu\" data-id=\"3c76026\" data-element_type=\"widget\" data-settings=\"{&quot;layout&quot;:&quot;horizontal&quot;,&quot;submenu_icon&quot;:{&quot;value&quot;:&quot;&lt;i class=\\&quot;fas fa-caret-down\\&quot; aria-hidden=\\&quot;true\\&quot;&gt;&lt;\\\/i&gt;&quot;,&quot;library&quot;:&quot;fa-solid&quot;},&quot;toggle&quot;:&quot;burger&quot;}\" data-widget_type=\"nav-menu.default\">\n\t\t\t\t<div class=\"elementor-widget-container\">\n\t\t\t\t\t\t\t\t<nav aria-label=\"Menu\" class=\"elementor-nav-menu--main elementor-nav-menu__container elementor-nav-menu--layout-horizontal e--pointer-none\">\n\t\t\t\t<ul id=\"menu-1-3c76026\" class=\"elementor-nav-menu\"><li class=\"menu-item menu-item-type-post_type menu-item-object-page menu-item-2160\"><a href=\"https:\/\/nfcbank.com\/fr\/public-sector\/parastatals\/\" class=\"elementor-item\">Entreprises Parapubliques<\/a><\/li>\n<li class=\"menu-item menu-item-type-post_type menu-item-object-page menu-item-2158\"><a href=\"https:\/\/nfcbank.com\/fr\/public-sector\/local-council\/\" class=\"elementor-item\">Conseils locaux<\/a><\/li>\n<li class=\"menu-item menu-item-type-post_type menu-item-object-page menu-item-2156\"><a href=\"https:\/\/nfcbank.com\/fr\/public-sector\/embassies\/\" class=\"elementor-item\">Ambassades<\/a><\/li>\n<li class=\"menu-item menu-item-type-post_type menu-item-object-page menu-item-2157\"><a href=\"https:\/\/nfcbank.com\/fr\/public-sector\/international-organizations\/\" class=\"elementor-item\">Organisations Internationales<\/a><\/li>\n<li class=\"menu-item menu-item-type-post_type menu-item-object-page menu-item-2161\"><a href=\"https:\/\/nfcbank.com\/fr\/public-sector\/projects\/\" class=\"elementor-item\">Projets<\/a><\/li>\n<\/ul>\t\t\t<\/nav>\n\t\t\t\t\t<div class=\"elementor-menu-toggle\" role=\"button\" tabindex=\"0\" aria-label=\"Permuter le menu\" aria-expanded=\"false\">\n\t\t\t<i aria-hidden=\"true\" role=\"presentation\" class=\"elementor-menu-toggle__icon--open eicon-menu-bar\"><\/i><i aria-hidden=\"true\" role=\"presentation\" class=\"elementor-menu-toggle__icon--close eicon-close\"><\/i>\t\t<\/div>\n\t\t\t\t\t<nav class=\"elementor-nav-menu--dropdown elementor-nav-menu__container\" aria-hidden=\"true\">\n\t\t\t\t<ul id=\"menu-2-3c76026\" class=\"elementor-nav-menu\"><li class=\"menu-item menu-item-type-post_type menu-item-object-page menu-item-2160\"><a href=\"https:\/\/nfcbank.com\/fr\/public-sector\/parastatals\/\" class=\"elementor-item\" tabindex=\"-1\">Entreprises Parapubliques<\/a><\/li>\n<li class=\"menu-item menu-item-type-post_type menu-item-object-page menu-item-2158\"><a href=\"https:\/\/nfcbank.com\/fr\/public-sector\/local-council\/\" class=\"elementor-item\" tabindex=\"-1\">Conseils locaux<\/a><\/li>\n<li class=\"menu-item menu-item-type-post_type menu-item-object-page menu-item-2156\"><a href=\"https:\/\/nfcbank.com\/fr\/public-sector\/embassies\/\" class=\"elementor-item\" tabindex=\"-1\">Ambassades<\/a><\/li>\n<li class=\"menu-item menu-item-type-post_type menu-item-object-page menu-item-2157\"><a href=\"https:\/\/nfcbank.com\/fr\/public-sector\/international-organizations\/\" class=\"elementor-item\" tabindex=\"-1\">Organisations Internationales<\/a><\/li>\n<li class=\"menu-item menu-item-type-post_type menu-item-object-page menu-item-2161\"><a href=\"https:\/\/nfcbank.com\/fr\/public-sector\/projects\/\" class=\"elementor-item\" tabindex=\"-1\">Projets<\/a><\/li>\n<\/ul>\t\t\t<\/nav>\n\t\t\t\t\t\t<\/div>\n\t\t\t\t<\/div>\n\t\t\t\t\t<\/div>\n\t\t<\/div>\n\t\t\t\t\t<\/div>\n\t\t<\/section>\n\t\t\t\t<section data-particle_enable=\"false\" data-particle-mobile-disabled=\"false\" class=\"elementor-section elementor-top-section elementor-element elementor-element-d784285 elementor-section-height-min-height elementor-section-boxed elementor-section-height-default elementor-section-items-middle\" data-id=\"d784285\" data-element_type=\"section\" data-settings=\"{&quot;background_background&quot;:&quot;classic&quot;}\">\n\t\t\t\t\t\t\t<div class=\"elementor-background-overlay\"><\/div>\n\t\t\t\t\t\t\t<div class=\"elementor-container elementor-column-gap-default\">\n\t\t\t\t\t<div class=\"elementor-column elementor-col-100 elementor-top-column elementor-element elementor-element-8c92aaf\" data-id=\"8c92aaf\" data-element_type=\"column\">\n\t\t\t<div class=\"elementor-widget-wrap elementor-element-populated\">\n\t\t\t\t\t\t<div class=\"elementor-element elementor-element-a2fdaff elementor-widget elementor-widget-heading\" data-id=\"a2fdaff\" data-element_type=\"widget\" data-widget_type=\"heading.default\">\n\t\t\t\t<div class=\"elementor-widget-container\">\n\t\t\t\t\t<h2 class=\"elementor-heading-title elementor-size-default\">Entreprises Parapubliques<\/h2>\t\t\t\t<\/div>\n\t\t\t\t<\/div>\n\t\t\t\t\t<\/div>\n\t\t<\/div>\n\t\t\t\t\t<\/div>\n\t\t<\/section>\n\t\t\t\t<section data-particle_enable=\"false\" data-particle-mobile-disabled=\"false\" class=\"elementor-section elementor-top-section elementor-element elementor-element-da15025 elementor-section-boxed elementor-section-height-default elementor-section-height-default\" data-id=\"da15025\" data-element_type=\"section\">\n\t\t\t\t\t\t<div class=\"elementor-container elementor-column-gap-default\">\n\t\t\t\t\t<div class=\"elementor-column elementor-col-100 elementor-top-column elementor-element elementor-element-e52c028\" data-id=\"e52c028\" data-element_type=\"column\">\n\t\t\t<div class=\"elementor-widget-wrap elementor-element-populated\">\n\t\t\t\t\t\t<div class=\"elementor-element elementor-element-62a0eeb elementor-widget elementor-widget-breadcrumbs\" data-id=\"62a0eeb\" data-element_type=\"widget\" data-widget_type=\"breadcrumbs.default\">\n\t\t\t\t<div class=\"elementor-widget-container\">\n\t\t\t\t\t<p id=\"breadcrumbs\"><span><span><a href=\"https:\/\/nfcbank.com\/fr\/\">Accueil<\/a><\/span><\/span><\/p>\t\t\t\t<\/div>\n\t\t\t\t<\/div>\n\t\t\t\t\t<\/div>\n\t\t<\/div>\n\t\t\t\t\t<\/div>\n\t\t<\/section>\n\t\t\t\t<section data-particle_enable=\"false\" data-particle-mobile-disabled=\"false\" class=\"elementor-section elementor-top-section elementor-element elementor-element-79b2370b elementor-section-boxed elementor-section-height-default elementor-section-height-default\" data-id=\"79b2370b\" data-element_type=\"section\">\n\t\t\t\t\t\t<div class=\"elementor-container elementor-column-gap-default\">\n\t\t\t\t\t<div class=\"elementor-column elementor-col-100 elementor-top-column elementor-element elementor-element-5ff78c84\" data-id=\"5ff78c84\" data-element_type=\"column\">\n\t\t\t<div class=\"elementor-widget-wrap elementor-element-populated\">\n\t\t\t\t\t\t<div class=\"elementor-element elementor-element-31a26d5c elementor-widget elementor-widget-text-editor\" data-id=\"31a26d5c\" data-element_type=\"widget\" data-widget_type=\"text-editor.default\">\n\t\t\t\t<div class=\"elementor-widget-container\">\n\t\t\t\t\t\t\t\t\t<p>A parastatal is a company, agency or intergovernmental organization, that possesses some political powers and is separate from the government, but whose activities serve the State either directly or indirectly.\u00a0 NFC Bank is a Local Bank, which focuses on sustainable community development, while providing customized banking services for parastatals. We offer corporate accounts and services that enable you to achieve your financial goals.<\/p><p><strong>Les Avantages:<\/strong><\/p><ul><li>Zero\u00a0Minimum\u00a0operating\u00a0balance\u00a0<\/li><li>D\u00e9p\u00f4t de ch\u00e8ques\u00a0<\/li><li>Acc\u00e8s aux services bancaires mobiles et en ligne<\/li><li>Acc\u00e8s aux facilit\u00e9s de cr\u00e9dit\u00a0<\/li><li>\u00a0Cartes de guichets automatiques \u00e0 des prix abordables\u00a0<\/li><\/ul><p>\u00a0<strong> Requirments<\/strong><\/p><ul><li>Formulaire d'ouverture de compte d\u00fbment rempli\u00a0<\/li><li>National Identity Card \u00a0of signatories\u00a0<\/li><li>Copy of decree appointing GM and BOD \/ Copy of gazette or decree\u00a0 setting up the Parasternal\/Agency\u00a0<\/li><li>Quatre photos format passeport de chacun des signataires\u00a0<\/li><li>Lettre de demande d'ouverture de compte\/r\u00e9solution du Conseil d'administration\u00a0<\/li><li>Lettre de pr\u00e9sentation des signataires et de leur d\u00e9signation\u00a0<\/li><li>Plan de localisation\u00a0<\/li><li>Formulaire de droit de compensation sign\u00e9\u00a0<\/li><li>Copy of latest annual report and accounts or 12 month bank statement (for\u00a0 established businesses)<\/li><li>Tout autre document<\/li><\/ul>\t\t\t\t\t\t\t\t<\/div>\n\t\t\t\t<\/div>\n\t\t\t\t\t<\/div>\n\t\t<\/div>\n\t\t\t\t\t<\/div>\n\t\t<\/section>\n\t\t\t\t<\/div>","protected":false},"excerpt":{"rendered":"<p>Parastatals A parastatal is a company, agency or intergovernmental organization, that possesses some political powers and is separate from the government, but whose activities serve the State either directly or indirectly.\u00a0 NFC Bank is a Local Bank, which focuses on sustainable community development, while providing customized banking services for parastatals. We offer corporate accounts and &hellip;<\/p>\n<p class=\"read-more\"> <a class=\"\" href=\"https:\/\/nfcbank.com\/fr\/public-sector\/parastatals\/\"> <span class=\"screen-reader-text\">Entreprises Parapubliques<\/span> Lire la suite\u00a0\u00bb<\/a><\/p>","protected":false},"author":2,"featured_media":0,"parent":806,"menu_order":0,"comment_status":"closed","ping_status":"closed","template":"","meta":{"footnotes":""},"class_list":["post-1276","page","type-page","status-publish","hentry"],"yoast_head":"<!-- This site is optimized with the Yoast SEO Premium plugin v17.9 (Yoast SEO v20.12) - https:\/\/yoast.com\/wordpress\/plugins\/seo\/ -->\n<title>Parastatals - NFC Bank<\/title>\n<meta name=\"robots\" content=\"index, follow, max-snippet:-1, max-image-preview:large, max-video-preview:-1\" \/>\n<link rel=\"canonical\" href=\"https:\/\/nfcbank.com\/fr\/public-sector\/parastatals\/\" \/>\n<meta property=\"og:locale\" content=\"fr_FR\" \/>\n<meta property=\"og:type\" content=\"article\" \/>\n<meta property=\"og:title\" content=\"Parastatals\" \/>\n<meta property=\"og:description\" content=\"Parastatals A parastatal is a company, agency or intergovernmental organization, that possesses some political powers and is separate from the government, but whose activities serve the State either directly or indirectly.\u00a0 NFC Bank is a Local Bank, which focuses on sustainable community development, while providing customized banking services for parastatals. We offer corporate accounts and &hellip; Parastatals Lire la suite\u00a0\u00bb\" \/>\n<meta property=\"og:url\" content=\"https:\/\/nfcbank.com\/fr\/public-sector\/parastatals\/\" \/>\n<meta property=\"og:site_name\" content=\"NFC Bank\" \/>\n<meta property=\"article:modified_time\" content=\"2019-12-09T16:35:56+00:00\" \/>\n<meta name=\"twitter:card\" content=\"summary_large_image\" \/>\n<meta name=\"twitter:label1\" content=\"Dur\u00e9e de lecture estim\u00e9e\" \/>\n\t<meta name=\"twitter:data1\" content=\"1 minute\" \/>\n<script type=\"application\/ld+json\" class=\"yoast-schema-graph\">{\"@context\":\"https:\/\/schema.org\",\"@graph\":[{\"@type\":\"WebPage\",\"@id\":\"https:\/\/nfcbank.com\/public-sector\/parastatals\/\",\"url\":\"https:\/\/nfcbank.com\/public-sector\/parastatals\/\",\"name\":\"Parastatals - NFC Bank\",\"isPartOf\":{\"@id\":\"https:\/\/nfcbank.com\/fr\/#website\"},\"datePublished\":\"2019-11-15T09:56:06+00:00\",\"dateModified\":\"2019-12-09T16:35:56+00:00\",\"breadcrumb\":{\"@id\":\"https:\/\/nfcbank.com\/public-sector\/parastatals\/#breadcrumb\"},\"inLanguage\":\"fr-FR\",\"potentialAction\":[{\"@type\":\"ReadAction\",\"target\":[\"https:\/\/nfcbank.com\/public-sector\/parastatals\/\"]}]},{\"@type\":\"BreadcrumbList\",\"@id\":\"https:\/\/nfcbank.com\/public-sector\/parastatals\/#breadcrumb\",\"itemListElement\":[{\"@type\":\"ListItem\",\"position\":1,\"name\":\"Home\",\"item\":\"https:\/\/nfcbank.com\/\"},{\"@type\":\"ListItem\",\"position\":2,\"name\":\"Public Sector\",\"item\":\"https:\/\/nfcbank.com\/public-sector\/\"},{\"@type\":\"ListItem\",\"position\":3,\"name\":\"Parastatals\"}]},{\"@type\":\"WebSite\",\"@id\":\"https:\/\/nfcbank.com\/fr\/#website\",\"url\":\"https:\/\/nfcbank.com\/fr\/\",\"name\":\"NFC Bank\",\"description\":\"We make life easy\",\"publisher\":{\"@id\":\"https:\/\/nfcbank.com\/fr\/#organization\"},\"potentialAction\":[{\"@type\":\"SearchAction\",\"target\":{\"@type\":\"EntryPoint\",\"urlTemplate\":\"https:\/\/nfcbank.com\/fr\/?s={search_term_string}\"},\"query-input\":\"required name=search_term_string\"}],\"inLanguage\":\"fr-FR\"},{\"@type\":\"Organization\",\"@id\":\"https:\/\/nfcbank.com\/fr\/#organization\",\"name\":\"NFC Bank\",\"url\":\"https:\/\/nfcbank.com\/fr\/\",\"logo\":{\"@type\":\"ImageObject\",\"inLanguage\":\"fr-FR\",\"@id\":\"https:\/\/nfcbank.com\/fr\/#\/schema\/logo\/image\/\",\"url\":\"https:\/\/nfcbank.com\/wp-content\/uploads\/2023\/07\/cropped-logo-NFC-Bank.png\",\"contentUrl\":\"https:\/\/nfcbank.com\/wp-content\/uploads\/2023\/07\/cropped-logo-NFC-Bank.png\",\"width\":1686,\"height\":455,\"caption\":\"NFC Bank\"},\"image\":{\"@id\":\"https:\/\/nfcbank.com\/fr\/#\/schema\/logo\/image\/\"}}]}<\/script>\n<!-- \/ Yoast SEO Premium plugin. -->","yoast_head_json":{"title":"Parastatals - NFC Bank","robots":{"index":"index","follow":"follow","max-snippet":"max-snippet:-1","max-image-preview":"max-image-preview:large","max-video-preview":"max-video-preview:-1"},"canonical":"https:\/\/nfcbank.com\/fr\/public-sector\/parastatals\/","og_locale":"fr_FR","og_type":"article","og_title":"Parastatals","og_description":"Parastatals A parastatal is a company, agency or intergovernmental organization, that possesses some political powers and is separate from the government, but whose activities serve the State either directly or indirectly.\u00a0 NFC Bank is a Local Bank, which focuses on sustainable community development, while providing customized banking services for parastatals. We offer corporate accounts and &hellip; Parastatals Lire la suite\u00a0\u00bb","og_url":"https:\/\/nfcbank.com\/fr\/public-sector\/parastatals\/","og_site_name":"NFC Bank","article_modified_time":"2019-12-09T16:35:56+00:00","twitter_card":"summary_large_image","twitter_misc":{"Dur\u00e9e de lecture estim\u00e9e":"1 minute"},"schema":{"@context":"https:\/\/schema.org","@graph":[{"@type":"WebPage","@id":"https:\/\/nfcbank.com\/public-sector\/parastatals\/","url":"https:\/\/nfcbank.com\/public-sector\/parastatals\/","name":"Parastatals - NFC Bank","isPartOf":{"@id":"https:\/\/nfcbank.com\/fr\/#website"},"datePublished":"2019-11-15T09:56:06+00:00","dateModified":"2019-12-09T16:35:56+00:00","breadcrumb":{"@id":"https:\/\/nfcbank.com\/public-sector\/parastatals\/#breadcrumb"},"inLanguage":"fr-FR","potentialAction":[{"@type":"ReadAction","target":["https:\/\/nfcbank.com\/public-sector\/parastatals\/"]}]},{"@type":"BreadcrumbList","@id":"https:\/\/nfcbank.com\/public-sector\/parastatals\/#breadcrumb","itemListElement":[{"@type":"ListItem","position":1,"name":"Home","item":"https:\/\/nfcbank.com\/"},{"@type":"ListItem","position":2,"name":"Public Sector","item":"https:\/\/nfcbank.com\/public-sector\/"},{"@type":"ListItem","position":3,"name":"Parastatals"}]},{"@type":"WebSite","@id":"https:\/\/nfcbank.com\/fr\/#website","url":"https:\/\/nfcbank.com\/fr\/","name":"NFC Bank","description":"We make life easy","publisher":{"@id":"https:\/\/nfcbank.com\/fr\/#organization"},"potentialAction":[{"@type":"SearchAction","target":{"@type":"EntryPoint","urlTemplate":"https:\/\/nfcbank.com\/fr\/?s={search_term_string}"},"query-input":"required name=search_term_string"}],"inLanguage":"fr-FR"},{"@type":"Organization","@id":"https:\/\/nfcbank.com\/fr\/#organization","name":"NFC Bank","url":"https:\/\/nfcbank.com\/fr\/","logo":{"@type":"ImageObject","inLanguage":"fr-FR","@id":"https:\/\/nfcbank.com\/fr\/#\/schema\/logo\/image\/","url":"https:\/\/nfcbank.com\/wp-content\/uploads\/2023\/07\/cropped-logo-NFC-Bank.png","contentUrl":"https:\/\/nfcbank.com\/wp-content\/uploads\/2023\/07\/cropped-logo-NFC-Bank.png","width":1686,"height":455,"caption":"NFC Bank"},"image":{"@id":"https:\/\/nfcbank.com\/fr\/#\/schema\/logo\/image\/"}}]}},"_links":{"self":[{"href":"https:\/\/nfcbank.com\/fr\/wp-json\/wp\/v2\/pages\/1276","targetHints":{"allow":["GET"]}}],"collection":[{"href":"https:\/\/nfcbank.com\/fr\/wp-json\/wp\/v2\/pages"}],"about":[{"href":"https:\/\/nfcbank.com\/fr\/wp-json\/wp\/v2\/types\/page"}],"author":[{"embeddable":true,"href":"https:\/\/nfcbank.com\/fr\/wp-json\/wp\/v2\/users\/2"}],"replies":[{"embeddable":true,"href":"https:\/\/nfcbank.com\/fr\/wp-json\/wp\/v2\/comments?post=1276"}],"version-history":[{"count":7,"href":"https:\/\/nfcbank.com\/fr\/wp-json\/wp\/v2\/pages\/1276\/revisions"}],"predecessor-version":[{"id":3077,"href":"https:\/\/nfcbank.com\/fr\/wp-json\/wp\/v2\/pages\/1276\/revisions\/3077"}],"up":[{"embeddable":true,"href":"https:\/\/nfcbank.com\/fr\/wp-json\/wp\/v2\/pages\/806"}],"wp:attachment":[{"href":"https:\/\/nfcbank.com\/fr\/wp-json\/wp\/v2\/media?parent=1276"}],"curies":[{"name":"wp","href":"https:\/\/api.w.org\/{rel}","templated":true}]}}