{"id":1273,"date":"2019-11-15T09:55:36","date_gmt":"2019-11-15T09:55:36","guid":{"rendered":"https:\/\/nfc.njaka.org\/?page_id=1273"},"modified":"2019-12-09T16:44:44","modified_gmt":"2019-12-09T16:44:44","slug":"local-council","status":"publish","type":"page","link":"https:\/\/nfcbank.com\/fr\/public-sector\/local-council\/","title":{"rendered":"Conseils locaux"},"content":{"rendered":"<div data-elementor-type=\"wp-page\" data-elementor-id=\"1273\" class=\"elementor elementor-1273\" data-elementor-post-type=\"page\">\n\t\t\t\t\t\t<section data-particle_enable=\"false\" data-particle-mobile-disabled=\"false\" class=\"elementor-section elementor-top-section elementor-element elementor-element-b99d320 elementor-hidden-phone elementor-section-boxed elementor-section-height-default elementor-section-height-default\" data-id=\"b99d320\" data-element_type=\"section\" data-settings=\"{&quot;background_background&quot;:&quot;classic&quot;}\">\n\t\t\t\t\t\t<div class=\"elementor-container elementor-column-gap-default\">\n\t\t\t\t\t<div class=\"elementor-column elementor-col-100 elementor-top-column elementor-element elementor-element-68d11d6\" data-id=\"68d11d6\" data-element_type=\"column\">\n\t\t\t<div class=\"elementor-widget-wrap elementor-element-populated\">\n\t\t\t\t\t\t<div class=\"elementor-element elementor-element-7635ed4 elementor-nav-menu__align-start elementor-nav-menu--dropdown-tablet elementor-nav-menu__text-align-aside elementor-nav-menu--toggle elementor-nav-menu--burger elementor-widget elementor-widget-nav-menu\" data-id=\"7635ed4\" data-element_type=\"widget\" data-settings=\"{&quot;layout&quot;:&quot;horizontal&quot;,&quot;submenu_icon&quot;:{&quot;value&quot;:&quot;&lt;i class=\\&quot;fas fa-caret-down\\&quot; aria-hidden=\\&quot;true\\&quot;&gt;&lt;\\\/i&gt;&quot;,&quot;library&quot;:&quot;fa-solid&quot;},&quot;toggle&quot;:&quot;burger&quot;}\" data-widget_type=\"nav-menu.default\">\n\t\t\t\t<div class=\"elementor-widget-container\">\n\t\t\t\t\t\t\t\t<nav aria-label=\"Menu\" class=\"elementor-nav-menu--main elementor-nav-menu__container elementor-nav-menu--layout-horizontal e--pointer-none\">\n\t\t\t\t<ul id=\"menu-1-7635ed4\" class=\"elementor-nav-menu\"><li class=\"menu-item menu-item-type-post_type menu-item-object-page menu-item-2160\"><a href=\"https:\/\/nfcbank.com\/fr\/public-sector\/parastatals\/\" class=\"elementor-item\">Entreprises Parapubliques<\/a><\/li>\n<li class=\"menu-item menu-item-type-post_type menu-item-object-page menu-item-2158\"><a href=\"https:\/\/nfcbank.com\/fr\/public-sector\/local-council\/\" class=\"elementor-item\">Conseils locaux<\/a><\/li>\n<li class=\"menu-item menu-item-type-post_type menu-item-object-page menu-item-2156\"><a href=\"https:\/\/nfcbank.com\/fr\/public-sector\/embassies\/\" class=\"elementor-item\">Ambassades<\/a><\/li>\n<li class=\"menu-item menu-item-type-post_type menu-item-object-page menu-item-2157\"><a href=\"https:\/\/nfcbank.com\/fr\/public-sector\/international-organizations\/\" class=\"elementor-item\">Organisations Internationales<\/a><\/li>\n<li class=\"menu-item menu-item-type-post_type menu-item-object-page menu-item-2161\"><a href=\"https:\/\/nfcbank.com\/fr\/public-sector\/projects\/\" class=\"elementor-item\">Projets<\/a><\/li>\n<\/ul>\t\t\t<\/nav>\n\t\t\t\t\t<div class=\"elementor-menu-toggle\" role=\"button\" tabindex=\"0\" aria-label=\"Permuter le menu\" aria-expanded=\"false\">\n\t\t\t<i aria-hidden=\"true\" role=\"presentation\" class=\"elementor-menu-toggle__icon--open eicon-menu-bar\"><\/i><i aria-hidden=\"true\" role=\"presentation\" class=\"elementor-menu-toggle__icon--close eicon-close\"><\/i>\t\t<\/div>\n\t\t\t\t\t<nav class=\"elementor-nav-menu--dropdown elementor-nav-menu__container\" aria-hidden=\"true\">\n\t\t\t\t<ul id=\"menu-2-7635ed4\" class=\"elementor-nav-menu\"><li class=\"menu-item menu-item-type-post_type menu-item-object-page menu-item-2160\"><a href=\"https:\/\/nfcbank.com\/fr\/public-sector\/parastatals\/\" class=\"elementor-item\" tabindex=\"-1\">Entreprises Parapubliques<\/a><\/li>\n<li class=\"menu-item menu-item-type-post_type menu-item-object-page menu-item-2158\"><a href=\"https:\/\/nfcbank.com\/fr\/public-sector\/local-council\/\" class=\"elementor-item\" tabindex=\"-1\">Conseils locaux<\/a><\/li>\n<li class=\"menu-item menu-item-type-post_type menu-item-object-page menu-item-2156\"><a href=\"https:\/\/nfcbank.com\/fr\/public-sector\/embassies\/\" class=\"elementor-item\" tabindex=\"-1\">Ambassades<\/a><\/li>\n<li class=\"menu-item menu-item-type-post_type menu-item-object-page menu-item-2157\"><a href=\"https:\/\/nfcbank.com\/fr\/public-sector\/international-organizations\/\" class=\"elementor-item\" tabindex=\"-1\">Organisations Internationales<\/a><\/li>\n<li class=\"menu-item menu-item-type-post_type menu-item-object-page menu-item-2161\"><a href=\"https:\/\/nfcbank.com\/fr\/public-sector\/projects\/\" class=\"elementor-item\" tabindex=\"-1\">Projets<\/a><\/li>\n<\/ul>\t\t\t<\/nav>\n\t\t\t\t\t\t<\/div>\n\t\t\t\t<\/div>\n\t\t\t\t\t<\/div>\n\t\t<\/div>\n\t\t\t\t\t<\/div>\n\t\t<\/section>\n\t\t\t\t<section data-particle_enable=\"false\" data-particle-mobile-disabled=\"false\" class=\"elementor-section elementor-top-section elementor-element elementor-element-5a074f6 elementor-section-height-min-height elementor-section-boxed elementor-section-height-default elementor-section-items-middle\" data-id=\"5a074f6\" data-element_type=\"section\" data-settings=\"{&quot;background_background&quot;:&quot;classic&quot;}\">\n\t\t\t\t\t\t\t<div class=\"elementor-background-overlay\"><\/div>\n\t\t\t\t\t\t\t<div class=\"elementor-container elementor-column-gap-default\">\n\t\t\t\t\t<div class=\"elementor-column elementor-col-100 elementor-top-column elementor-element elementor-element-af8a94b\" data-id=\"af8a94b\" data-element_type=\"column\">\n\t\t\t<div class=\"elementor-widget-wrap elementor-element-populated\">\n\t\t\t\t\t\t<div class=\"elementor-element elementor-element-f1ab1e0 elementor-widget elementor-widget-heading\" data-id=\"f1ab1e0\" data-element_type=\"widget\" data-widget_type=\"heading.default\">\n\t\t\t\t<div class=\"elementor-widget-container\">\n\t\t\t\t\t<h2 class=\"elementor-heading-title elementor-size-default\">Municipalit\u00e9s<\/h2>\t\t\t\t<\/div>\n\t\t\t\t<\/div>\n\t\t\t\t\t<\/div>\n\t\t<\/div>\n\t\t\t\t\t<\/div>\n\t\t<\/section>\n\t\t\t\t<section data-particle_enable=\"false\" data-particle-mobile-disabled=\"false\" class=\"elementor-section elementor-top-section elementor-element elementor-element-11c5f41 elementor-section-boxed elementor-section-height-default elementor-section-height-default\" data-id=\"11c5f41\" data-element_type=\"section\">\n\t\t\t\t\t\t<div class=\"elementor-container elementor-column-gap-default\">\n\t\t\t\t\t<div class=\"elementor-column elementor-col-100 elementor-top-column elementor-element elementor-element-eeeee97\" data-id=\"eeeee97\" data-element_type=\"column\">\n\t\t\t<div class=\"elementor-widget-wrap elementor-element-populated\">\n\t\t\t\t\t\t<div class=\"elementor-element elementor-element-b12336d elementor-widget elementor-widget-breadcrumbs\" data-id=\"b12336d\" data-element_type=\"widget\" data-widget_type=\"breadcrumbs.default\">\n\t\t\t\t<div class=\"elementor-widget-container\">\n\t\t\t\t\t<p id=\"breadcrumbs\"><span><span><a href=\"https:\/\/nfcbank.com\/fr\/\">Accueil<\/a><\/span><\/span><\/p>\t\t\t\t<\/div>\n\t\t\t\t<\/div>\n\t\t\t\t\t<\/div>\n\t\t<\/div>\n\t\t\t\t\t<\/div>\n\t\t<\/section>\n\t\t\t\t<section data-particle_enable=\"false\" data-particle-mobile-disabled=\"false\" class=\"elementor-section elementor-top-section elementor-element elementor-element-23c0e276 elementor-section-boxed elementor-section-height-default elementor-section-height-default\" data-id=\"23c0e276\" data-element_type=\"section\">\n\t\t\t\t\t\t<div class=\"elementor-container elementor-column-gap-default\">\n\t\t\t\t\t<div class=\"elementor-column elementor-col-100 elementor-top-column elementor-element elementor-element-40bb10f5\" data-id=\"40bb10f5\" data-element_type=\"column\">\n\t\t\t<div class=\"elementor-widget-wrap elementor-element-populated\">\n\t\t\t\t\t\t<div class=\"elementor-element elementor-element-1cff106d elementor-widget elementor-widget-text-editor\" data-id=\"1cff106d\" data-element_type=\"widget\" data-widget_type=\"text-editor.default\">\n\t\t\t\t<div class=\"elementor-widget-container\">\n\t\t\t\t\t\t\t\t\t<p>NFC Bank \u00e9tant une banque locale, elle fournit des services qui permettent le d\u00e9veloppement des entreprises au Cameroun. Nous offrons un compte courant sur mesure pour les transactions financi\u00e8res des organismes gouvernementaux (minist\u00e8res, assembl\u00e9es, etc.), des Communaut\u00e9s Urbaines et des municipalit\u00e9s.<\/p><p><strong>Les Avantages:\u00a0<\/strong><\/p><ul><li>Z\u00e9ro Solde de fonctionnement minimum\u00a0<\/li><li>D\u00e9p\u00f4t de ch\u00e8ques\u00a0<\/li><li>Acc\u00e8s aux services bancaires mobiles et en ligne\u00a0<\/li><li>\u00a0Acc\u00e8s aux facilit\u00e9s de cr\u00e9dit\u00a0<\/li><li>\u00a0Cartes de guichets automatiques \u00e0 des prix abordables\u00a0 \u00a0<\/li><\/ul><p><b>Exigences<\/b><strong>:<\/strong>\u00a0<\/p><ul><li>Formulaire d'ouverture de compte d\u00fbment rempli\u00a0<\/li><li>\u00a0Identit\u00e9s des signataires\u00a0<\/li><li>\u00a0Copie du d\u00e9cret portant nomination du DG et du CA \/ Copie du journal officiel ou du d\u00e9cret portant cr\u00e9ation de l'Agence\u00a0<\/li><li>Quatre photos format passeport de chacun des signataires\u00a0<\/li><li>Lettre de demande d'ouverture de compte\/r\u00e9solution du Conseil d'administration\u00a0<\/li><li>Lettre de pr\u00e9sentation des signataires et de leur d\u00e9signation\u00a0<\/li><li>Plan de localisation\u00a0<\/li><li>Formulaire de droit de compensation sign\u00e9\u00a0<\/li><li>Copie du dernier rapport annuel et des derniers comptes annuels ou relev\u00e9 bancaire de 12 mois (pour les entreprises \u00e9tablies)\u00a0<\/li><li>Tout autre document\u00a0<\/li><\/ul>\t\t\t\t\t\t\t\t<\/div>\n\t\t\t\t<\/div>\n\t\t\t\t\t<\/div>\n\t\t<\/div>\n\t\t\t\t\t<\/div>\n\t\t<\/section>\n\t\t\t\t<\/div>","protected":false},"excerpt":{"rendered":"<p>Local councils NFC Bank is a local bank that provides services which foster business development in Cameroon. We offer a customized current account which facilitates financial transactions of Government agencies (Ministries, Assemblies etc), City and Local councils. Benefits:\u00a0 Zero Minimum operating balance\u00a0 Lodgement of cheques\u00a0 Access to mobile and online Banking\u00a0 \u00a0Access to credit facilities\u00a0 &hellip;<\/p>\n<p class=\"read-more\"> <a class=\"\" href=\"https:\/\/nfcbank.com\/fr\/public-sector\/local-council\/\"> <span class=\"screen-reader-text\">Conseils locaux<\/span> Lire la suite\u00a0\u00bb<\/a><\/p>","protected":false},"author":2,"featured_media":0,"parent":806,"menu_order":0,"comment_status":"closed","ping_status":"closed","template":"","meta":{"footnotes":""},"class_list":["post-1273","page","type-page","status-publish","hentry"],"yoast_head":"<!-- This site is optimized with the Yoast SEO Premium plugin v17.9 (Yoast SEO v20.12) - https:\/\/yoast.com\/wordpress\/plugins\/seo\/ -->\n<title>Local Council - NFC Bank<\/title>\n<meta name=\"robots\" content=\"index, follow, max-snippet:-1, max-image-preview:large, max-video-preview:-1\" \/>\n<link rel=\"canonical\" href=\"https:\/\/nfcbank.com\/fr\/public-sector\/local-council\/\" \/>\n<meta property=\"og:locale\" content=\"fr_FR\" \/>\n<meta property=\"og:type\" content=\"article\" \/>\n<meta property=\"og:title\" content=\"Local Council\" \/>\n<meta property=\"og:description\" content=\"Local councils NFC Bank is a local bank that provides services which foster business development in Cameroon. We offer a customized current account which facilitates financial transactions of Government agencies (Ministries, Assemblies etc), City and Local councils. Benefits:\u00a0 Zero Minimum operating balance\u00a0 Lodgement of cheques\u00a0 Access to mobile and online Banking\u00a0 \u00a0Access to credit facilities\u00a0 &hellip; Local Council Lire la suite\u00a0\u00bb\" \/>\n<meta property=\"og:url\" content=\"https:\/\/nfcbank.com\/fr\/public-sector\/local-council\/\" \/>\n<meta property=\"og:site_name\" content=\"NFC Bank\" \/>\n<meta property=\"article:modified_time\" content=\"2019-12-09T16:44:44+00:00\" \/>\n<meta name=\"twitter:card\" content=\"summary_large_image\" \/>\n<meta name=\"twitter:label1\" content=\"Dur\u00e9e de lecture estim\u00e9e\" \/>\n\t<meta name=\"twitter:data1\" content=\"1 minute\" \/>\n<script type=\"application\/ld+json\" class=\"yoast-schema-graph\">{\"@context\":\"https:\/\/schema.org\",\"@graph\":[{\"@type\":\"WebPage\",\"@id\":\"https:\/\/nfcbank.com\/public-sector\/local-council\/\",\"url\":\"https:\/\/nfcbank.com\/public-sector\/local-council\/\",\"name\":\"Local Council - NFC Bank\",\"isPartOf\":{\"@id\":\"https:\/\/nfcbank.com\/fr\/#website\"},\"datePublished\":\"2019-11-15T09:55:36+00:00\",\"dateModified\":\"2019-12-09T16:44:44+00:00\",\"breadcrumb\":{\"@id\":\"https:\/\/nfcbank.com\/public-sector\/local-council\/#breadcrumb\"},\"inLanguage\":\"fr-FR\",\"potentialAction\":[{\"@type\":\"ReadAction\",\"target\":[\"https:\/\/nfcbank.com\/public-sector\/local-council\/\"]}]},{\"@type\":\"BreadcrumbList\",\"@id\":\"https:\/\/nfcbank.com\/public-sector\/local-council\/#breadcrumb\",\"itemListElement\":[{\"@type\":\"ListItem\",\"position\":1,\"name\":\"Home\",\"item\":\"https:\/\/nfcbank.com\/\"},{\"@type\":\"ListItem\",\"position\":2,\"name\":\"Public Sector\",\"item\":\"https:\/\/nfcbank.com\/public-sector\/\"},{\"@type\":\"ListItem\",\"position\":3,\"name\":\"Local Council\"}]},{\"@type\":\"WebSite\",\"@id\":\"https:\/\/nfcbank.com\/fr\/#website\",\"url\":\"https:\/\/nfcbank.com\/fr\/\",\"name\":\"NFC Bank\",\"description\":\"We make life easy\",\"publisher\":{\"@id\":\"https:\/\/nfcbank.com\/fr\/#organization\"},\"potentialAction\":[{\"@type\":\"SearchAction\",\"target\":{\"@type\":\"EntryPoint\",\"urlTemplate\":\"https:\/\/nfcbank.com\/fr\/?s={search_term_string}\"},\"query-input\":\"required name=search_term_string\"}],\"inLanguage\":\"fr-FR\"},{\"@type\":\"Organization\",\"@id\":\"https:\/\/nfcbank.com\/fr\/#organization\",\"name\":\"NFC Bank\",\"url\":\"https:\/\/nfcbank.com\/fr\/\",\"logo\":{\"@type\":\"ImageObject\",\"inLanguage\":\"fr-FR\",\"@id\":\"https:\/\/nfcbank.com\/fr\/#\/schema\/logo\/image\/\",\"url\":\"https:\/\/nfcbank.com\/wp-content\/uploads\/2023\/07\/cropped-logo-NFC-Bank.png\",\"contentUrl\":\"https:\/\/nfcbank.com\/wp-content\/uploads\/2023\/07\/cropped-logo-NFC-Bank.png\",\"width\":1686,\"height\":455,\"caption\":\"NFC Bank\"},\"image\":{\"@id\":\"https:\/\/nfcbank.com\/fr\/#\/schema\/logo\/image\/\"}}]}<\/script>\n<!-- \/ Yoast SEO Premium plugin. -->","yoast_head_json":{"title":"Local Council - NFC Bank","robots":{"index":"index","follow":"follow","max-snippet":"max-snippet:-1","max-image-preview":"max-image-preview:large","max-video-preview":"max-video-preview:-1"},"canonical":"https:\/\/nfcbank.com\/fr\/public-sector\/local-council\/","og_locale":"fr_FR","og_type":"article","og_title":"Local Council","og_description":"Local councils NFC Bank is a local bank that provides services which foster business development in Cameroon. We offer a customized current account which facilitates financial transactions of Government agencies (Ministries, Assemblies etc), City and Local councils. Benefits:\u00a0 Zero Minimum operating balance\u00a0 Lodgement of cheques\u00a0 Access to mobile and online Banking\u00a0 \u00a0Access to credit facilities\u00a0 &hellip; Local Council Lire la suite\u00a0\u00bb","og_url":"https:\/\/nfcbank.com\/fr\/public-sector\/local-council\/","og_site_name":"NFC Bank","article_modified_time":"2019-12-09T16:44:44+00:00","twitter_card":"summary_large_image","twitter_misc":{"Dur\u00e9e de lecture estim\u00e9e":"1 minute"},"schema":{"@context":"https:\/\/schema.org","@graph":[{"@type":"WebPage","@id":"https:\/\/nfcbank.com\/public-sector\/local-council\/","url":"https:\/\/nfcbank.com\/public-sector\/local-council\/","name":"Local Council - NFC Bank","isPartOf":{"@id":"https:\/\/nfcbank.com\/fr\/#website"},"datePublished":"2019-11-15T09:55:36+00:00","dateModified":"2019-12-09T16:44:44+00:00","breadcrumb":{"@id":"https:\/\/nfcbank.com\/public-sector\/local-council\/#breadcrumb"},"inLanguage":"fr-FR","potentialAction":[{"@type":"ReadAction","target":["https:\/\/nfcbank.com\/public-sector\/local-council\/"]}]},{"@type":"BreadcrumbList","@id":"https:\/\/nfcbank.com\/public-sector\/local-council\/#breadcrumb","itemListElement":[{"@type":"ListItem","position":1,"name":"Home","item":"https:\/\/nfcbank.com\/"},{"@type":"ListItem","position":2,"name":"Public Sector","item":"https:\/\/nfcbank.com\/public-sector\/"},{"@type":"ListItem","position":3,"name":"Local Council"}]},{"@type":"WebSite","@id":"https:\/\/nfcbank.com\/fr\/#website","url":"https:\/\/nfcbank.com\/fr\/","name":"NFC Bank","description":"We make life easy","publisher":{"@id":"https:\/\/nfcbank.com\/fr\/#organization"},"potentialAction":[{"@type":"SearchAction","target":{"@type":"EntryPoint","urlTemplate":"https:\/\/nfcbank.com\/fr\/?s={search_term_string}"},"query-input":"required name=search_term_string"}],"inLanguage":"fr-FR"},{"@type":"Organization","@id":"https:\/\/nfcbank.com\/fr\/#organization","name":"NFC Bank","url":"https:\/\/nfcbank.com\/fr\/","logo":{"@type":"ImageObject","inLanguage":"fr-FR","@id":"https:\/\/nfcbank.com\/fr\/#\/schema\/logo\/image\/","url":"https:\/\/nfcbank.com\/wp-content\/uploads\/2023\/07\/cropped-logo-NFC-Bank.png","contentUrl":"https:\/\/nfcbank.com\/wp-content\/uploads\/2023\/07\/cropped-logo-NFC-Bank.png","width":1686,"height":455,"caption":"NFC Bank"},"image":{"@id":"https:\/\/nfcbank.com\/fr\/#\/schema\/logo\/image\/"}}]}},"_links":{"self":[{"href":"https:\/\/nfcbank.com\/fr\/wp-json\/wp\/v2\/pages\/1273","targetHints":{"allow":["GET"]}}],"collection":[{"href":"https:\/\/nfcbank.com\/fr\/wp-json\/wp\/v2\/pages"}],"about":[{"href":"https:\/\/nfcbank.com\/fr\/wp-json\/wp\/v2\/types\/page"}],"author":[{"embeddable":true,"href":"https:\/\/nfcbank.com\/fr\/wp-json\/wp\/v2\/users\/2"}],"replies":[{"embeddable":true,"href":"https:\/\/nfcbank.com\/fr\/wp-json\/wp\/v2\/comments?post=1273"}],"version-history":[{"count":8,"href":"https:\/\/nfcbank.com\/fr\/wp-json\/wp\/v2\/pages\/1273\/revisions"}],"predecessor-version":[{"id":3078,"href":"https:\/\/nfcbank.com\/fr\/wp-json\/wp\/v2\/pages\/1273\/revisions\/3078"}],"up":[{"embeddable":true,"href":"https:\/\/nfcbank.com\/fr\/wp-json\/wp\/v2\/pages\/806"}],"wp:attachment":[{"href":"https:\/\/nfcbank.com\/fr\/wp-json\/wp\/v2\/media?parent=1273"}],"curies":[{"name":"wp","href":"https:\/\/api.w.org\/{rel}","templated":true}]}}