{"id":1269,"date":"2019-11-15T09:54:27","date_gmt":"2019-11-15T09:54:27","guid":{"rendered":"https:\/\/nfc.njaka.org\/?page_id=1269"},"modified":"2019-12-09T16:48:04","modified_gmt":"2019-12-09T16:48:04","slug":"embassies","status":"publish","type":"page","link":"https:\/\/nfcbank.com\/fr\/public-sector\/embassies\/","title":{"rendered":"Ambassades"},"content":{"rendered":"<div data-elementor-type=\"wp-page\" data-elementor-id=\"1269\" class=\"elementor elementor-1269\" data-elementor-post-type=\"page\">\n\t\t\t\t\t\t<section data-particle_enable=\"false\" data-particle-mobile-disabled=\"false\" class=\"elementor-section elementor-top-section elementor-element elementor-element-95ed866 elementor-hidden-phone elementor-section-boxed elementor-section-height-default elementor-section-height-default\" data-id=\"95ed866\" data-element_type=\"section\" data-settings=\"{&quot;background_background&quot;:&quot;classic&quot;}\">\n\t\t\t\t\t\t<div class=\"elementor-container elementor-column-gap-default\">\n\t\t\t\t\t<div class=\"elementor-column elementor-col-100 elementor-top-column elementor-element elementor-element-d69c989\" data-id=\"d69c989\" data-element_type=\"column\">\n\t\t\t<div class=\"elementor-widget-wrap elementor-element-populated\">\n\t\t\t\t\t\t<div class=\"elementor-element elementor-element-28ec3ad elementor-nav-menu__align-start elementor-nav-menu--dropdown-tablet elementor-nav-menu__text-align-aside elementor-nav-menu--toggle elementor-nav-menu--burger elementor-widget elementor-widget-nav-menu\" data-id=\"28ec3ad\" data-element_type=\"widget\" data-settings=\"{&quot;layout&quot;:&quot;horizontal&quot;,&quot;submenu_icon&quot;:{&quot;value&quot;:&quot;&lt;i class=\\&quot;fas fa-caret-down\\&quot; aria-hidden=\\&quot;true\\&quot;&gt;&lt;\\\/i&gt;&quot;,&quot;library&quot;:&quot;fa-solid&quot;},&quot;toggle&quot;:&quot;burger&quot;}\" data-widget_type=\"nav-menu.default\">\n\t\t\t\t<div class=\"elementor-widget-container\">\n\t\t\t\t\t\t\t\t<nav aria-label=\"Menu\" class=\"elementor-nav-menu--main elementor-nav-menu__container elementor-nav-menu--layout-horizontal e--pointer-none\">\n\t\t\t\t<ul id=\"menu-1-28ec3ad\" class=\"elementor-nav-menu\"><li class=\"menu-item menu-item-type-post_type menu-item-object-page menu-item-2160\"><a href=\"https:\/\/nfcbank.com\/fr\/public-sector\/parastatals\/\" class=\"elementor-item\">Entreprises Parapubliques<\/a><\/li>\n<li class=\"menu-item menu-item-type-post_type menu-item-object-page menu-item-2158\"><a href=\"https:\/\/nfcbank.com\/fr\/public-sector\/local-council\/\" class=\"elementor-item\">Conseils locaux<\/a><\/li>\n<li class=\"menu-item menu-item-type-post_type menu-item-object-page menu-item-2156\"><a href=\"https:\/\/nfcbank.com\/fr\/public-sector\/embassies\/\" class=\"elementor-item\">Ambassades<\/a><\/li>\n<li class=\"menu-item menu-item-type-post_type menu-item-object-page menu-item-2157\"><a href=\"https:\/\/nfcbank.com\/fr\/public-sector\/international-organizations\/\" class=\"elementor-item\">Organisations Internationales<\/a><\/li>\n<li class=\"menu-item menu-item-type-post_type menu-item-object-page menu-item-2161\"><a href=\"https:\/\/nfcbank.com\/fr\/public-sector\/projects\/\" class=\"elementor-item\">Projets<\/a><\/li>\n<\/ul>\t\t\t<\/nav>\n\t\t\t\t\t<div class=\"elementor-menu-toggle\" role=\"button\" tabindex=\"0\" aria-label=\"Permuter le menu\" aria-expanded=\"false\">\n\t\t\t<i aria-hidden=\"true\" role=\"presentation\" class=\"elementor-menu-toggle__icon--open eicon-menu-bar\"><\/i><i aria-hidden=\"true\" role=\"presentation\" class=\"elementor-menu-toggle__icon--close eicon-close\"><\/i>\t\t<\/div>\n\t\t\t\t\t<nav class=\"elementor-nav-menu--dropdown elementor-nav-menu__container\" aria-hidden=\"true\">\n\t\t\t\t<ul id=\"menu-2-28ec3ad\" class=\"elementor-nav-menu\"><li class=\"menu-item menu-item-type-post_type menu-item-object-page menu-item-2160\"><a href=\"https:\/\/nfcbank.com\/fr\/public-sector\/parastatals\/\" class=\"elementor-item\" tabindex=\"-1\">Entreprises Parapubliques<\/a><\/li>\n<li class=\"menu-item menu-item-type-post_type menu-item-object-page menu-item-2158\"><a href=\"https:\/\/nfcbank.com\/fr\/public-sector\/local-council\/\" class=\"elementor-item\" tabindex=\"-1\">Conseils locaux<\/a><\/li>\n<li class=\"menu-item menu-item-type-post_type menu-item-object-page menu-item-2156\"><a href=\"https:\/\/nfcbank.com\/fr\/public-sector\/embassies\/\" class=\"elementor-item\" tabindex=\"-1\">Ambassades<\/a><\/li>\n<li class=\"menu-item menu-item-type-post_type menu-item-object-page menu-item-2157\"><a href=\"https:\/\/nfcbank.com\/fr\/public-sector\/international-organizations\/\" class=\"elementor-item\" tabindex=\"-1\">Organisations Internationales<\/a><\/li>\n<li class=\"menu-item menu-item-type-post_type menu-item-object-page menu-item-2161\"><a href=\"https:\/\/nfcbank.com\/fr\/public-sector\/projects\/\" class=\"elementor-item\" tabindex=\"-1\">Projets<\/a><\/li>\n<\/ul>\t\t\t<\/nav>\n\t\t\t\t\t\t<\/div>\n\t\t\t\t<\/div>\n\t\t\t\t\t<\/div>\n\t\t<\/div>\n\t\t\t\t\t<\/div>\n\t\t<\/section>\n\t\t\t\t<section data-particle_enable=\"false\" data-particle-mobile-disabled=\"false\" class=\"elementor-section elementor-top-section elementor-element elementor-element-4fbc139 elementor-section-height-min-height elementor-section-boxed elementor-section-height-default elementor-section-items-middle\" data-id=\"4fbc139\" data-element_type=\"section\" data-settings=\"{&quot;background_background&quot;:&quot;classic&quot;}\">\n\t\t\t\t\t\t<div class=\"elementor-container elementor-column-gap-default\">\n\t\t\t\t\t<div class=\"elementor-column elementor-col-100 elementor-top-column elementor-element elementor-element-844bf13\" data-id=\"844bf13\" data-element_type=\"column\">\n\t\t\t<div class=\"elementor-widget-wrap elementor-element-populated\">\n\t\t\t\t\t\t<div class=\"elementor-element elementor-element-70088f7 elementor-widget elementor-widget-heading\" data-id=\"70088f7\" data-element_type=\"widget\" data-widget_type=\"heading.default\">\n\t\t\t\t<div class=\"elementor-widget-container\">\n\t\t\t\t\t<h2 class=\"elementor-heading-title elementor-size-default\">Ambassades<\/h2>\t\t\t\t<\/div>\n\t\t\t\t<\/div>\n\t\t\t\t\t<\/div>\n\t\t<\/div>\n\t\t\t\t\t<\/div>\n\t\t<\/section>\n\t\t\t\t<section data-particle_enable=\"false\" data-particle-mobile-disabled=\"false\" class=\"elementor-section elementor-top-section elementor-element elementor-element-087b633 elementor-section-boxed elementor-section-height-default elementor-section-height-default\" data-id=\"087b633\" data-element_type=\"section\">\n\t\t\t\t\t\t<div class=\"elementor-container elementor-column-gap-default\">\n\t\t\t\t\t<div class=\"elementor-column elementor-col-100 elementor-top-column elementor-element elementor-element-eb155d9\" data-id=\"eb155d9\" data-element_type=\"column\">\n\t\t\t<div class=\"elementor-widget-wrap elementor-element-populated\">\n\t\t\t\t\t\t<div class=\"elementor-element elementor-element-b473c48 elementor-widget elementor-widget-breadcrumbs\" data-id=\"b473c48\" data-element_type=\"widget\" data-widget_type=\"breadcrumbs.default\">\n\t\t\t\t<div class=\"elementor-widget-container\">\n\t\t\t\t\t<p id=\"breadcrumbs\"><span><span><a href=\"https:\/\/nfcbank.com\/fr\/\">Accueil<\/a><\/span><\/span><\/p>\t\t\t\t<\/div>\n\t\t\t\t<\/div>\n\t\t\t\t\t<\/div>\n\t\t<\/div>\n\t\t\t\t\t<\/div>\n\t\t<\/section>\n\t\t\t\t<section data-particle_enable=\"false\" data-particle-mobile-disabled=\"false\" class=\"elementor-section elementor-top-section elementor-element elementor-element-1eeffb46 elementor-section-boxed elementor-section-height-default elementor-section-height-default\" data-id=\"1eeffb46\" data-element_type=\"section\">\n\t\t\t\t\t\t<div class=\"elementor-container elementor-column-gap-default\">\n\t\t\t\t\t<div class=\"elementor-column elementor-col-100 elementor-top-column elementor-element elementor-element-74e93567\" data-id=\"74e93567\" data-element_type=\"column\">\n\t\t\t<div class=\"elementor-widget-wrap elementor-element-populated\">\n\t\t\t\t\t\t<div class=\"elementor-element elementor-element-b18ac0 elementor-widget elementor-widget-text-editor\" data-id=\"b18ac0\" data-element_type=\"widget\" data-widget_type=\"text-editor.default\">\n\t\t\t\t<div class=\"elementor-widget-container\">\n\t\t\t\t\t\t\t\t\t<p>La NFC Bank fournit des comptes d'entreprise pour les ambassades et des comptes de salaires pour le personnel des ambassades.\u00a0<\/p><p><strong>Les Avantages:\u00a0<\/strong><\/p><ul><li>Z\u00e9ro Solde de fonctionnement minimum\u00a0<\/li><li>D\u00e9p\u00f4t de ch\u00e8ques\u00a0<\/li><li>Acc\u00e8s aux services bancaires mobiles et en ligne\u00a0<\/li><li>\u00a0Acc\u00e8s aux facilit\u00e9s de cr\u00e9dit\u00a0<\/li><li>Cartes de guichets automatiques \u00e0 des prix abordables\u00a0 \u00a0<\/li><\/ul><p><strong>Exigences\u00a0<\/strong><\/p><ul><li>Formulaire d'ouverture de compte d\u00fbment rempli\u00a0<\/li><li>\u00a0Identit\u00e9s des signataires\u00a0<\/li><li>\u00a0Copie du d\u00e9cret portant nomination du DG et du CA \/ Copie du journal officiel ou du d\u00e9cret portant cr\u00e9ation de l'Agence\u00a0<\/li><li>\u00a0Quatre photos format passeport de chacun des signataires\u00a0<\/li><li>\u00a0Lettre de demande d'ouverture de compte\/r\u00e9solution du Conseil d'administration\u00a0<\/li><li>\u00a0Lettre de pr\u00e9sentation des signataires et de leur d\u00e9signation\u00a0<\/li><li>Plan de localisation\u00a0<\/li><li>Formulaire de droit de compensation sign\u00e9\u00a0<\/li><li>Copie du dernier rapport annuel et des derniers comptes annuels ou relev\u00e9 bancaire de 12 mois (pour les entreprises \u00e9tablies)<\/li><li>\u00a0Tout autre document<\/li><\/ul>\t\t\t\t\t\t\t\t<\/div>\n\t\t\t\t<\/div>\n\t\t\t\t\t<\/div>\n\t\t<\/div>\n\t\t\t\t\t<\/div>\n\t\t<\/section>\n\t\t\t\t<\/div>","protected":false},"excerpt":{"rendered":"<p>Embassies NFC Bank provides corporate accounts for Embassies and salary accounts for embassy staff.\u00a0 Benefits\u00a0 Zero Minimum operating balance\u00a0 Lodgement of cheques\u00a0 Access to mobile and online banking\u00a0 \u00a0Access to credit facilities\u00a0 ATM Cards at affordable prices\u00a0 \u00a0 Requirements\u00a0 Duly completed account opening form\u00a0 \u00a0National identity card of signatories\u00a0 \u00a0Copy of decree appointing GM and &hellip;<\/p>\n<p class=\"read-more\"> <a class=\"\" href=\"https:\/\/nfcbank.com\/fr\/public-sector\/embassies\/\"> <span class=\"screen-reader-text\">Ambassades<\/span> Lire la suite\u00a0\u00bb<\/a><\/p>","protected":false},"author":2,"featured_media":0,"parent":806,"menu_order":0,"comment_status":"closed","ping_status":"closed","template":"","meta":{"footnotes":""},"class_list":["post-1269","page","type-page","status-publish","hentry"],"yoast_head":"<!-- This site is optimized with the Yoast SEO Premium plugin v17.9 (Yoast SEO v20.12) - https:\/\/yoast.com\/wordpress\/plugins\/seo\/ -->\n<title>Embassies - NFC Bank<\/title>\n<meta name=\"robots\" content=\"index, follow, max-snippet:-1, max-image-preview:large, max-video-preview:-1\" \/>\n<link rel=\"canonical\" href=\"https:\/\/nfcbank.com\/fr\/public-sector\/embassies\/\" \/>\n<meta property=\"og:locale\" content=\"fr_FR\" \/>\n<meta property=\"og:type\" content=\"article\" \/>\n<meta property=\"og:title\" content=\"Embassies\" \/>\n<meta property=\"og:description\" content=\"Embassies NFC Bank provides corporate accounts for Embassies and salary accounts for embassy staff.\u00a0 Benefits\u00a0 Zero Minimum operating balance\u00a0 Lodgement of cheques\u00a0 Access to mobile and online banking\u00a0 \u00a0Access to credit facilities\u00a0 ATM Cards at affordable prices\u00a0 \u00a0 Requirements\u00a0 Duly completed account opening form\u00a0 \u00a0National identity card of signatories\u00a0 \u00a0Copy of decree appointing GM and &hellip; Embassies Lire la suite\u00a0\u00bb\" \/>\n<meta property=\"og:url\" content=\"https:\/\/nfcbank.com\/fr\/public-sector\/embassies\/\" \/>\n<meta property=\"og:site_name\" content=\"NFC Bank\" \/>\n<meta property=\"article:modified_time\" content=\"2019-12-09T16:48:04+00:00\" \/>\n<meta name=\"twitter:card\" content=\"summary_large_image\" \/>\n<meta name=\"twitter:label1\" content=\"Dur\u00e9e de lecture estim\u00e9e\" \/>\n\t<meta name=\"twitter:data1\" content=\"1 minute\" \/>\n<script type=\"application\/ld+json\" class=\"yoast-schema-graph\">{\"@context\":\"https:\/\/schema.org\",\"@graph\":[{\"@type\":\"WebPage\",\"@id\":\"https:\/\/nfcbank.com\/public-sector\/embassies\/\",\"url\":\"https:\/\/nfcbank.com\/public-sector\/embassies\/\",\"name\":\"Embassies - NFC Bank\",\"isPartOf\":{\"@id\":\"https:\/\/nfcbank.com\/fr\/#website\"},\"datePublished\":\"2019-11-15T09:54:27+00:00\",\"dateModified\":\"2019-12-09T16:48:04+00:00\",\"breadcrumb\":{\"@id\":\"https:\/\/nfcbank.com\/public-sector\/embassies\/#breadcrumb\"},\"inLanguage\":\"fr-FR\",\"potentialAction\":[{\"@type\":\"ReadAction\",\"target\":[\"https:\/\/nfcbank.com\/public-sector\/embassies\/\"]}]},{\"@type\":\"BreadcrumbList\",\"@id\":\"https:\/\/nfcbank.com\/public-sector\/embassies\/#breadcrumb\",\"itemListElement\":[{\"@type\":\"ListItem\",\"position\":1,\"name\":\"Home\",\"item\":\"https:\/\/nfcbank.com\/\"},{\"@type\":\"ListItem\",\"position\":2,\"name\":\"Public Sector\",\"item\":\"https:\/\/nfcbank.com\/public-sector\/\"},{\"@type\":\"ListItem\",\"position\":3,\"name\":\"Embassies\"}]},{\"@type\":\"WebSite\",\"@id\":\"https:\/\/nfcbank.com\/fr\/#website\",\"url\":\"https:\/\/nfcbank.com\/fr\/\",\"name\":\"NFC Bank\",\"description\":\"We make life easy\",\"publisher\":{\"@id\":\"https:\/\/nfcbank.com\/fr\/#organization\"},\"potentialAction\":[{\"@type\":\"SearchAction\",\"target\":{\"@type\":\"EntryPoint\",\"urlTemplate\":\"https:\/\/nfcbank.com\/fr\/?s={search_term_string}\"},\"query-input\":\"required name=search_term_string\"}],\"inLanguage\":\"fr-FR\"},{\"@type\":\"Organization\",\"@id\":\"https:\/\/nfcbank.com\/fr\/#organization\",\"name\":\"NFC Bank\",\"url\":\"https:\/\/nfcbank.com\/fr\/\",\"logo\":{\"@type\":\"ImageObject\",\"inLanguage\":\"fr-FR\",\"@id\":\"https:\/\/nfcbank.com\/fr\/#\/schema\/logo\/image\/\",\"url\":\"https:\/\/nfcbank.com\/wp-content\/uploads\/2023\/07\/cropped-logo-NFC-Bank.png\",\"contentUrl\":\"https:\/\/nfcbank.com\/wp-content\/uploads\/2023\/07\/cropped-logo-NFC-Bank.png\",\"width\":1686,\"height\":455,\"caption\":\"NFC Bank\"},\"image\":{\"@id\":\"https:\/\/nfcbank.com\/fr\/#\/schema\/logo\/image\/\"}}]}<\/script>\n<!-- \/ Yoast SEO Premium plugin. -->","yoast_head_json":{"title":"Embassies - NFC Bank","robots":{"index":"index","follow":"follow","max-snippet":"max-snippet:-1","max-image-preview":"max-image-preview:large","max-video-preview":"max-video-preview:-1"},"canonical":"https:\/\/nfcbank.com\/fr\/public-sector\/embassies\/","og_locale":"fr_FR","og_type":"article","og_title":"Embassies","og_description":"Embassies NFC Bank provides corporate accounts for Embassies and salary accounts for embassy staff.\u00a0 Benefits\u00a0 Zero Minimum operating balance\u00a0 Lodgement of cheques\u00a0 Access to mobile and online banking\u00a0 \u00a0Access to credit facilities\u00a0 ATM Cards at affordable prices\u00a0 \u00a0 Requirements\u00a0 Duly completed account opening form\u00a0 \u00a0National identity card of signatories\u00a0 \u00a0Copy of decree appointing GM and &hellip; Embassies Lire la suite\u00a0\u00bb","og_url":"https:\/\/nfcbank.com\/fr\/public-sector\/embassies\/","og_site_name":"NFC Bank","article_modified_time":"2019-12-09T16:48:04+00:00","twitter_card":"summary_large_image","twitter_misc":{"Dur\u00e9e de lecture estim\u00e9e":"1 minute"},"schema":{"@context":"https:\/\/schema.org","@graph":[{"@type":"WebPage","@id":"https:\/\/nfcbank.com\/public-sector\/embassies\/","url":"https:\/\/nfcbank.com\/public-sector\/embassies\/","name":"Embassies - NFC Bank","isPartOf":{"@id":"https:\/\/nfcbank.com\/fr\/#website"},"datePublished":"2019-11-15T09:54:27+00:00","dateModified":"2019-12-09T16:48:04+00:00","breadcrumb":{"@id":"https:\/\/nfcbank.com\/public-sector\/embassies\/#breadcrumb"},"inLanguage":"fr-FR","potentialAction":[{"@type":"ReadAction","target":["https:\/\/nfcbank.com\/public-sector\/embassies\/"]}]},{"@type":"BreadcrumbList","@id":"https:\/\/nfcbank.com\/public-sector\/embassies\/#breadcrumb","itemListElement":[{"@type":"ListItem","position":1,"name":"Home","item":"https:\/\/nfcbank.com\/"},{"@type":"ListItem","position":2,"name":"Public Sector","item":"https:\/\/nfcbank.com\/public-sector\/"},{"@type":"ListItem","position":3,"name":"Embassies"}]},{"@type":"WebSite","@id":"https:\/\/nfcbank.com\/fr\/#website","url":"https:\/\/nfcbank.com\/fr\/","name":"NFC Bank","description":"We make life easy","publisher":{"@id":"https:\/\/nfcbank.com\/fr\/#organization"},"potentialAction":[{"@type":"SearchAction","target":{"@type":"EntryPoint","urlTemplate":"https:\/\/nfcbank.com\/fr\/?s={search_term_string}"},"query-input":"required name=search_term_string"}],"inLanguage":"fr-FR"},{"@type":"Organization","@id":"https:\/\/nfcbank.com\/fr\/#organization","name":"NFC Bank","url":"https:\/\/nfcbank.com\/fr\/","logo":{"@type":"ImageObject","inLanguage":"fr-FR","@id":"https:\/\/nfcbank.com\/fr\/#\/schema\/logo\/image\/","url":"https:\/\/nfcbank.com\/wp-content\/uploads\/2023\/07\/cropped-logo-NFC-Bank.png","contentUrl":"https:\/\/nfcbank.com\/wp-content\/uploads\/2023\/07\/cropped-logo-NFC-Bank.png","width":1686,"height":455,"caption":"NFC Bank"},"image":{"@id":"https:\/\/nfcbank.com\/fr\/#\/schema\/logo\/image\/"}}]}},"_links":{"self":[{"href":"https:\/\/nfcbank.com\/fr\/wp-json\/wp\/v2\/pages\/1269","targetHints":{"allow":["GET"]}}],"collection":[{"href":"https:\/\/nfcbank.com\/fr\/wp-json\/wp\/v2\/pages"}],"about":[{"href":"https:\/\/nfcbank.com\/fr\/wp-json\/wp\/v2\/types\/page"}],"author":[{"embeddable":true,"href":"https:\/\/nfcbank.com\/fr\/wp-json\/wp\/v2\/users\/2"}],"replies":[{"embeddable":true,"href":"https:\/\/nfcbank.com\/fr\/wp-json\/wp\/v2\/comments?post=1269"}],"version-history":[{"count":6,"href":"https:\/\/nfcbank.com\/fr\/wp-json\/wp\/v2\/pages\/1269\/revisions"}],"predecessor-version":[{"id":3080,"href":"https:\/\/nfcbank.com\/fr\/wp-json\/wp\/v2\/pages\/1269\/revisions\/3080"}],"up":[{"embeddable":true,"href":"https:\/\/nfcbank.com\/fr\/wp-json\/wp\/v2\/pages\/806"}],"wp:attachment":[{"href":"https:\/\/nfcbank.com\/fr\/wp-json\/wp\/v2\/media?parent=1269"}],"curies":[{"name":"wp","href":"https:\/\/api.w.org\/{rel}","templated":true}]}}