{"id":1260,"date":"2019-11-15T09:31:59","date_gmt":"2019-11-15T09:31:59","guid":{"rendered":"https:\/\/nfc.njaka.org\/?page_id=1260"},"modified":"2019-12-09T13:58:58","modified_gmt":"2019-12-09T13:58:58","slug":"halal-save","status":"publish","type":"page","link":"https:\/\/nfcbank.com\/fr\/retail-banking\/accounts-retail-banking\/savings-account\/halal-save\/","title":{"rendered":"Epargne Halal"},"content":{"rendered":"<div data-elementor-type=\"wp-page\" data-elementor-id=\"1260\" class=\"elementor elementor-1260\" data-elementor-post-type=\"page\">\n\t\t\t\t\t\t<section data-particle_enable=\"false\" data-particle-mobile-disabled=\"false\" class=\"elementor-section elementor-top-section elementor-element elementor-element-d74be16 elementor-section-boxed elementor-section-height-default elementor-section-height-default\" data-id=\"d74be16\" data-element_type=\"section\" data-settings=\"{&quot;background_background&quot;:&quot;classic&quot;}\">\n\t\t\t\t\t\t<div class=\"elementor-container elementor-column-gap-default\">\n\t\t\t\t\t<div class=\"elementor-column elementor-col-100 elementor-top-column elementor-element elementor-element-d7ab1d5\" data-id=\"d7ab1d5\" data-element_type=\"column\">\n\t\t\t<div class=\"elementor-widget-wrap elementor-element-populated\">\n\t\t\t\t\t\t<div class=\"elementor-element elementor-element-09468a1 elementor-hidden-phone elementor-nav-menu--dropdown-tablet elementor-nav-menu__text-align-aside elementor-nav-menu--toggle elementor-nav-menu--burger elementor-widget elementor-widget-nav-menu\" data-id=\"09468a1\" data-element_type=\"widget\" data-settings=\"{&quot;layout&quot;:&quot;horizontal&quot;,&quot;submenu_icon&quot;:{&quot;value&quot;:&quot;&lt;i class=\\&quot;fas fa-caret-down\\&quot; aria-hidden=\\&quot;true\\&quot;&gt;&lt;\\\/i&gt;&quot;,&quot;library&quot;:&quot;fa-solid&quot;},&quot;toggle&quot;:&quot;burger&quot;}\" data-widget_type=\"nav-menu.default\">\n\t\t\t\t<div class=\"elementor-widget-container\">\n\t\t\t\t\t\t\t\t<nav aria-label=\"Menu\" class=\"elementor-nav-menu--main elementor-nav-menu__container elementor-nav-menu--layout-horizontal e--pointer-none\">\n\t\t\t\t<ul id=\"menu-1-09468a1\" class=\"elementor-nav-menu\"><li class=\"menu-item menu-item-type-post_type menu-item-object-page menu-item-home menu-item-1708\"><a href=\"https:\/\/nfcbank.com\/fr\/\" class=\"elementor-item\">Services bancaires aux particuliers<\/a><\/li>\n<li class=\"menu-item menu-item-type-post_type menu-item-object-page menu-item-1709\"><a href=\"https:\/\/nfcbank.com\/fr\/corporate-banking\/\" class=\"elementor-item\">Banque des  entreprises<\/a><\/li>\n<li class=\"menu-item menu-item-type-post_type menu-item-object-page menu-item-1711\"><a href=\"https:\/\/nfcbank.com\/fr\/public-sector\/\" class=\"elementor-item\">Secteur public<\/a><\/li>\n<li class=\"menu-item menu-item-type-post_type menu-item-object-page menu-item-1710\"><a href=\"https:\/\/nfcbank.com\/fr\/e-banking\/\" class=\"elementor-item\">Banque en ligne<\/a><\/li>\n<\/ul>\t\t\t<\/nav>\n\t\t\t\t\t<div class=\"elementor-menu-toggle\" role=\"button\" tabindex=\"0\" aria-label=\"Permuter le menu\" aria-expanded=\"false\">\n\t\t\t<i aria-hidden=\"true\" role=\"presentation\" class=\"elementor-menu-toggle__icon--open eicon-menu-bar\"><\/i><i aria-hidden=\"true\" role=\"presentation\" class=\"elementor-menu-toggle__icon--close eicon-close\"><\/i>\t\t<\/div>\n\t\t\t\t\t<nav class=\"elementor-nav-menu--dropdown elementor-nav-menu__container\" aria-hidden=\"true\">\n\t\t\t\t<ul id=\"menu-2-09468a1\" class=\"elementor-nav-menu\"><li class=\"menu-item menu-item-type-post_type menu-item-object-page menu-item-home menu-item-1708\"><a href=\"https:\/\/nfcbank.com\/fr\/\" class=\"elementor-item\" tabindex=\"-1\">Services bancaires aux particuliers<\/a><\/li>\n<li class=\"menu-item menu-item-type-post_type menu-item-object-page menu-item-1709\"><a href=\"https:\/\/nfcbank.com\/fr\/corporate-banking\/\" class=\"elementor-item\" tabindex=\"-1\">Banque des  entreprises<\/a><\/li>\n<li class=\"menu-item menu-item-type-post_type menu-item-object-page menu-item-1711\"><a href=\"https:\/\/nfcbank.com\/fr\/public-sector\/\" class=\"elementor-item\" tabindex=\"-1\">Secteur public<\/a><\/li>\n<li class=\"menu-item menu-item-type-post_type menu-item-object-page menu-item-1710\"><a href=\"https:\/\/nfcbank.com\/fr\/e-banking\/\" class=\"elementor-item\" tabindex=\"-1\">Banque en ligne<\/a><\/li>\n<\/ul>\t\t\t<\/nav>\n\t\t\t\t\t\t<\/div>\n\t\t\t\t<\/div>\n\t\t\t\t\t<\/div>\n\t\t<\/div>\n\t\t\t\t\t<\/div>\n\t\t<\/section>\n\t\t\t\t<section data-particle_enable=\"false\" data-particle-mobile-disabled=\"false\" class=\"elementor-section elementor-top-section elementor-element elementor-element-cf77962 elementor-section-height-min-height elementor-section-boxed elementor-section-height-default elementor-section-items-middle\" data-id=\"cf77962\" data-element_type=\"section\" data-settings=\"{&quot;background_background&quot;:&quot;classic&quot;}\">\n\t\t\t\t\t\t\t<div class=\"elementor-background-overlay\"><\/div>\n\t\t\t\t\t\t\t<div class=\"elementor-container elementor-column-gap-default\">\n\t\t\t\t\t<div class=\"elementor-column elementor-col-50 elementor-top-column elementor-element elementor-element-74c3d36\" data-id=\"74c3d36\" data-element_type=\"column\">\n\t\t\t<div class=\"elementor-widget-wrap elementor-element-populated\">\n\t\t\t\t\t\t<div class=\"elementor-element elementor-element-c4b640f elementor-widget elementor-widget-heading\" data-id=\"c4b640f\" data-element_type=\"widget\" data-widget_type=\"heading.default\">\n\t\t\t\t<div class=\"elementor-widget-container\">\n\t\t\t\t\t<h2 class=\"elementor-heading-title elementor-size-default\">Epargne Halal<\/h2>\t\t\t\t<\/div>\n\t\t\t\t<\/div>\n\t\t\t\t\t<\/div>\n\t\t<\/div>\n\t\t\t\t<div class=\"elementor-column elementor-col-50 elementor-top-column elementor-element elementor-element-723c138\" data-id=\"723c138\" data-element_type=\"column\">\n\t\t\t<div class=\"elementor-widget-wrap\">\n\t\t\t\t\t\t\t<\/div>\n\t\t<\/div>\n\t\t\t\t\t<\/div>\n\t\t<\/section>\n\t\t\t\t<section data-particle_enable=\"false\" data-particle-mobile-disabled=\"false\" class=\"elementor-section elementor-top-section elementor-element elementor-element-58f04f9 elementor-section-boxed elementor-section-height-default elementor-section-height-default\" data-id=\"58f04f9\" data-element_type=\"section\">\n\t\t\t\t\t\t<div class=\"elementor-container elementor-column-gap-default\">\n\t\t\t\t\t<div class=\"elementor-column elementor-col-100 elementor-top-column elementor-element elementor-element-b70e5cb\" data-id=\"b70e5cb\" data-element_type=\"column\">\n\t\t\t<div class=\"elementor-widget-wrap elementor-element-populated\">\n\t\t\t\t\t\t<div class=\"elementor-element elementor-element-c9f7a07 elementor-widget elementor-widget-breadcrumbs\" data-id=\"c9f7a07\" data-element_type=\"widget\" data-widget_type=\"breadcrumbs.default\">\n\t\t\t\t<div class=\"elementor-widget-container\">\n\t\t\t\t\t<p id=\"breadcrumbs\"><span><span><a href=\"https:\/\/nfcbank.com\/fr\/\">Accueil<\/a><\/span><\/span><\/p>\t\t\t\t<\/div>\n\t\t\t\t<\/div>\n\t\t\t\t\t<\/div>\n\t\t<\/div>\n\t\t\t\t\t<\/div>\n\t\t<\/section>\n\t\t\t\t<section data-particle_enable=\"false\" data-particle-mobile-disabled=\"false\" class=\"elementor-section elementor-top-section elementor-element elementor-element-32702a8 elementor-section-boxed elementor-section-height-default elementor-section-height-default\" data-id=\"32702a8\" data-element_type=\"section\">\n\t\t\t\t\t\t<div class=\"elementor-container elementor-column-gap-default\">\n\t\t\t\t\t<div class=\"elementor-column elementor-col-100 elementor-top-column elementor-element elementor-element-88125b1\" data-id=\"88125b1\" data-element_type=\"column\">\n\t\t\t<div class=\"elementor-widget-wrap elementor-element-populated\">\n\t\t\t\t\t\t<div class=\"elementor-element elementor-element-ad32bc2 elementor-widget elementor-widget-text-editor\" data-id=\"ad32bc2\" data-element_type=\"widget\" data-widget_type=\"text-editor.default\">\n\t\t\t\t<div class=\"elementor-widget-container\">\n\t\t\t\t\t\t\t\t\t<table cellspacing=\"0\" cellpadding=\"0\" align=\"left\"><tbody><tr><td style=\"padding: 0cm 9.0pt 0cm 9.0pt;\" align=\"left\" valign=\"top\"><ul><li><b><span lang=\"EN-GB\" style=\"font-size: 12.0pt; mso-bidi-font-size: 11.0pt; line-height: 115%;\">HALAL Save Normal<\/span><\/b><\/li><\/ul><p><span style=\"font-size: 12pt;\">La NFC Bank offre un plan d'\u00e9pargne sur mesure pour nos pr\u00e9cieux clients. Elle offre des opportunit\u00e9s bancaires en accord avec les valeurs musulmanes.<\/span><\/p><p><b style=\"font-style: inherit; text-align: justify;\"><span lang=\"EN-US\">Avantages<\/span><\/b><\/p><ul><li><span style=\"font-size: 15px; text-indent: -18pt; text-align: justify;\">Internet gratuit  et souscription au service bancaire mobile<\/span><\/li><li>Cartes de guichet automatique interop\u00e9rables<\/li><li>Alertes SMS gratuites<\/li><li>Retraits illimit\u00e9s de fonds sans frais<\/li><\/ul><p style=\"text-align: justify; mso-element: frame; mso-element-frame-hspace: 9.0pt; mso-element-wrap: around; mso-element-anchor-horizontal: margin; mso-element-top: 66.75pt; mso-height-rule: exactly;\"><b><span lang=\"EN-US\">Documents requis:<\/span><\/b><\/p><ul><li style=\"text-align: justify; mso-element: frame; mso-element-frame-hspace: 9.0pt; mso-element-wrap: around; mso-element-anchor-horizontal: margin; mso-element-top: 66.75pt; mso-height-rule: exactly;\"><span style=\"font-size: 15px; text-indent: -18pt;\">Pi\u00e8ce d\u2019identification valide<\/span><\/li><li style=\"text-align: justify; mso-element: frame; mso-element-frame-hspace: 9.0pt; mso-element-wrap: around; mso-element-anchor-horizontal: margin; mso-element-top: 66.75pt; mso-height-rule: exactly;\">Demande manuscrite<\/li><li style=\"text-align: justify; mso-element: frame; mso-element-frame-hspace: 9.0pt; mso-element-wrap: around; mso-element-anchor-horizontal: margin; mso-element-top: 66.75pt; mso-height-rule: exactly;\">Origine des fonds<\/li><li style=\"text-align: justify; mso-element: frame; mso-element-frame-hspace: 9.0pt; mso-element-wrap: around; mso-element-anchor-horizontal: margin; mso-element-top: 66.75pt; mso-height-rule: exactly;\">Lettre d\u2019autorisation du parent pour les mineurs<\/li><li style=\"text-align: justify; mso-element: frame; mso-element-frame-hspace: 9.0pt; mso-element-wrap: around; mso-element-anchor-horizontal: margin; mso-element-top: 66.75pt; mso-height-rule: exactly;\">Carte de r\u00e9sident pour les non-r\u00e9sidents<\/li><li style=\"text-align: justify; mso-element: frame; mso-element-frame-hspace: 9.0pt; mso-element-wrap: around; mso-element-anchor-horizontal: margin; mso-element-top: 66.75pt; mso-height-rule: exactly;\">03 photos de format 4x4<\/li><li style=\"text-align: justify; mso-element: frame; mso-element-frame-hspace: 9.0pt; mso-element-wrap: around; mso-element-anchor-horizontal: margin; mso-element-top: 66.75pt; mso-height-rule: exactly;\">Plan de localisation du domicile<\/li><\/ul><table><tbody><tr><td><h2><strong>Micro \u2013 HALAL Save<\/strong><\/h2><table><tbody><tr><td><p>La NFC Bank offre un compte d'\u00e9pargne personnalis\u00e9 aux petits commer\u00e7ants et\/ou aux personnes \u00e0 faible revenu de confession musulmane.<\/p><p><strong>Avantages<\/strong><\/p><table><tbody><tr><td><ul><li>Internet gratuit  et souscription au service bancaire mobile<\/li><li>Cartes de guichet automatique interop\u00e9rables<\/li><li>Alertes SMS gratuites<\/li><li>Retraits illimit\u00e9s de fonds sans frais<\/li><\/ul><p><strong>Documents requis:<\/strong><\/p><table><tbody><tr><td><ul><li>Pi\u00e8ce d\u2019identification valide<\/li><li>Lettre d\u2019autorisation du parent pour les mineurs<\/li><li>Carte de r\u00e9sident pour les non-r\u00e9sidents<\/li><li>03 photos de format 4x4<\/li><li>V\u00e9rification de l\u2019adresse (plan de localisation du domicile ou la facture d\u2019eau ou d\u2019\u00e9lectricit\u00e9)<\/li><li>D\u00e9p\u00f4t initial d'au moins 5.000 FCFA<\/li><\/ul><h1><strong>FORFAIT \u00c9tudiant Halal<\/strong><\/h1><table><tbody><tr><td><h2>Avantages<\/h2><ul><li>Internet gratuit  et souscription au service bancaire mobile<\/li><li>Cartes de guichet automatique interop\u00e9rables<\/li><li>Alertes SMS gratuites<\/li><li>Retraits illimit\u00e9s de fonds sans frais<\/li><\/ul><p><strong>Documents requis :<\/strong><\/p><table><tbody><tr><td><ul><li style=\"list-style-type: none\"><ul><li>Pi\u00e8ce d\u2019identification valide<\/li><li>Lettre d\u2019autorisation du parent pour les mineurs<\/li><li>Carte de r\u00e9sident pour les non-r\u00e9sidents<\/li><li>Copie de la carte d\u2019identit\u00e9 scolaire ou tout autre document justifiant le statut d\u2019\u00e9tudiant \/\u00e9l\u00e8ve<\/li><li>03 photos de format 4x4<\/li><li>V\u00e9rification de l\u2019adresse (plan de localisation du domicile ou la facture d\u2019eau ou d\u2019\u00e9lectricit\u00e9)<\/li><li>\u00a0D\u00e9p\u00f4t initial d\u2019au moins 2.5.00 FCFA<\/li><\/ul><\/li><\/ul><tbody><tr><td>\u00a0<\/td><\/tr><\/tbody><ul><li><\/li><\/ul><\/td><\/tr><\/tbody><\/table><\/td><\/tr><\/tbody><\/table><\/td><\/tr><\/tbody><\/table><\/td><\/tr><\/tbody><\/table><\/td><\/tr><\/tbody><\/table><\/td><\/tr><\/tbody><\/table><\/td><\/tr><\/tbody><\/table>\t\t\t\t\t\t\t\t<\/div>\n\t\t\t\t<\/div>\n\t\t\t\t\t<\/div>\n\t\t<\/div>\n\t\t\t\t\t<\/div>\n\t\t<\/section>\n\t\t\t\t<\/div>","protected":false},"excerpt":{"rendered":"<p>Halal Save HALAL Save Normal NFC Bank offers a customized savings scheme for our valued customers. It provides banking opportunity in accordance with Muslim values. Advantages of the product Free internet and mobile banking subscription Free interoperable debit cards Free SMS alerts Unlimited withdrawals of funds at no charge Required Documents Valid identification Handwritten application &hellip;<\/p>\n<p class=\"read-more\"> <a class=\"\" href=\"https:\/\/nfcbank.com\/fr\/retail-banking\/accounts-retail-banking\/savings-account\/halal-save\/\"> <span class=\"screen-reader-text\">Epargne Halal<\/span> Lire la suite\u00a0\u00bb<\/a><\/p>","protected":false},"author":2,"featured_media":0,"parent":1078,"menu_order":0,"comment_status":"closed","ping_status":"closed","template":"","meta":{"footnotes":""},"class_list":["post-1260","page","type-page","status-publish","hentry"],"yoast_head":"<!-- This site is optimized with the Yoast SEO Premium plugin v17.9 (Yoast SEO v20.12) - https:\/\/yoast.com\/wordpress\/plugins\/seo\/ -->\n<title>Halal Save - NFC Bank<\/title>\n<meta name=\"robots\" content=\"index, follow, max-snippet:-1, max-image-preview:large, max-video-preview:-1\" \/>\n<link rel=\"canonical\" href=\"https:\/\/nfcbank.com\/fr\/retail-banking\/accounts-retail-banking\/savings-account\/halal-save\/\" \/>\n<meta property=\"og:locale\" content=\"fr_FR\" \/>\n<meta property=\"og:type\" content=\"article\" \/>\n<meta property=\"og:title\" content=\"Halal Save\" \/>\n<meta property=\"og:description\" content=\"Halal Save HALAL Save Normal NFC Bank offers a customized savings scheme for our valued customers. It provides banking opportunity in accordance with Muslim values. Advantages of the product Free internet and mobile banking subscription Free interoperable debit cards Free SMS alerts Unlimited withdrawals of funds at no charge Required Documents Valid identification Handwritten application &hellip; Halal Save Lire la suite\u00a0\u00bb\" \/>\n<meta property=\"og:url\" content=\"https:\/\/nfcbank.com\/fr\/retail-banking\/accounts-retail-banking\/savings-account\/halal-save\/\" \/>\n<meta property=\"og:site_name\" content=\"NFC Bank\" \/>\n<meta property=\"article:modified_time\" content=\"2019-12-09T13:58:58+00:00\" \/>\n<meta name=\"twitter:card\" content=\"summary_large_image\" \/>\n<meta name=\"twitter:label1\" content=\"Dur\u00e9e de lecture estim\u00e9e\" \/>\n\t<meta name=\"twitter:data1\" content=\"1 minute\" \/>\n<script type=\"application\/ld+json\" class=\"yoast-schema-graph\">{\"@context\":\"https:\/\/schema.org\",\"@graph\":[{\"@type\":\"WebPage\",\"@id\":\"https:\/\/nfcbank.com\/retail-banking\/accounts-retail-banking\/savings-account\/halal-save\/\",\"url\":\"https:\/\/nfcbank.com\/retail-banking\/accounts-retail-banking\/savings-account\/halal-save\/\",\"name\":\"Halal Save - NFC Bank\",\"isPartOf\":{\"@id\":\"https:\/\/nfcbank.com\/fr\/#website\"},\"datePublished\":\"2019-11-15T09:31:59+00:00\",\"dateModified\":\"2019-12-09T13:58:58+00:00\",\"breadcrumb\":{\"@id\":\"https:\/\/nfcbank.com\/retail-banking\/accounts-retail-banking\/savings-account\/halal-save\/#breadcrumb\"},\"inLanguage\":\"fr-FR\",\"potentialAction\":[{\"@type\":\"ReadAction\",\"target\":[\"https:\/\/nfcbank.com\/retail-banking\/accounts-retail-banking\/savings-account\/halal-save\/\"]}]},{\"@type\":\"BreadcrumbList\",\"@id\":\"https:\/\/nfcbank.com\/retail-banking\/accounts-retail-banking\/savings-account\/halal-save\/#breadcrumb\",\"itemListElement\":[{\"@type\":\"ListItem\",\"position\":1,\"name\":\"Home\",\"item\":\"https:\/\/nfcbank.com\/\"},{\"@type\":\"ListItem\",\"position\":2,\"name\":\"Retail Banking\",\"item\":\"https:\/\/nfcbank.com\/\"},{\"@type\":\"ListItem\",\"position\":3,\"name\":\"Accounts | Retail Banking\",\"item\":\"https:\/\/nfcbank.com\/retail-banking\/accounts-retail-banking\/\"},{\"@type\":\"ListItem\",\"position\":4,\"name\":\"Savings Account\",\"item\":\"https:\/\/nfcbank.com\/retail-banking\/accounts-retail-banking\/savings-account\/\"},{\"@type\":\"ListItem\",\"position\":5,\"name\":\"Halal Save\"}]},{\"@type\":\"WebSite\",\"@id\":\"https:\/\/nfcbank.com\/fr\/#website\",\"url\":\"https:\/\/nfcbank.com\/fr\/\",\"name\":\"NFC Bank\",\"description\":\"We make life easy\",\"publisher\":{\"@id\":\"https:\/\/nfcbank.com\/fr\/#organization\"},\"potentialAction\":[{\"@type\":\"SearchAction\",\"target\":{\"@type\":\"EntryPoint\",\"urlTemplate\":\"https:\/\/nfcbank.com\/fr\/?s={search_term_string}\"},\"query-input\":\"required name=search_term_string\"}],\"inLanguage\":\"fr-FR\"},{\"@type\":\"Organization\",\"@id\":\"https:\/\/nfcbank.com\/fr\/#organization\",\"name\":\"NFC Bank\",\"url\":\"https:\/\/nfcbank.com\/fr\/\",\"logo\":{\"@type\":\"ImageObject\",\"inLanguage\":\"fr-FR\",\"@id\":\"https:\/\/nfcbank.com\/fr\/#\/schema\/logo\/image\/\",\"url\":\"https:\/\/nfcbank.com\/wp-content\/uploads\/2023\/07\/cropped-logo-NFC-Bank.png\",\"contentUrl\":\"https:\/\/nfcbank.com\/wp-content\/uploads\/2023\/07\/cropped-logo-NFC-Bank.png\",\"width\":1686,\"height\":455,\"caption\":\"NFC Bank\"},\"image\":{\"@id\":\"https:\/\/nfcbank.com\/fr\/#\/schema\/logo\/image\/\"}}]}<\/script>\n<!-- \/ Yoast SEO Premium plugin. -->","yoast_head_json":{"title":"Halal Save - NFC Bank","robots":{"index":"index","follow":"follow","max-snippet":"max-snippet:-1","max-image-preview":"max-image-preview:large","max-video-preview":"max-video-preview:-1"},"canonical":"https:\/\/nfcbank.com\/fr\/retail-banking\/accounts-retail-banking\/savings-account\/halal-save\/","og_locale":"fr_FR","og_type":"article","og_title":"Halal Save","og_description":"Halal Save HALAL Save Normal NFC Bank offers a customized savings scheme for our valued customers. It provides banking opportunity in accordance with Muslim values. Advantages of the product Free internet and mobile banking subscription Free interoperable debit cards Free SMS alerts Unlimited withdrawals of funds at no charge Required Documents Valid identification Handwritten application &hellip; Halal Save Lire la suite\u00a0\u00bb","og_url":"https:\/\/nfcbank.com\/fr\/retail-banking\/accounts-retail-banking\/savings-account\/halal-save\/","og_site_name":"NFC Bank","article_modified_time":"2019-12-09T13:58:58+00:00","twitter_card":"summary_large_image","twitter_misc":{"Dur\u00e9e de lecture estim\u00e9e":"1 minute"},"schema":{"@context":"https:\/\/schema.org","@graph":[{"@type":"WebPage","@id":"https:\/\/nfcbank.com\/retail-banking\/accounts-retail-banking\/savings-account\/halal-save\/","url":"https:\/\/nfcbank.com\/retail-banking\/accounts-retail-banking\/savings-account\/halal-save\/","name":"Halal Save - NFC Bank","isPartOf":{"@id":"https:\/\/nfcbank.com\/fr\/#website"},"datePublished":"2019-11-15T09:31:59+00:00","dateModified":"2019-12-09T13:58:58+00:00","breadcrumb":{"@id":"https:\/\/nfcbank.com\/retail-banking\/accounts-retail-banking\/savings-account\/halal-save\/#breadcrumb"},"inLanguage":"fr-FR","potentialAction":[{"@type":"ReadAction","target":["https:\/\/nfcbank.com\/retail-banking\/accounts-retail-banking\/savings-account\/halal-save\/"]}]},{"@type":"BreadcrumbList","@id":"https:\/\/nfcbank.com\/retail-banking\/accounts-retail-banking\/savings-account\/halal-save\/#breadcrumb","itemListElement":[{"@type":"ListItem","position":1,"name":"Home","item":"https:\/\/nfcbank.com\/"},{"@type":"ListItem","position":2,"name":"Retail Banking","item":"https:\/\/nfcbank.com\/"},{"@type":"ListItem","position":3,"name":"Accounts | Retail Banking","item":"https:\/\/nfcbank.com\/retail-banking\/accounts-retail-banking\/"},{"@type":"ListItem","position":4,"name":"Savings Account","item":"https:\/\/nfcbank.com\/retail-banking\/accounts-retail-banking\/savings-account\/"},{"@type":"ListItem","position":5,"name":"Halal Save"}]},{"@type":"WebSite","@id":"https:\/\/nfcbank.com\/fr\/#website","url":"https:\/\/nfcbank.com\/fr\/","name":"NFC Bank","description":"We make life easy","publisher":{"@id":"https:\/\/nfcbank.com\/fr\/#organization"},"potentialAction":[{"@type":"SearchAction","target":{"@type":"EntryPoint","urlTemplate":"https:\/\/nfcbank.com\/fr\/?s={search_term_string}"},"query-input":"required name=search_term_string"}],"inLanguage":"fr-FR"},{"@type":"Organization","@id":"https:\/\/nfcbank.com\/fr\/#organization","name":"NFC Bank","url":"https:\/\/nfcbank.com\/fr\/","logo":{"@type":"ImageObject","inLanguage":"fr-FR","@id":"https:\/\/nfcbank.com\/fr\/#\/schema\/logo\/image\/","url":"https:\/\/nfcbank.com\/wp-content\/uploads\/2023\/07\/cropped-logo-NFC-Bank.png","contentUrl":"https:\/\/nfcbank.com\/wp-content\/uploads\/2023\/07\/cropped-logo-NFC-Bank.png","width":1686,"height":455,"caption":"NFC Bank"},"image":{"@id":"https:\/\/nfcbank.com\/fr\/#\/schema\/logo\/image\/"}}]}},"_links":{"self":[{"href":"https:\/\/nfcbank.com\/fr\/wp-json\/wp\/v2\/pages\/1260","targetHints":{"allow":["GET"]}}],"collection":[{"href":"https:\/\/nfcbank.com\/fr\/wp-json\/wp\/v2\/pages"}],"about":[{"href":"https:\/\/nfcbank.com\/fr\/wp-json\/wp\/v2\/types\/page"}],"author":[{"embeddable":true,"href":"https:\/\/nfcbank.com\/fr\/wp-json\/wp\/v2\/users\/2"}],"replies":[{"embeddable":true,"href":"https:\/\/nfcbank.com\/fr\/wp-json\/wp\/v2\/comments?post=1260"}],"version-history":[{"count":11,"href":"https:\/\/nfcbank.com\/fr\/wp-json\/wp\/v2\/pages\/1260\/revisions"}],"predecessor-version":[{"id":3051,"href":"https:\/\/nfcbank.com\/fr\/wp-json\/wp\/v2\/pages\/1260\/revisions\/3051"}],"up":[{"embeddable":true,"href":"https:\/\/nfcbank.com\/fr\/wp-json\/wp\/v2\/pages\/1078"}],"wp:attachment":[{"href":"https:\/\/nfcbank.com\/fr\/wp-json\/wp\/v2\/media?parent=1260"}],"curies":[{"name":"wp","href":"https:\/\/api.w.org\/{rel}","templated":true}]}}